{"id":16202,"date":"2022-12-04T08:30:56","date_gmt":"2022-12-04T07:30:56","guid":{"rendered":"https:\/\/www.ohis.be\/produit\/demag-dc-com-dc-pro-de\/"},"modified":"2023-01-01T00:00:09","modified_gmt":"2022-12-31T23:00:09","slug":"demag-dc-com-dc-pro-de","status":"publish","type":"product","link":"https:\/\/www.ohis.be\/de\/produit\/demag-dc-com-dc-pro-de\/","title":{"rendered":"Demag DC-Com &#038; DC-Pro"},"content":{"rendered":"<p>Une petite s\u00e9lection de palans \u00e0 cha\u00eene en stock.<br \/>\nVous souhaitez \u00e9quiper l&#8217;un de ces palans d&#8217;un chariot ou d&#8217;un chariot motoris\u00e9 ? N&#8217;h\u00e9sitez pas \u00e0 nous demander un devis !<\/p>\n<p>Eine kleine Auswahl an Lagerhebezeugen.<br \/>\nM\u00f6chten Sie einen dieser Hebez\u00fcge mit einer Laufkatze oder einem Elektrofahrwerk ausstatten? Fragen Sie uns nach einem Angebot!<\/p>\n<p>Technische Daten:<br \/>\nVersorgungsspannung: 3x 380 &#8211; 415V \/ 50Hz<br \/>\nSteuerspannung: 24 VAC<br \/>\nBedienung \u00fcber Tasterbox Demag DSC<br \/>\nDas Steuerkabel ist in der L\u00e4nge verstellbar<\/p>\n<p>Verschiedene Varianten:<\/p>\n<p>&nbsp;<\/p>\n<table>\n<tbody>\n<tr>\n<td width=\"217\">Typ<\/td>\n<td width=\"76\">Traglast<\/td>\n<td width=\"132\">Hakenweg<\/td>\n<td width=\"123\">Hubgeschwindigkeit<\/td>\n<td width=\"56\">FEM<\/td>\n<\/tr>\n<tr>\n<td width=\"217\">DC-ComA 1-125 1\/1 H4 V8\/2 380-415\/50<\/td>\n<td width=\"76\">125 kg<\/td>\n<td width=\"132\">4 m<\/td>\n<td width=\"123\">8 &amp; 2 m\/min<\/td>\n<td width=\"56\">2m<\/td>\n<\/tr>\n<tr>\n<td width=\"217\">DC-ComA 2-250 1\/1 H4 V6\/1.5 380-415\/50<\/td>\n<td width=\"76\">250 kg<\/td>\n<td width=\"132\">4 m<\/td>\n<td width=\"123\">6 &amp; 1,5 m\/min<\/td>\n<td width=\"56\">2m<\/td>\n<\/tr>\n<tr>\n<td width=\"217\">DC-Pro 2-250 1\/1 H5 V8\/2 380-415\/50<\/td>\n<td width=\"76\">250 kg<\/td>\n<td width=\"132\">5 m<\/td>\n<td width=\"123\">8 &amp; 2 m\/min<\/td>\n<td width=\"56\">2m+<\/td>\n<\/tr>\n<tr>\n<td width=\"217\">DC-ComA 5-500 1\/1 H4 V4.5\/1.1 380-415\/50<\/td>\n<td width=\"76\">1000 kg<\/td>\n<td width=\"132\">4 m<\/td>\n<td width=\"123\">4,5 &amp; 1,1 m\/min<\/td>\n<td width=\"56\">2m<\/td>\n<\/tr>\n<\/tbody>\n<\/table>\n","protected":false},"excerpt":{"rendered":"<p>Une petite s\u00e9lection de palans \u00e0 cha\u00eene en stock.<br \/>\nVous souhaitez \u00e9quiper l&#8217;un de ces palans d&#8217;un chariot ou d&#8217;un chariot motoris\u00e9 ? N&#8217;h\u00e9sitez pas \u00e0 nous demander un devis !<\/p>\n<p>Eine kleine Auswahl an Lagerhebezeugen.<br \/>\nM\u00f6chten Sie einen dieser Hebez\u00fcge mit einer Laufkatze oder einem Elektrofahrwerk ausstatten? Fragen Sie uns nach einem Angebot!<\/p>\n<p>Technische Daten:<br \/>\nVersorgungsspannung: 3x 380 &#8211; 415V \/ 50Hz<br \/>\nSteuerspannung: 24 VAC<br \/>\nBedienung \u00fcber Tasterbox Demag DSC<br \/>\nDas Steuerkabel ist in der L\u00e4nge verstellbar<\/p>\n<p>Verschiedene Varianten:<\/p>\n<p>&nbsp;<\/p>\n<table>\n<tbody>\n<tr>\n<td width=\"217\">Typ<\/td>\n<td width=\"76\">Traglast<\/td>\n<td width=\"132\">Hakenweg<\/td>\n<td width=\"123\">Hubgeschwindigkeit<\/td>\n<td width=\"56\">FEM<\/td>\n<\/tr>\n<tr>\n<td width=\"217\">DC-ComA 1-125 1\/1 H4 V8\/2 380-415\/50<\/td>\n<td width=\"76\">125 kg<\/td>\n<td width=\"132\">4 m<\/td>\n<td width=\"123\">8 &amp; 2 m\/min<\/td>\n<td width=\"56\">2m<\/td>\n<\/tr>\n<tr>\n<td width=\"217\">DC-ComA 2-250 1\/1 H4 V6\/1.5 380-415\/50<\/td>\n<td width=\"76\">250 kg<\/td>\n<td width=\"132\">4 m<\/td>\n<td width=\"123\">6 &amp; 1,5 m\/min<\/td>\n<td width=\"56\">2m<\/td>\n<\/tr>\n<tr>\n<td width=\"217\">DC-Pro 2-250 1\/1 H5 V8\/2 380-415\/50<\/td>\n<td width=\"76\">250 kg<\/td>\n<td width=\"132\">5 m<\/td>\n<td width=\"123\">8 &amp; 2 m\/min<\/td>\n<td width=\"56\">2m+<\/td>\n<\/tr>\n<tr>\n<td width=\"217\">DC-ComA 5-500 1\/1 H4 V4.5\/1.1 380-415\/50<\/td>\n<td width=\"76\">1000 kg<\/td>\n<td width=\"132\">4 m<\/td>\n<td width=\"123\">4,5 &amp; 1,1 m\/min<\/td>\n<td width=\"56\">2m<\/td>\n<\/tr>\n<\/tbody>\n<\/table>\n","protected":false},"featured_media":16188,"template":"","meta":{"_acf_changed":false,"inline_featured_image":false},"product_brand":[],"product_cat":[697],"product_tag":[903,902,271],"class_list":{"0":"post-16202","1":"product","2":"type-product","3":"status-publish","4":"has-post-thumbnail","6":"product_cat-kettenzug","7":"product_tag-dc-com-de","8":"product_tag-dc-pro-de","9":"product_tag-demag-de","10":"yith_product_brand-demag-de","12":"first","13":"instock","14":"taxable","15":"shipping-taxable","16":"purchasable","17":"product-type-variable","18":"has-default-attributes"},"acf":[],"yoast_head":"<!-- This site is optimized with the Yoast SEO plugin v27.5 - https:\/\/yoast.com\/product\/yoast-seo-wordpress\/ -->\n<title>Demag DC-Com &amp; DC-Pro - Ohis<\/title>\n<meta name=\"robots\" content=\"index, follow, max-snippet:-1, max-image-preview:large, max-video-preview:-1\" \/>\n<link rel=\"canonical\" href=\"https:\/\/www.ohis.be\/de\/produit\/demag-dc-com-dc-pro-de\/\" \/>\n<meta property=\"og:locale\" content=\"de_DE\" \/>\n<meta property=\"og:type\" content=\"article\" \/>\n<meta property=\"og:title\" content=\"Demag DC-Com &amp; DC-Pro - Ohis\" \/>\n<meta property=\"og:description\" content=\"Une petite s\u00e9lection de palans \u00e0 cha\u00eene en stock. Vous souhaitez \u00e9quiper l&#039;un de ces palans d&#039;un chariot ou d&#039;un chariot motoris\u00e9 ? N&#039;h\u00e9sitez pas \u00e0 nous demander un devis !  Eine kleine Auswahl an Lagerhebezeugen. M\u00f6chten Sie einen dieser Hebez\u00fcge mit einer Laufkatze oder einem Elektrofahrwerk ausstatten? Fragen Sie uns nach einem Angebot!  Technische Daten: Versorgungsspannung: 3x 380 - 415V \/ 50Hz Steuerspannung: 24 VAC Bedienung \u00fcber Tasterbox Demag DSC Das Steuerkabel ist in der L\u00e4nge verstellbar  Verschiedene Varianten:  &nbsp;    Typ Traglast Hakenweg Hubgeschwindigkeit FEM   DC-ComA 1-125 1\/1 H4 V8\/2 380-415\/50 125 kg 4 m 8 &amp; 2 m\/min 2m   DC-ComA 2-250 1\/1 H4 V6\/1.5 380-415\/50 250 kg 4 m 6 &amp; 1,5 m\/min 2m   DC-Pro 2-250 1\/1 H5 V8\/2 380-415\/50 250 kg 5 m 8 &amp; 2 m\/min 2m+   DC-ComA 5-500 1\/1 H4 V4.5\/1.1 380-415\/50 1000 kg 4 m 4,5 &amp; 1,1 m\/min 2m\" \/>\n<meta property=\"og:url\" content=\"https:\/\/www.ohis.be\/de\/produit\/demag-dc-com-dc-pro-de\/\" \/>\n<meta property=\"og:site_name\" content=\"Ohis\" \/>\n<meta property=\"article:modified_time\" content=\"2022-12-31T23:00:09+00:00\" \/>\n<meta property=\"og:image\" content=\"https:\/\/www.ohis.be\/wp-content\/uploads\/2022\/12\/Demag-DC-Pro.jpg\" \/>\n\t<meta property=\"og:image:width\" content=\"800\" \/>\n\t<meta property=\"og:image:height\" content=\"800\" \/>\n\t<meta property=\"og:image:type\" content=\"image\/jpeg\" \/>\n<meta name=\"twitter:card\" content=\"summary_large_image\" \/>\n<meta name=\"twitter:label1\" content=\"Gesch\u00e4tzte Lesezeit\" \/>\n\t<meta name=\"twitter:data1\" content=\"1\u00a0Minute\" \/>\n<script type=\"application\/ld+json\" class=\"yoast-schema-graph\">{\"@context\":\"https:\\\/\\\/schema.org\",\"@graph\":[{\"@type\":\"WebPage\",\"@id\":\"https:\\\/\\\/www.ohis.be\\\/de\\\/produit\\\/demag-dc-com-dc-pro-de\\\/\",\"url\":\"https:\\\/\\\/www.ohis.be\\\/de\\\/produit\\\/demag-dc-com-dc-pro-de\\\/\",\"name\":\"Demag DC-Com & DC-Pro - Ohis\",\"isPartOf\":{\"@id\":\"https:\\\/\\\/www.ohis.be\\\/de\\\/#website\"},\"primaryImageOfPage\":{\"@id\":\"https:\\\/\\\/www.ohis.be\\\/de\\\/produit\\\/demag-dc-com-dc-pro-de\\\/#primaryimage\"},\"image\":{\"@id\":\"https:\\\/\\\/www.ohis.be\\\/de\\\/produit\\\/demag-dc-com-dc-pro-de\\\/#primaryimage\"},\"thumbnailUrl\":\"https:\\\/\\\/www.ohis.be\\\/wp-content\\\/uploads\\\/2022\\\/12\\\/Demag-DC-Pro.jpg\",\"datePublished\":\"2022-12-04T07:30:56+00:00\",\"dateModified\":\"2022-12-31T23:00:09+00:00\",\"breadcrumb\":{\"@id\":\"https:\\\/\\\/www.ohis.be\\\/de\\\/produit\\\/demag-dc-com-dc-pro-de\\\/#breadcrumb\"},\"inLanguage\":\"de\",\"potentialAction\":[{\"@type\":\"ReadAction\",\"target\":[\"https:\\\/\\\/www.ohis.be\\\/de\\\/produit\\\/demag-dc-com-dc-pro-de\\\/\"]}]},{\"@type\":\"ImageObject\",\"inLanguage\":\"de\",\"@id\":\"https:\\\/\\\/www.ohis.be\\\/de\\\/produit\\\/demag-dc-com-dc-pro-de\\\/#primaryimage\",\"url\":\"https:\\\/\\\/www.ohis.be\\\/wp-content\\\/uploads\\\/2022\\\/12\\\/Demag-DC-Pro.jpg\",\"contentUrl\":\"https:\\\/\\\/www.ohis.be\\\/wp-content\\\/uploads\\\/2022\\\/12\\\/Demag-DC-Pro.jpg\",\"width\":800,\"height\":800,\"caption\":\"Demag DC-Pro et DC-Com Kettenzug\"},{\"@type\":\"BreadcrumbList\",\"@id\":\"https:\\\/\\\/www.ohis.be\\\/de\\\/produit\\\/demag-dc-com-dc-pro-de\\\/#breadcrumb\",\"itemListElement\":[{\"@type\":\"ListItem\",\"position\":1,\"name\":\"Accueil\",\"item\":\"https:\\\/\\\/www.ohis.be\\\/de\\\/\"},{\"@type\":\"ListItem\",\"position\":2,\"name\":\"Produkte\",\"item\":\"https:\\\/\\\/www.ohis.be\\\/de\\\/produkte\\\/\"},{\"@type\":\"ListItem\",\"position\":3,\"name\":\"Demag DC-Com &#038; DC-Pro\"}]},{\"@type\":\"WebSite\",\"@id\":\"https:\\\/\\\/www.ohis.be\\\/de\\\/#website\",\"url\":\"https:\\\/\\\/www.ohis.be\\\/de\\\/\",\"name\":\"Ohis\",\"description\":\"Outils de levage\",\"publisher\":{\"@id\":\"https:\\\/\\\/www.ohis.be\\\/de\\\/#organization\"},\"potentialAction\":[{\"@type\":\"SearchAction\",\"target\":{\"@type\":\"EntryPoint\",\"urlTemplate\":\"https:\\\/\\\/www.ohis.be\\\/de\\\/?s={search_term_string}\"},\"query-input\":{\"@type\":\"PropertyValueSpecification\",\"valueRequired\":true,\"valueName\":\"search_term_string\"}}],\"inLanguage\":\"de\"},{\"@type\":\"Organization\",\"@id\":\"https:\\\/\\\/www.ohis.be\\\/de\\\/#organization\",\"name\":\"Ohis\",\"url\":\"https:\\\/\\\/www.ohis.be\\\/de\\\/\",\"logo\":{\"@type\":\"ImageObject\",\"inLanguage\":\"de\",\"@id\":\"https:\\\/\\\/www.ohis.be\\\/de\\\/#\\\/schema\\\/logo\\\/image\\\/\",\"url\":\"https:\\\/\\\/www.ohis.be\\\/wp-content\\\/uploads\\\/2021\\\/02\\\/logo-ohis-wit.svg\",\"contentUrl\":\"https:\\\/\\\/www.ohis.be\\\/wp-content\\\/uploads\\\/2021\\\/02\\\/logo-ohis-wit.svg\",\"caption\":\"Ohis\"},\"image\":{\"@id\":\"https:\\\/\\\/www.ohis.be\\\/de\\\/#\\\/schema\\\/logo\\\/image\\\/\"}}]}<\/script>\n<!-- \/ Yoast SEO plugin. -->","yoast_head_json":{"title":"Demag DC-Com & DC-Pro - Ohis","robots":{"index":"index","follow":"follow","max-snippet":"max-snippet:-1","max-image-preview":"max-image-preview:large","max-video-preview":"max-video-preview:-1"},"canonical":"https:\/\/www.ohis.be\/de\/produit\/demag-dc-com-dc-pro-de\/","og_locale":"de_DE","og_type":"article","og_title":"Demag DC-Com & DC-Pro - Ohis","og_description":"Une petite s\u00e9lection de palans \u00e0 cha\u00eene en stock. Vous souhaitez \u00e9quiper l'un de ces palans d'un chariot ou d'un chariot motoris\u00e9 ? N'h\u00e9sitez pas \u00e0 nous demander un devis !  Eine kleine Auswahl an Lagerhebezeugen. M\u00f6chten Sie einen dieser Hebez\u00fcge mit einer Laufkatze oder einem Elektrofahrwerk ausstatten? Fragen Sie uns nach einem Angebot!  Technische Daten: Versorgungsspannung: 3x 380 - 415V \/ 50Hz Steuerspannung: 24 VAC Bedienung \u00fcber Tasterbox Demag DSC Das Steuerkabel ist in der L\u00e4nge verstellbar  Verschiedene Varianten:  &nbsp;    Typ Traglast Hakenweg Hubgeschwindigkeit FEM   DC-ComA 1-125 1\/1 H4 V8\/2 380-415\/50 125 kg 4 m 8 &amp; 2 m\/min 2m   DC-ComA 2-250 1\/1 H4 V6\/1.5 380-415\/50 250 kg 4 m 6 &amp; 1,5 m\/min 2m   DC-Pro 2-250 1\/1 H5 V8\/2 380-415\/50 250 kg 5 m 8 &amp; 2 m\/min 2m+   DC-ComA 5-500 1\/1 H4 V4.5\/1.1 380-415\/50 1000 kg 4 m 4,5 &amp; 1,1 m\/min 2m","og_url":"https:\/\/www.ohis.be\/de\/produit\/demag-dc-com-dc-pro-de\/","og_site_name":"Ohis","article_modified_time":"2022-12-31T23:00:09+00:00","og_image":[{"width":800,"height":800,"url":"https:\/\/www.ohis.be\/wp-content\/uploads\/2022\/12\/Demag-DC-Pro.jpg","type":"image\/jpeg"}],"twitter_card":"summary_large_image","twitter_misc":{"Gesch\u00e4tzte Lesezeit":"1\u00a0Minute"},"schema":{"@context":"https:\/\/schema.org","@graph":[{"@type":"WebPage","@id":"https:\/\/www.ohis.be\/de\/produit\/demag-dc-com-dc-pro-de\/","url":"https:\/\/www.ohis.be\/de\/produit\/demag-dc-com-dc-pro-de\/","name":"Demag DC-Com & DC-Pro - Ohis","isPartOf":{"@id":"https:\/\/www.ohis.be\/de\/#website"},"primaryImageOfPage":{"@id":"https:\/\/www.ohis.be\/de\/produit\/demag-dc-com-dc-pro-de\/#primaryimage"},"image":{"@id":"https:\/\/www.ohis.be\/de\/produit\/demag-dc-com-dc-pro-de\/#primaryimage"},"thumbnailUrl":"https:\/\/www.ohis.be\/wp-content\/uploads\/2022\/12\/Demag-DC-Pro.jpg","datePublished":"2022-12-04T07:30:56+00:00","dateModified":"2022-12-31T23:00:09+00:00","breadcrumb":{"@id":"https:\/\/www.ohis.be\/de\/produit\/demag-dc-com-dc-pro-de\/#breadcrumb"},"inLanguage":"de","potentialAction":[{"@type":"ReadAction","target":["https:\/\/www.ohis.be\/de\/produit\/demag-dc-com-dc-pro-de\/"]}]},{"@type":"ImageObject","inLanguage":"de","@id":"https:\/\/www.ohis.be\/de\/produit\/demag-dc-com-dc-pro-de\/#primaryimage","url":"https:\/\/www.ohis.be\/wp-content\/uploads\/2022\/12\/Demag-DC-Pro.jpg","contentUrl":"https:\/\/www.ohis.be\/wp-content\/uploads\/2022\/12\/Demag-DC-Pro.jpg","width":800,"height":800,"caption":"Demag DC-Pro et DC-Com Kettenzug"},{"@type":"BreadcrumbList","@id":"https:\/\/www.ohis.be\/de\/produit\/demag-dc-com-dc-pro-de\/#breadcrumb","itemListElement":[{"@type":"ListItem","position":1,"name":"Accueil","item":"https:\/\/www.ohis.be\/de\/"},{"@type":"ListItem","position":2,"name":"Produkte","item":"https:\/\/www.ohis.be\/de\/produkte\/"},{"@type":"ListItem","position":3,"name":"Demag DC-Com &#038; DC-Pro"}]},{"@type":"WebSite","@id":"https:\/\/www.ohis.be\/de\/#website","url":"https:\/\/www.ohis.be\/de\/","name":"Ohis","description":"Outils de levage","publisher":{"@id":"https:\/\/www.ohis.be\/de\/#organization"},"potentialAction":[{"@type":"SearchAction","target":{"@type":"EntryPoint","urlTemplate":"https:\/\/www.ohis.be\/de\/?s={search_term_string}"},"query-input":{"@type":"PropertyValueSpecification","valueRequired":true,"valueName":"search_term_string"}}],"inLanguage":"de"},{"@type":"Organization","@id":"https:\/\/www.ohis.be\/de\/#organization","name":"Ohis","url":"https:\/\/www.ohis.be\/de\/","logo":{"@type":"ImageObject","inLanguage":"de","@id":"https:\/\/www.ohis.be\/de\/#\/schema\/logo\/image\/","url":"https:\/\/www.ohis.be\/wp-content\/uploads\/2021\/02\/logo-ohis-wit.svg","contentUrl":"https:\/\/www.ohis.be\/wp-content\/uploads\/2021\/02\/logo-ohis-wit.svg","caption":"Ohis"},"image":{"@id":"https:\/\/www.ohis.be\/de\/#\/schema\/logo\/image\/"}}]}},"_links":{"self":[{"href":"https:\/\/www.ohis.be\/de\/wp-json\/wp\/v2\/product\/16202","targetHints":{"allow":["GET"]}}],"collection":[{"href":"https:\/\/www.ohis.be\/de\/wp-json\/wp\/v2\/product"}],"about":[{"href":"https:\/\/www.ohis.be\/de\/wp-json\/wp\/v2\/types\/product"}],"wp:featuredmedia":[{"embeddable":true,"href":"https:\/\/www.ohis.be\/de\/wp-json\/wp\/v2\/media\/16188"}],"wp:attachment":[{"href":"https:\/\/www.ohis.be\/de\/wp-json\/wp\/v2\/media?parent=16202"}],"wp:term":[{"taxonomy":"product_brand","embeddable":true,"href":"https:\/\/www.ohis.be\/de\/wp-json\/wp\/v2\/product_brand?post=16202"},{"taxonomy":"product_cat","embeddable":true,"href":"https:\/\/www.ohis.be\/de\/wp-json\/wp\/v2\/product_cat?post=16202"},{"taxonomy":"product_tag","embeddable":true,"href":"https:\/\/www.ohis.be\/de\/wp-json\/wp\/v2\/product_tag?post=16202"}],"curies":[{"name":"wp","href":"https:\/\/api.w.org\/{rel}","templated":true}]}}