{"id":15394,"date":"2022-11-01T08:34:53","date_gmt":"2022-11-01T07:34:53","guid":{"rendered":"https:\/\/www.ohis.be\/produit\/mini-sounder-dauer-puls-24vac-dc-gy\/"},"modified":"2022-11-17T14:54:12","modified_gmt":"2022-11-17T13:54:12","slug":"werma-mini-winkel-kabelverschraubung-gy","status":"publish","type":"product","link":"https:\/\/www.ohis.be\/de\/produit\/werma-mini-winkel-kabelverschraubung-gy\/","title":{"rendered":"Werma Mini Winkel Kabelverschraubung GY"},"content":{"rendered":"<p>Winkel f\u00fcr die Wandmontage (Kabelverschraubung)<br \/>\nZubeh\u00f6r zur EvoSIGNAL-Serie (MINI)<br \/>\nArt.Nr.: 260.700.06<br \/>\nBefestigung: Wandmontage<br \/>\nDurchmesser: 62 mm<br \/>\nBreite in mm: 62 mm<br \/>\nH\u00f6he in mm: 51 mm<br \/>\nTiefe in mm: 67 mm<br \/>\nSchutzart: IP66<\/p>\n","protected":false},"excerpt":{"rendered":"<p>Winkel f\u00fcr die Wandmontage (Kabelverschraubung)<br \/>\nZubeh\u00f6r zur EvoSIGNAL-Serie (MINI)<br \/>\nArt.Nr.: 260.700.06<br \/>\nBefestigung: Wandmontage<br \/>\nDurchmesser: 62 mm<br \/>\nBreite in mm: 62 mm<br \/>\nH\u00f6he in mm: 51 mm<br \/>\nTiefe in mm: 67 mm<br \/>\nSchutzart: IP66<\/p>\n","protected":false},"featured_media":15386,"template":"","meta":{"_acf_changed":false,"inline_featured_image":false},"product_brand":[],"product_cat":[134],"product_tag":[761],"class_list":{"0":"post-15394","1":"product","2":"type-product","3":"status-publish","4":"has-post-thumbnail","6":"product_cat-teile-und-zubehoer-rc","7":"product_tag-werma-de","9":"first","10":"instock","11":"taxable","12":"shipping-taxable","13":"purchasable","14":"product-type-simple"},"acf":[],"yoast_head":"<!-- This site is optimized with the Yoast SEO plugin v27.3 - https:\/\/yoast.com\/product\/yoast-seo-wordpress\/ -->\n<title>Werma Mini Winkel Kabelverschraubung GY - Ohis<\/title>\n<meta name=\"robots\" content=\"index, follow, max-snippet:-1, max-image-preview:large, max-video-preview:-1\" \/>\n<link rel=\"canonical\" href=\"https:\/\/www.ohis.be\/de\/produit\/werma-mini-winkel-kabelverschraubung-gy\/\" \/>\n<meta property=\"og:locale\" content=\"de_DE\" \/>\n<meta property=\"og:type\" content=\"article\" \/>\n<meta property=\"og:title\" content=\"Werma Mini Winkel Kabelverschraubung GY - Ohis\" \/>\n<meta property=\"og:description\" content=\"Winkel f\u00fcr die Wandmontage (Kabelverschraubung) Zubeh\u00f6r zur EvoSIGNAL-Serie (MINI) Art.Nr.: 260.700.06 Befestigung: Wandmontage Durchmesser: 62 mm Breite in mm: 62 mm H\u00f6he in mm: 51 mm Tiefe in mm: 67 mm Schutzart: IP66\" \/>\n<meta property=\"og:url\" content=\"https:\/\/www.ohis.be\/de\/produit\/werma-mini-winkel-kabelverschraubung-gy\/\" \/>\n<meta property=\"og:site_name\" content=\"Ohis\" \/>\n<meta property=\"article:modified_time\" content=\"2022-11-17T13:54:12+00:00\" \/>\n<meta property=\"og:image\" content=\"https:\/\/www.ohis.be\/wp-content\/uploads\/2022\/11\/g_WER260.700.06.jpg\" \/>\n\t<meta property=\"og:image:width\" content=\"500\" \/>\n\t<meta property=\"og:image:height\" content=\"375\" \/>\n\t<meta property=\"og:image:type\" content=\"image\/jpeg\" \/>\n<meta name=\"twitter:card\" content=\"summary_large_image\" \/>\n<script type=\"application\/ld+json\" class=\"yoast-schema-graph\">{\"@context\":\"https:\\\/\\\/schema.org\",\"@graph\":[{\"@type\":\"WebPage\",\"@id\":\"https:\\\/\\\/www.ohis.be\\\/de\\\/produit\\\/werma-mini-winkel-kabelverschraubung-gy\\\/\",\"url\":\"https:\\\/\\\/www.ohis.be\\\/de\\\/produit\\\/werma-mini-winkel-kabelverschraubung-gy\\\/\",\"name\":\"Werma Mini Winkel Kabelverschraubung GY - Ohis\",\"isPartOf\":{\"@id\":\"https:\\\/\\\/www.ohis.be\\\/#website\"},\"primaryImageOfPage\":{\"@id\":\"https:\\\/\\\/www.ohis.be\\\/de\\\/produit\\\/werma-mini-winkel-kabelverschraubung-gy\\\/#primaryimage\"},\"image\":{\"@id\":\"https:\\\/\\\/www.ohis.be\\\/de\\\/produit\\\/werma-mini-winkel-kabelverschraubung-gy\\\/#primaryimage\"},\"thumbnailUrl\":\"https:\\\/\\\/www.ohis.be\\\/wp-content\\\/uploads\\\/2022\\\/11\\\/g_WER260.700.06.jpg\",\"datePublished\":\"2022-11-01T07:34:53+00:00\",\"dateModified\":\"2022-11-17T13:54:12+00:00\",\"breadcrumb\":{\"@id\":\"https:\\\/\\\/www.ohis.be\\\/de\\\/produit\\\/werma-mini-winkel-kabelverschraubung-gy\\\/#breadcrumb\"},\"inLanguage\":\"de\",\"potentialAction\":[{\"@type\":\"ReadAction\",\"target\":[\"https:\\\/\\\/www.ohis.be\\\/de\\\/produit\\\/werma-mini-winkel-kabelverschraubung-gy\\\/\"]}]},{\"@type\":\"ImageObject\",\"inLanguage\":\"de\",\"@id\":\"https:\\\/\\\/www.ohis.be\\\/de\\\/produit\\\/werma-mini-winkel-kabelverschraubung-gy\\\/#primaryimage\",\"url\":\"https:\\\/\\\/www.ohis.be\\\/wp-content\\\/uploads\\\/2022\\\/11\\\/g_WER260.700.06.jpg\",\"contentUrl\":\"https:\\\/\\\/www.ohis.be\\\/wp-content\\\/uploads\\\/2022\\\/11\\\/g_WER260.700.06.jpg\",\"width\":500,\"height\":375},{\"@type\":\"BreadcrumbList\",\"@id\":\"https:\\\/\\\/www.ohis.be\\\/de\\\/produit\\\/werma-mini-winkel-kabelverschraubung-gy\\\/#breadcrumb\",\"itemListElement\":[{\"@type\":\"ListItem\",\"position\":1,\"name\":\"Accueil\",\"item\":\"https:\\\/\\\/www.ohis.be\\\/de\\\/\"},{\"@type\":\"ListItem\",\"position\":2,\"name\":\"Produkte\",\"item\":\"https:\\\/\\\/www.ohis.be\\\/de\\\/produkte\\\/\"},{\"@type\":\"ListItem\",\"position\":3,\"name\":\"Werma Mini Winkel Kabelverschraubung GY\"}]},{\"@type\":\"WebSite\",\"@id\":\"https:\\\/\\\/www.ohis.be\\\/#website\",\"url\":\"https:\\\/\\\/www.ohis.be\\\/\",\"name\":\"Ohis\",\"description\":\"Outils de levage\",\"publisher\":{\"@id\":\"https:\\\/\\\/www.ohis.be\\\/#organization\"},\"potentialAction\":[{\"@type\":\"SearchAction\",\"target\":{\"@type\":\"EntryPoint\",\"urlTemplate\":\"https:\\\/\\\/www.ohis.be\\\/?s={search_term_string}\"},\"query-input\":{\"@type\":\"PropertyValueSpecification\",\"valueRequired\":true,\"valueName\":\"search_term_string\"}}],\"inLanguage\":\"de\"},{\"@type\":\"Organization\",\"@id\":\"https:\\\/\\\/www.ohis.be\\\/#organization\",\"name\":\"Ohis\",\"url\":\"https:\\\/\\\/www.ohis.be\\\/\",\"logo\":{\"@type\":\"ImageObject\",\"inLanguage\":\"de\",\"@id\":\"https:\\\/\\\/www.ohis.be\\\/#\\\/schema\\\/logo\\\/image\\\/\",\"url\":\"https:\\\/\\\/www.ohis.be\\\/wp-content\\\/uploads\\\/2021\\\/02\\\/logo-ohis-wit.svg\",\"contentUrl\":\"https:\\\/\\\/www.ohis.be\\\/wp-content\\\/uploads\\\/2021\\\/02\\\/logo-ohis-wit.svg\",\"width\":169,\"height\":39,\"caption\":\"Ohis\"},\"image\":{\"@id\":\"https:\\\/\\\/www.ohis.be\\\/#\\\/schema\\\/logo\\\/image\\\/\"}}]}<\/script>\n<!-- \/ Yoast SEO plugin. -->","yoast_head_json":{"title":"Werma Mini Winkel Kabelverschraubung GY - Ohis","robots":{"index":"index","follow":"follow","max-snippet":"max-snippet:-1","max-image-preview":"max-image-preview:large","max-video-preview":"max-video-preview:-1"},"canonical":"https:\/\/www.ohis.be\/de\/produit\/werma-mini-winkel-kabelverschraubung-gy\/","og_locale":"de_DE","og_type":"article","og_title":"Werma Mini Winkel Kabelverschraubung GY - Ohis","og_description":"Winkel f\u00fcr die Wandmontage (Kabelverschraubung) Zubeh\u00f6r zur EvoSIGNAL-Serie (MINI) Art.Nr.: 260.700.06 Befestigung: Wandmontage Durchmesser: 62 mm Breite in mm: 62 mm H\u00f6he in mm: 51 mm Tiefe in mm: 67 mm Schutzart: IP66","og_url":"https:\/\/www.ohis.be\/de\/produit\/werma-mini-winkel-kabelverschraubung-gy\/","og_site_name":"Ohis","article_modified_time":"2022-11-17T13:54:12+00:00","og_image":[{"width":500,"height":375,"url":"https:\/\/www.ohis.be\/wp-content\/uploads\/2022\/11\/g_WER260.700.06.jpg","type":"image\/jpeg"}],"twitter_card":"summary_large_image","schema":{"@context":"https:\/\/schema.org","@graph":[{"@type":"WebPage","@id":"https:\/\/www.ohis.be\/de\/produit\/werma-mini-winkel-kabelverschraubung-gy\/","url":"https:\/\/www.ohis.be\/de\/produit\/werma-mini-winkel-kabelverschraubung-gy\/","name":"Werma Mini Winkel Kabelverschraubung GY - Ohis","isPartOf":{"@id":"https:\/\/www.ohis.be\/#website"},"primaryImageOfPage":{"@id":"https:\/\/www.ohis.be\/de\/produit\/werma-mini-winkel-kabelverschraubung-gy\/#primaryimage"},"image":{"@id":"https:\/\/www.ohis.be\/de\/produit\/werma-mini-winkel-kabelverschraubung-gy\/#primaryimage"},"thumbnailUrl":"https:\/\/www.ohis.be\/wp-content\/uploads\/2022\/11\/g_WER260.700.06.jpg","datePublished":"2022-11-01T07:34:53+00:00","dateModified":"2022-11-17T13:54:12+00:00","breadcrumb":{"@id":"https:\/\/www.ohis.be\/de\/produit\/werma-mini-winkel-kabelverschraubung-gy\/#breadcrumb"},"inLanguage":"de","potentialAction":[{"@type":"ReadAction","target":["https:\/\/www.ohis.be\/de\/produit\/werma-mini-winkel-kabelverschraubung-gy\/"]}]},{"@type":"ImageObject","inLanguage":"de","@id":"https:\/\/www.ohis.be\/de\/produit\/werma-mini-winkel-kabelverschraubung-gy\/#primaryimage","url":"https:\/\/www.ohis.be\/wp-content\/uploads\/2022\/11\/g_WER260.700.06.jpg","contentUrl":"https:\/\/www.ohis.be\/wp-content\/uploads\/2022\/11\/g_WER260.700.06.jpg","width":500,"height":375},{"@type":"BreadcrumbList","@id":"https:\/\/www.ohis.be\/de\/produit\/werma-mini-winkel-kabelverschraubung-gy\/#breadcrumb","itemListElement":[{"@type":"ListItem","position":1,"name":"Accueil","item":"https:\/\/www.ohis.be\/de\/"},{"@type":"ListItem","position":2,"name":"Produkte","item":"https:\/\/www.ohis.be\/de\/produkte\/"},{"@type":"ListItem","position":3,"name":"Werma Mini Winkel Kabelverschraubung GY"}]},{"@type":"WebSite","@id":"https:\/\/www.ohis.be\/#website","url":"https:\/\/www.ohis.be\/","name":"Ohis","description":"Outils de levage","publisher":{"@id":"https:\/\/www.ohis.be\/#organization"},"potentialAction":[{"@type":"SearchAction","target":{"@type":"EntryPoint","urlTemplate":"https:\/\/www.ohis.be\/?s={search_term_string}"},"query-input":{"@type":"PropertyValueSpecification","valueRequired":true,"valueName":"search_term_string"}}],"inLanguage":"de"},{"@type":"Organization","@id":"https:\/\/www.ohis.be\/#organization","name":"Ohis","url":"https:\/\/www.ohis.be\/","logo":{"@type":"ImageObject","inLanguage":"de","@id":"https:\/\/www.ohis.be\/#\/schema\/logo\/image\/","url":"https:\/\/www.ohis.be\/wp-content\/uploads\/2021\/02\/logo-ohis-wit.svg","contentUrl":"https:\/\/www.ohis.be\/wp-content\/uploads\/2021\/02\/logo-ohis-wit.svg","width":169,"height":39,"caption":"Ohis"},"image":{"@id":"https:\/\/www.ohis.be\/#\/schema\/logo\/image\/"}}]}},"_links":{"self":[{"href":"https:\/\/www.ohis.be\/de\/wp-json\/wp\/v2\/product\/15394","targetHints":{"allow":["GET"]}}],"collection":[{"href":"https:\/\/www.ohis.be\/de\/wp-json\/wp\/v2\/product"}],"about":[{"href":"https:\/\/www.ohis.be\/de\/wp-json\/wp\/v2\/types\/product"}],"wp:featuredmedia":[{"embeddable":true,"href":"https:\/\/www.ohis.be\/de\/wp-json\/wp\/v2\/media\/15386"}],"wp:attachment":[{"href":"https:\/\/www.ohis.be\/de\/wp-json\/wp\/v2\/media?parent=15394"}],"wp:term":[{"taxonomy":"product_brand","embeddable":true,"href":"https:\/\/www.ohis.be\/de\/wp-json\/wp\/v2\/product_brand?post=15394"},{"taxonomy":"product_cat","embeddable":true,"href":"https:\/\/www.ohis.be\/de\/wp-json\/wp\/v2\/product_cat?post=15394"},{"taxonomy":"product_tag","embeddable":true,"href":"https:\/\/www.ohis.be\/de\/wp-json\/wp\/v2\/product_tag?post=15394"}],"curies":[{"name":"wp","href":"https:\/\/api.w.org\/{rel}","templated":true}]}}