{"id":13118,"date":"2022-03-14T16:03:02","date_gmt":"2022-03-14T15:03:02","guid":{"rendered":"https:\/\/www.ohis.be\/produit\/alfra-tml-500\/"},"modified":"2022-03-14T16:03:02","modified_gmt":"2022-03-14T15:03:02","slug":"alfra-tml-500","status":"publish","type":"product","link":"https:\/\/www.ohis.be\/de\/produit\/alfra-tml-500\/","title":{"rendered":"Alfra TML 500"},"content":{"rendered":"","protected":false},"excerpt":{"rendered":"<p>Lasthebemagnet Alfra TML 500<\/p>\n<p>\u25a0 Tragf\u00e4higkeit von bis zu 490 kg ab 10 mm Materialst\u00e4rke und 300 kg ab 5 mm Materialst\u00e4rke auf S235-Stahl mit einem Sicherheitsfaktor von 3:1 (das bedeutet, dass die Kraft, die zum Zerrei\u00dfen des Stahlblechs f\u00fchrt, dem Dreifachen der maximalen Haftkraft entsprechen muss) zu addieren.<br \/>\n\u25a0 Hervorragende Leistungseigenschaften auf d\u00fcnnwandigen Materialien (ab 2 mm einsetzbar).<br \/>\n\u25a0 Bis zu 70 % weniger Eigengewicht bei mindestens gleicher Leistung im Vergleich zu handels\u00fcblichen Magneten.<br \/>\n\u25a0 Einfache Aktivierung mit minimalem Kraftaufwand durch den ergonomischen Bet\u00e4tigungshebel.<br \/>\n\u25a0 Innovatives Bedienkonzept, das einen gr\u00f6\u00dferen Aktionsradius erm\u00f6glicht.<br \/>\n\u25a0 Dreh- und schwenkbarer Lastwirbel um 360\u00b0.<br \/>\n\u25a0 Widerstandsf\u00e4hige magnetische Haftfl\u00e4che aus geh\u00e4rtetem Stahl mit TiN-Beschichtung, die Besch\u00e4digungen vorbeugt und eine lange Lebensdauer garantiert.<\/p>\n<p>&amp;nbsp;<\/p>\n<p>Technische Daten des Modells TML 500 :<br \/>\n\u25a0 Eigengewicht: 7,3 kg<br \/>\n\u25a0 Rei\u00dfkraft: &amp;gt; 1.500 kg ab 15 mm aus Stahl S235.<br \/>\n\u25a0 Maximale Tragf\u00e4higkeit. : 500 kg (bei einem Sicherheitsfaktor von 3:1).<br \/>\n\u25a0 Max. Tragf\u00e4higkeit beim vertikalen Heben (Neigung der Last um 90\u00b0): 150 kg (ab 15 mm S235 mit einem Sicherheitsfaktor von 3:1).<br \/>\n\u25a0 L\u00e4nge: 295 mm (Hebel geschlossen), Breite: 118 mm, H\u00f6he: 216 mm (Hebel ge\u00f6ffnet).<br \/>\n\u25a0 Magnetfl\u00e4che : L\u00e4nge: 185 mm, Breite: 88 mm<\/p>\n","protected":false},"featured_media":12920,"template":"","meta":{"_acf_changed":false,"inline_featured_image":false},"product_brand":[],"product_cat":[329],"product_tag":[458],"class_list":{"0":"post-13118","1":"product","2":"type-product","3":"status-publish","4":"has-post-thumbnail","6":"product_cat-magnete","7":"product_tag-alfra-de","9":"first","10":"instock","11":"taxable","12":"shipping-taxable","13":"purchasable","14":"product-type-simple"},"acf":[],"yoast_head":"<!-- This site is optimized with the Yoast SEO plugin v27.4 - https:\/\/yoast.com\/product\/yoast-seo-wordpress\/ -->\n<title>Alfra TML 500 - Ohis<\/title>\n<meta name=\"robots\" content=\"index, follow, max-snippet:-1, max-image-preview:large, max-video-preview:-1\" \/>\n<link rel=\"canonical\" href=\"https:\/\/www.ohis.be\/produit\/aimant-alfra-tml-500\/\" \/>\n<meta property=\"og:locale\" content=\"de_DE\" \/>\n<meta property=\"og:type\" content=\"article\" \/>\n<meta property=\"og:title\" content=\"Alfra TML 500 - Ohis\" \/>\n<meta property=\"og:description\" content=\"Lasthebemagnet Alfra TML 500  \u25a0 Tragf\u00e4higkeit von bis zu 490 kg ab 10 mm Materialst\u00e4rke und 300 kg ab 5 mm Materialst\u00e4rke auf S235-Stahl mit einem Sicherheitsfaktor von 3:1 (das bedeutet, dass die Kraft, die zum Zerrei\u00dfen des Stahlblechs f\u00fchrt, dem Dreifachen der maximalen Haftkraft entsprechen muss) zu addieren. \u25a0 Hervorragende Leistungseigenschaften auf d\u00fcnnwandigen Materialien (ab 2 mm einsetzbar). \u25a0 Bis zu 70 % weniger Eigengewicht bei mindestens gleicher Leistung im Vergleich zu handels\u00fcblichen Magneten. \u25a0 Einfache Aktivierung mit minimalem Kraftaufwand durch den ergonomischen Bet\u00e4tigungshebel. \u25a0 Innovatives Bedienkonzept, das einen gr\u00f6\u00dferen Aktionsradius erm\u00f6glicht. \u25a0 Dreh- und schwenkbarer Lastwirbel um 360\u00b0. \u25a0 Widerstandsf\u00e4hige magnetische Haftfl\u00e4che aus geh\u00e4rtetem Stahl mit TiN-Beschichtung, die Besch\u00e4digungen vorbeugt und eine lange Lebensdauer garantiert.  &amp;nbsp;  Technische Daten des Modells TML 500 : \u25a0 Eigengewicht: 7,3 kg \u25a0 Rei\u00dfkraft: &amp;gt; 1.500 kg ab 15 mm aus Stahl S235. \u25a0 Maximale Tragf\u00e4higkeit. : 500 kg (bei einem Sicherheitsfaktor von 3:1). \u25a0 Max. Tragf\u00e4higkeit beim vertikalen Heben (Neigung der Last um 90\u00b0): 150 kg (ab 15 mm S235 mit einem Sicherheitsfaktor von 3:1). \u25a0 L\u00e4nge: 295 mm (Hebel geschlossen), Breite: 118 mm, H\u00f6he: 216 mm (Hebel ge\u00f6ffnet). \u25a0 Magnetfl\u00e4che : L\u00e4nge: 185 mm, Breite: 88 mm\" \/>\n<meta property=\"og:url\" content=\"https:\/\/www.ohis.be\/produit\/aimant-alfra-tml-500\/\" \/>\n<meta property=\"og:site_name\" content=\"Ohis\" \/>\n<meta property=\"og:image\" content=\"https:\/\/www.ohis.be\/wp-content\/uploads\/2022\/03\/TML500_Lasthebemagnet.jpg\" \/>\n\t<meta property=\"og:image:width\" content=\"600\" \/>\n\t<meta property=\"og:image:height\" content=\"600\" \/>\n\t<meta property=\"og:image:type\" content=\"image\/jpeg\" \/>\n<meta name=\"twitter:card\" content=\"summary_large_image\" \/>\n<script type=\"application\/ld+json\" class=\"yoast-schema-graph\">{\"@context\":\"https:\\\/\\\/schema.org\",\"@graph\":[{\"@type\":\"WebPage\",\"@id\":\"https:\\\/\\\/www.ohis.be\\\/produit\\\/aimant-alfra-tml-500\\\/\",\"url\":\"https:\\\/\\\/www.ohis.be\\\/produit\\\/aimant-alfra-tml-500\\\/\",\"name\":\"Alfra TML 500 - Ohis\",\"isPartOf\":{\"@id\":\"https:\\\/\\\/www.ohis.be\\\/#website\"},\"primaryImageOfPage\":{\"@id\":\"https:\\\/\\\/www.ohis.be\\\/produit\\\/aimant-alfra-tml-500\\\/#primaryimage\"},\"image\":{\"@id\":\"https:\\\/\\\/www.ohis.be\\\/produit\\\/aimant-alfra-tml-500\\\/#primaryimage\"},\"thumbnailUrl\":\"https:\\\/\\\/www.ohis.be\\\/wp-content\\\/uploads\\\/2022\\\/03\\\/TML500_Lasthebemagnet.jpg\",\"datePublished\":\"2022-03-14T15:03:02+00:00\",\"breadcrumb\":{\"@id\":\"https:\\\/\\\/www.ohis.be\\\/produit\\\/aimant-alfra-tml-500\\\/#breadcrumb\"},\"inLanguage\":\"de\",\"potentialAction\":[{\"@type\":\"ReadAction\",\"target\":[\"https:\\\/\\\/www.ohis.be\\\/produit\\\/aimant-alfra-tml-500\\\/\"]}]},{\"@type\":\"ImageObject\",\"inLanguage\":\"de\",\"@id\":\"https:\\\/\\\/www.ohis.be\\\/produit\\\/aimant-alfra-tml-500\\\/#primaryimage\",\"url\":\"https:\\\/\\\/www.ohis.be\\\/wp-content\\\/uploads\\\/2022\\\/03\\\/TML500_Lasthebemagnet.jpg\",\"contentUrl\":\"https:\\\/\\\/www.ohis.be\\\/wp-content\\\/uploads\\\/2022\\\/03\\\/TML500_Lasthebemagnet.jpg\",\"width\":600,\"height\":600},{\"@type\":\"BreadcrumbList\",\"@id\":\"https:\\\/\\\/www.ohis.be\\\/produit\\\/aimant-alfra-tml-500\\\/#breadcrumb\",\"itemListElement\":[{\"@type\":\"ListItem\",\"position\":1,\"name\":\"Accueil\",\"item\":\"https:\\\/\\\/www.ohis.be\\\/de\\\/\"},{\"@type\":\"ListItem\",\"position\":2,\"name\":\"Produkte\",\"item\":\"https:\\\/\\\/www.ohis.be\\\/de\\\/produkte\\\/\"},{\"@type\":\"ListItem\",\"position\":3,\"name\":\"Alfra TML 500\"}]},{\"@type\":\"WebSite\",\"@id\":\"https:\\\/\\\/www.ohis.be\\\/#website\",\"url\":\"https:\\\/\\\/www.ohis.be\\\/\",\"name\":\"Ohis\",\"description\":\"Outils de levage\",\"publisher\":{\"@id\":\"https:\\\/\\\/www.ohis.be\\\/#organization\"},\"potentialAction\":[{\"@type\":\"SearchAction\",\"target\":{\"@type\":\"EntryPoint\",\"urlTemplate\":\"https:\\\/\\\/www.ohis.be\\\/?s={search_term_string}\"},\"query-input\":{\"@type\":\"PropertyValueSpecification\",\"valueRequired\":true,\"valueName\":\"search_term_string\"}}],\"inLanguage\":\"de\"},{\"@type\":\"Organization\",\"@id\":\"https:\\\/\\\/www.ohis.be\\\/#organization\",\"name\":\"Ohis\",\"url\":\"https:\\\/\\\/www.ohis.be\\\/\",\"logo\":{\"@type\":\"ImageObject\",\"inLanguage\":\"de\",\"@id\":\"https:\\\/\\\/www.ohis.be\\\/#\\\/schema\\\/logo\\\/image\\\/\",\"url\":\"https:\\\/\\\/www.ohis.be\\\/wp-content\\\/uploads\\\/2021\\\/02\\\/logo-ohis-wit.svg\",\"contentUrl\":\"https:\\\/\\\/www.ohis.be\\\/wp-content\\\/uploads\\\/2021\\\/02\\\/logo-ohis-wit.svg\",\"caption\":\"Ohis\"},\"image\":{\"@id\":\"https:\\\/\\\/www.ohis.be\\\/#\\\/schema\\\/logo\\\/image\\\/\"}}]}<\/script>\n<!-- \/ Yoast SEO plugin. -->","yoast_head_json":{"title":"Alfra TML 500 - Ohis","robots":{"index":"index","follow":"follow","max-snippet":"max-snippet:-1","max-image-preview":"max-image-preview:large","max-video-preview":"max-video-preview:-1"},"canonical":"https:\/\/www.ohis.be\/produit\/aimant-alfra-tml-500\/","og_locale":"de_DE","og_type":"article","og_title":"Alfra TML 500 - Ohis","og_description":"Lasthebemagnet Alfra TML 500  \u25a0 Tragf\u00e4higkeit von bis zu 490 kg ab 10 mm Materialst\u00e4rke und 300 kg ab 5 mm Materialst\u00e4rke auf S235-Stahl mit einem Sicherheitsfaktor von 3:1 (das bedeutet, dass die Kraft, die zum Zerrei\u00dfen des Stahlblechs f\u00fchrt, dem Dreifachen der maximalen Haftkraft entsprechen muss) zu addieren. \u25a0 Hervorragende Leistungseigenschaften auf d\u00fcnnwandigen Materialien (ab 2 mm einsetzbar). \u25a0 Bis zu 70 % weniger Eigengewicht bei mindestens gleicher Leistung im Vergleich zu handels\u00fcblichen Magneten. \u25a0 Einfache Aktivierung mit minimalem Kraftaufwand durch den ergonomischen Bet\u00e4tigungshebel. \u25a0 Innovatives Bedienkonzept, das einen gr\u00f6\u00dferen Aktionsradius erm\u00f6glicht. \u25a0 Dreh- und schwenkbarer Lastwirbel um 360\u00b0. \u25a0 Widerstandsf\u00e4hige magnetische Haftfl\u00e4che aus geh\u00e4rtetem Stahl mit TiN-Beschichtung, die Besch\u00e4digungen vorbeugt und eine lange Lebensdauer garantiert.  &amp;nbsp;  Technische Daten des Modells TML 500 : \u25a0 Eigengewicht: 7,3 kg \u25a0 Rei\u00dfkraft: &amp;gt; 1.500 kg ab 15 mm aus Stahl S235. \u25a0 Maximale Tragf\u00e4higkeit. : 500 kg (bei einem Sicherheitsfaktor von 3:1). \u25a0 Max. Tragf\u00e4higkeit beim vertikalen Heben (Neigung der Last um 90\u00b0): 150 kg (ab 15 mm S235 mit einem Sicherheitsfaktor von 3:1). \u25a0 L\u00e4nge: 295 mm (Hebel geschlossen), Breite: 118 mm, H\u00f6he: 216 mm (Hebel ge\u00f6ffnet). \u25a0 Magnetfl\u00e4che : L\u00e4nge: 185 mm, Breite: 88 mm","og_url":"https:\/\/www.ohis.be\/produit\/aimant-alfra-tml-500\/","og_site_name":"Ohis","og_image":[{"width":600,"height":600,"url":"https:\/\/www.ohis.be\/wp-content\/uploads\/2022\/03\/TML500_Lasthebemagnet.jpg","type":"image\/jpeg"}],"twitter_card":"summary_large_image","schema":{"@context":"https:\/\/schema.org","@graph":[{"@type":"WebPage","@id":"https:\/\/www.ohis.be\/produit\/aimant-alfra-tml-500\/","url":"https:\/\/www.ohis.be\/produit\/aimant-alfra-tml-500\/","name":"Alfra TML 500 - Ohis","isPartOf":{"@id":"https:\/\/www.ohis.be\/#website"},"primaryImageOfPage":{"@id":"https:\/\/www.ohis.be\/produit\/aimant-alfra-tml-500\/#primaryimage"},"image":{"@id":"https:\/\/www.ohis.be\/produit\/aimant-alfra-tml-500\/#primaryimage"},"thumbnailUrl":"https:\/\/www.ohis.be\/wp-content\/uploads\/2022\/03\/TML500_Lasthebemagnet.jpg","datePublished":"2022-03-14T15:03:02+00:00","breadcrumb":{"@id":"https:\/\/www.ohis.be\/produit\/aimant-alfra-tml-500\/#breadcrumb"},"inLanguage":"de","potentialAction":[{"@type":"ReadAction","target":["https:\/\/www.ohis.be\/produit\/aimant-alfra-tml-500\/"]}]},{"@type":"ImageObject","inLanguage":"de","@id":"https:\/\/www.ohis.be\/produit\/aimant-alfra-tml-500\/#primaryimage","url":"https:\/\/www.ohis.be\/wp-content\/uploads\/2022\/03\/TML500_Lasthebemagnet.jpg","contentUrl":"https:\/\/www.ohis.be\/wp-content\/uploads\/2022\/03\/TML500_Lasthebemagnet.jpg","width":600,"height":600},{"@type":"BreadcrumbList","@id":"https:\/\/www.ohis.be\/produit\/aimant-alfra-tml-500\/#breadcrumb","itemListElement":[{"@type":"ListItem","position":1,"name":"Accueil","item":"https:\/\/www.ohis.be\/de\/"},{"@type":"ListItem","position":2,"name":"Produkte","item":"https:\/\/www.ohis.be\/de\/produkte\/"},{"@type":"ListItem","position":3,"name":"Alfra TML 500"}]},{"@type":"WebSite","@id":"https:\/\/www.ohis.be\/#website","url":"https:\/\/www.ohis.be\/","name":"Ohis","description":"Outils de levage","publisher":{"@id":"https:\/\/www.ohis.be\/#organization"},"potentialAction":[{"@type":"SearchAction","target":{"@type":"EntryPoint","urlTemplate":"https:\/\/www.ohis.be\/?s={search_term_string}"},"query-input":{"@type":"PropertyValueSpecification","valueRequired":true,"valueName":"search_term_string"}}],"inLanguage":"de"},{"@type":"Organization","@id":"https:\/\/www.ohis.be\/#organization","name":"Ohis","url":"https:\/\/www.ohis.be\/","logo":{"@type":"ImageObject","inLanguage":"de","@id":"https:\/\/www.ohis.be\/#\/schema\/logo\/image\/","url":"https:\/\/www.ohis.be\/wp-content\/uploads\/2021\/02\/logo-ohis-wit.svg","contentUrl":"https:\/\/www.ohis.be\/wp-content\/uploads\/2021\/02\/logo-ohis-wit.svg","caption":"Ohis"},"image":{"@id":"https:\/\/www.ohis.be\/#\/schema\/logo\/image\/"}}]}},"_links":{"self":[{"href":"https:\/\/www.ohis.be\/de\/wp-json\/wp\/v2\/product\/13118","targetHints":{"allow":["GET"]}}],"collection":[{"href":"https:\/\/www.ohis.be\/de\/wp-json\/wp\/v2\/product"}],"about":[{"href":"https:\/\/www.ohis.be\/de\/wp-json\/wp\/v2\/types\/product"}],"wp:featuredmedia":[{"embeddable":true,"href":"https:\/\/www.ohis.be\/de\/wp-json\/wp\/v2\/media\/12920"}],"wp:attachment":[{"href":"https:\/\/www.ohis.be\/de\/wp-json\/wp\/v2\/media?parent=13118"}],"wp:term":[{"taxonomy":"product_brand","embeddable":true,"href":"https:\/\/www.ohis.be\/de\/wp-json\/wp\/v2\/product_brand?post=13118"},{"taxonomy":"product_cat","embeddable":true,"href":"https:\/\/www.ohis.be\/de\/wp-json\/wp\/v2\/product_cat?post=13118"},{"taxonomy":"product_tag","embeddable":true,"href":"https:\/\/www.ohis.be\/de\/wp-json\/wp\/v2\/product_tag?post=13118"}],"curies":[{"name":"wp","href":"https:\/\/api.w.org\/{rel}","templated":true}]}}