{"id":13097,"date":"2022-03-14T19:21:49","date_gmt":"2022-03-14T18:21:49","guid":{"rendered":"https:\/\/www.ohis.be\/produit\/alfra-tmh-50-r\/"},"modified":"2022-03-14T19:21:49","modified_gmt":"2022-03-14T18:21:49","slug":"alfra-tmh-50-r","status":"publish","type":"product","link":"https:\/\/www.ohis.be\/de\/produit\/alfra-tmh-50-r\/","title":{"rendered":"Alfra TMH 50 R"},"content":{"rendered":"","protected":false},"excerpt":{"rendered":"<p>\u25a0 Hebt Rohre mit einem Durchmesser von 25 mm bis 200 mm an.<br \/>\n\u25a0 Sch\u00fctzt H\u00e4nde und Finger vor hei\u00dfem, scharfkantigem Stahl.<br \/>\n\u25a0 Unersetzlich f\u00fcr alle, die u. a. geschwei\u00dfte Teile von einem Ort zum anderen bewegen m\u00fcssen (max. Temperatur: 60\u00b0).<br \/>\n\u25a0 Widerstandsf\u00e4hige magnetische Haftfl\u00e4che aus geh\u00e4rtetem Stahl mit TiN-Beschichtung, die Besch\u00e4digungen vorbeugt und eine lange Lebensdauer garantiert.<br \/>\nTechnische Daten des Handhebemagneten TMH 50 Prisma :<br \/>\n\u25a0 Eigengewicht: 1,6 kg.<br \/>\n\u25a0 Rei\u00dfkraft: &gt; 270 kg ab 6 mm aus Stahl S235.<br \/>\n\u25a0 Max. Tragf\u00e4higkeit von Rundrohren: 20 bis 50 % des Flachmaterials (siehe TMH 50), abh\u00e4ngig von Rohrdurchmesser und Materialst\u00e4rke.<br \/>\n\u25a0 L\u00e4nge: 126 mm, Breite: 80 mm, H\u00f6he: 100 mm mit Hebel: L\u00e4nge: 190 mm, Breite: 124 mm<\/p>\n","protected":false},"featured_media":12999,"template":"","meta":{"_acf_changed":false,"inline_featured_image":false},"product_brand":[],"product_cat":[329],"product_tag":[458],"class_list":{"0":"post-13097","1":"product","2":"type-product","3":"status-publish","4":"has-post-thumbnail","6":"product_cat-magnete","7":"product_tag-alfra-de","9":"first","10":"onbackorder","11":"taxable","12":"shipping-taxable","13":"purchasable","14":"product-type-simple"},"acf":[],"yoast_head":"<!-- This site is optimized with the Yoast SEO plugin v27.4 - https:\/\/yoast.com\/product\/yoast-seo-wordpress\/ -->\n<title>Alfra TMH 50 R - Ohis<\/title>\n<meta name=\"robots\" content=\"index, follow, max-snippet:-1, max-image-preview:large, max-video-preview:-1\" \/>\n<link rel=\"canonical\" href=\"https:\/\/www.ohis.be\/produit\/aimant-alfra-tmh-50-r\/\" \/>\n<meta property=\"og:locale\" content=\"de_DE\" \/>\n<meta property=\"og:type\" content=\"article\" \/>\n<meta property=\"og:title\" content=\"Alfra TMH 50 R - Ohis\" \/>\n<meta property=\"og:description\" content=\"\u25a0 Hebt Rohre mit einem Durchmesser von 25 mm bis 200 mm an. \u25a0 Sch\u00fctzt H\u00e4nde und Finger vor hei\u00dfem, scharfkantigem Stahl. \u25a0 Unersetzlich f\u00fcr alle, die u. a. geschwei\u00dfte Teile von einem Ort zum anderen bewegen m\u00fcssen (max. Temperatur: 60\u00b0). \u25a0 Widerstandsf\u00e4hige magnetische Haftfl\u00e4che aus geh\u00e4rtetem Stahl mit TiN-Beschichtung, die Besch\u00e4digungen vorbeugt und eine lange Lebensdauer garantiert. Technische Daten des Handhebemagneten TMH 50 Prisma : \u25a0 Eigengewicht: 1,6 kg. \u25a0 Rei\u00dfkraft: &gt; 270 kg ab 6 mm aus Stahl S235. \u25a0 Max. Tragf\u00e4higkeit von Rundrohren: 20 bis 50 % des Flachmaterials (siehe TMH 50), abh\u00e4ngig von Rohrdurchmesser und Materialst\u00e4rke. \u25a0 L\u00e4nge: 126 mm, Breite: 80 mm, H\u00f6he: 100 mm mit Hebel: L\u00e4nge: 190 mm, Breite: 124 mm\" \/>\n<meta property=\"og:url\" content=\"https:\/\/www.ohis.be\/produit\/aimant-alfra-tmh-50-r\/\" \/>\n<meta property=\"og:site_name\" content=\"Ohis\" \/>\n<meta property=\"og:image\" content=\"https:\/\/www.ohis.be\/wp-content\/uploads\/2022\/03\/41_100_HR_4-scaled.jpg\" \/>\n\t<meta property=\"og:image:width\" content=\"2560\" \/>\n\t<meta property=\"og:image:height\" content=\"1707\" \/>\n\t<meta property=\"og:image:type\" content=\"image\/jpeg\" \/>\n<meta name=\"twitter:card\" content=\"summary_large_image\" \/>\n<script type=\"application\/ld+json\" class=\"yoast-schema-graph\">{\"@context\":\"https:\\\/\\\/schema.org\",\"@graph\":[{\"@type\":\"WebPage\",\"@id\":\"https:\\\/\\\/www.ohis.be\\\/produit\\\/aimant-alfra-tmh-50-r\\\/\",\"url\":\"https:\\\/\\\/www.ohis.be\\\/produit\\\/aimant-alfra-tmh-50-r\\\/\",\"name\":\"Alfra TMH 50 R - Ohis\",\"isPartOf\":{\"@id\":\"https:\\\/\\\/www.ohis.be\\\/#website\"},\"primaryImageOfPage\":{\"@id\":\"https:\\\/\\\/www.ohis.be\\\/produit\\\/aimant-alfra-tmh-50-r\\\/#primaryimage\"},\"image\":{\"@id\":\"https:\\\/\\\/www.ohis.be\\\/produit\\\/aimant-alfra-tmh-50-r\\\/#primaryimage\"},\"thumbnailUrl\":\"https:\\\/\\\/www.ohis.be\\\/wp-content\\\/uploads\\\/2022\\\/03\\\/41_100_HR_4-scaled.jpg\",\"datePublished\":\"2022-03-14T18:21:49+00:00\",\"breadcrumb\":{\"@id\":\"https:\\\/\\\/www.ohis.be\\\/produit\\\/aimant-alfra-tmh-50-r\\\/#breadcrumb\"},\"inLanguage\":\"de\",\"potentialAction\":[{\"@type\":\"ReadAction\",\"target\":[\"https:\\\/\\\/www.ohis.be\\\/produit\\\/aimant-alfra-tmh-50-r\\\/\"]}]},{\"@type\":\"ImageObject\",\"inLanguage\":\"de\",\"@id\":\"https:\\\/\\\/www.ohis.be\\\/produit\\\/aimant-alfra-tmh-50-r\\\/#primaryimage\",\"url\":\"https:\\\/\\\/www.ohis.be\\\/wp-content\\\/uploads\\\/2022\\\/03\\\/41_100_HR_4-scaled.jpg\",\"contentUrl\":\"https:\\\/\\\/www.ohis.be\\\/wp-content\\\/uploads\\\/2022\\\/03\\\/41_100_HR_4-scaled.jpg\",\"width\":2560,\"height\":1707},{\"@type\":\"BreadcrumbList\",\"@id\":\"https:\\\/\\\/www.ohis.be\\\/produit\\\/aimant-alfra-tmh-50-r\\\/#breadcrumb\",\"itemListElement\":[{\"@type\":\"ListItem\",\"position\":1,\"name\":\"Accueil\",\"item\":\"https:\\\/\\\/www.ohis.be\\\/de\\\/\"},{\"@type\":\"ListItem\",\"position\":2,\"name\":\"Produkte\",\"item\":\"https:\\\/\\\/www.ohis.be\\\/de\\\/produkte\\\/\"},{\"@type\":\"ListItem\",\"position\":3,\"name\":\"Alfra TMH 50 R\"}]},{\"@type\":\"WebSite\",\"@id\":\"https:\\\/\\\/www.ohis.be\\\/#website\",\"url\":\"https:\\\/\\\/www.ohis.be\\\/\",\"name\":\"Ohis\",\"description\":\"Outils de levage\",\"publisher\":{\"@id\":\"https:\\\/\\\/www.ohis.be\\\/#organization\"},\"potentialAction\":[{\"@type\":\"SearchAction\",\"target\":{\"@type\":\"EntryPoint\",\"urlTemplate\":\"https:\\\/\\\/www.ohis.be\\\/?s={search_term_string}\"},\"query-input\":{\"@type\":\"PropertyValueSpecification\",\"valueRequired\":true,\"valueName\":\"search_term_string\"}}],\"inLanguage\":\"de\"},{\"@type\":\"Organization\",\"@id\":\"https:\\\/\\\/www.ohis.be\\\/#organization\",\"name\":\"Ohis\",\"url\":\"https:\\\/\\\/www.ohis.be\\\/\",\"logo\":{\"@type\":\"ImageObject\",\"inLanguage\":\"de\",\"@id\":\"https:\\\/\\\/www.ohis.be\\\/#\\\/schema\\\/logo\\\/image\\\/\",\"url\":\"https:\\\/\\\/www.ohis.be\\\/wp-content\\\/uploads\\\/2021\\\/02\\\/logo-ohis-wit.svg\",\"contentUrl\":\"https:\\\/\\\/www.ohis.be\\\/wp-content\\\/uploads\\\/2021\\\/02\\\/logo-ohis-wit.svg\",\"caption\":\"Ohis\"},\"image\":{\"@id\":\"https:\\\/\\\/www.ohis.be\\\/#\\\/schema\\\/logo\\\/image\\\/\"}}]}<\/script>\n<!-- \/ Yoast SEO plugin. -->","yoast_head_json":{"title":"Alfra TMH 50 R - Ohis","robots":{"index":"index","follow":"follow","max-snippet":"max-snippet:-1","max-image-preview":"max-image-preview:large","max-video-preview":"max-video-preview:-1"},"canonical":"https:\/\/www.ohis.be\/produit\/aimant-alfra-tmh-50-r\/","og_locale":"de_DE","og_type":"article","og_title":"Alfra TMH 50 R - Ohis","og_description":"\u25a0 Hebt Rohre mit einem Durchmesser von 25 mm bis 200 mm an. \u25a0 Sch\u00fctzt H\u00e4nde und Finger vor hei\u00dfem, scharfkantigem Stahl. \u25a0 Unersetzlich f\u00fcr alle, die u. a. geschwei\u00dfte Teile von einem Ort zum anderen bewegen m\u00fcssen (max. Temperatur: 60\u00b0). \u25a0 Widerstandsf\u00e4hige magnetische Haftfl\u00e4che aus geh\u00e4rtetem Stahl mit TiN-Beschichtung, die Besch\u00e4digungen vorbeugt und eine lange Lebensdauer garantiert. Technische Daten des Handhebemagneten TMH 50 Prisma : \u25a0 Eigengewicht: 1,6 kg. \u25a0 Rei\u00dfkraft: &gt; 270 kg ab 6 mm aus Stahl S235. \u25a0 Max. Tragf\u00e4higkeit von Rundrohren: 20 bis 50 % des Flachmaterials (siehe TMH 50), abh\u00e4ngig von Rohrdurchmesser und Materialst\u00e4rke. \u25a0 L\u00e4nge: 126 mm, Breite: 80 mm, H\u00f6he: 100 mm mit Hebel: L\u00e4nge: 190 mm, Breite: 124 mm","og_url":"https:\/\/www.ohis.be\/produit\/aimant-alfra-tmh-50-r\/","og_site_name":"Ohis","og_image":[{"width":2560,"height":1707,"url":"https:\/\/www.ohis.be\/wp-content\/uploads\/2022\/03\/41_100_HR_4-scaled.jpg","type":"image\/jpeg"}],"twitter_card":"summary_large_image","schema":{"@context":"https:\/\/schema.org","@graph":[{"@type":"WebPage","@id":"https:\/\/www.ohis.be\/produit\/aimant-alfra-tmh-50-r\/","url":"https:\/\/www.ohis.be\/produit\/aimant-alfra-tmh-50-r\/","name":"Alfra TMH 50 R - Ohis","isPartOf":{"@id":"https:\/\/www.ohis.be\/#website"},"primaryImageOfPage":{"@id":"https:\/\/www.ohis.be\/produit\/aimant-alfra-tmh-50-r\/#primaryimage"},"image":{"@id":"https:\/\/www.ohis.be\/produit\/aimant-alfra-tmh-50-r\/#primaryimage"},"thumbnailUrl":"https:\/\/www.ohis.be\/wp-content\/uploads\/2022\/03\/41_100_HR_4-scaled.jpg","datePublished":"2022-03-14T18:21:49+00:00","breadcrumb":{"@id":"https:\/\/www.ohis.be\/produit\/aimant-alfra-tmh-50-r\/#breadcrumb"},"inLanguage":"de","potentialAction":[{"@type":"ReadAction","target":["https:\/\/www.ohis.be\/produit\/aimant-alfra-tmh-50-r\/"]}]},{"@type":"ImageObject","inLanguage":"de","@id":"https:\/\/www.ohis.be\/produit\/aimant-alfra-tmh-50-r\/#primaryimage","url":"https:\/\/www.ohis.be\/wp-content\/uploads\/2022\/03\/41_100_HR_4-scaled.jpg","contentUrl":"https:\/\/www.ohis.be\/wp-content\/uploads\/2022\/03\/41_100_HR_4-scaled.jpg","width":2560,"height":1707},{"@type":"BreadcrumbList","@id":"https:\/\/www.ohis.be\/produit\/aimant-alfra-tmh-50-r\/#breadcrumb","itemListElement":[{"@type":"ListItem","position":1,"name":"Accueil","item":"https:\/\/www.ohis.be\/de\/"},{"@type":"ListItem","position":2,"name":"Produkte","item":"https:\/\/www.ohis.be\/de\/produkte\/"},{"@type":"ListItem","position":3,"name":"Alfra TMH 50 R"}]},{"@type":"WebSite","@id":"https:\/\/www.ohis.be\/#website","url":"https:\/\/www.ohis.be\/","name":"Ohis","description":"Outils de levage","publisher":{"@id":"https:\/\/www.ohis.be\/#organization"},"potentialAction":[{"@type":"SearchAction","target":{"@type":"EntryPoint","urlTemplate":"https:\/\/www.ohis.be\/?s={search_term_string}"},"query-input":{"@type":"PropertyValueSpecification","valueRequired":true,"valueName":"search_term_string"}}],"inLanguage":"de"},{"@type":"Organization","@id":"https:\/\/www.ohis.be\/#organization","name":"Ohis","url":"https:\/\/www.ohis.be\/","logo":{"@type":"ImageObject","inLanguage":"de","@id":"https:\/\/www.ohis.be\/#\/schema\/logo\/image\/","url":"https:\/\/www.ohis.be\/wp-content\/uploads\/2021\/02\/logo-ohis-wit.svg","contentUrl":"https:\/\/www.ohis.be\/wp-content\/uploads\/2021\/02\/logo-ohis-wit.svg","caption":"Ohis"},"image":{"@id":"https:\/\/www.ohis.be\/#\/schema\/logo\/image\/"}}]}},"_links":{"self":[{"href":"https:\/\/www.ohis.be\/de\/wp-json\/wp\/v2\/product\/13097","targetHints":{"allow":["GET"]}}],"collection":[{"href":"https:\/\/www.ohis.be\/de\/wp-json\/wp\/v2\/product"}],"about":[{"href":"https:\/\/www.ohis.be\/de\/wp-json\/wp\/v2\/types\/product"}],"wp:featuredmedia":[{"embeddable":true,"href":"https:\/\/www.ohis.be\/de\/wp-json\/wp\/v2\/media\/12999"}],"wp:attachment":[{"href":"https:\/\/www.ohis.be\/de\/wp-json\/wp\/v2\/media?parent=13097"}],"wp:term":[{"taxonomy":"product_brand","embeddable":true,"href":"https:\/\/www.ohis.be\/de\/wp-json\/wp\/v2\/product_brand?post=13097"},{"taxonomy":"product_cat","embeddable":true,"href":"https:\/\/www.ohis.be\/de\/wp-json\/wp\/v2\/product_cat?post=13097"},{"taxonomy":"product_tag","embeddable":true,"href":"https:\/\/www.ohis.be\/de\/wp-json\/wp\/v2\/product_tag?post=13097"}],"curies":[{"name":"wp","href":"https:\/\/api.w.org\/{rel}","templated":true}]}}