{"id":13094,"date":"2022-03-14T19:27:31","date_gmt":"2022-03-14T18:27:31","guid":{"rendered":"https:\/\/www.ohis.be\/produit\/tml-400-r\/"},"modified":"2022-03-14T19:27:31","modified_gmt":"2022-03-14T18:27:31","slug":"tml-400-r","status":"publish","type":"product","link":"https:\/\/www.ohis.be\/de\/produit\/tml-400-r\/","title":{"rendered":"TML 400 R"},"content":{"rendered":"","protected":false},"excerpt":{"rendered":"<p>\u25a0 Hebt Rohre mit einem Durchmesser von 50 mm bis 400 mm.<br \/>\n\u25a0 Hervorragende Leistungseigenschaften bei d\u00fcnnwandigen Materialien (ab 2 mm einsetzbar).<br \/>\n\u25a0 Drehbarer Lastwirbel, der auch bei voller Belastung um 360\u00b0 drehbar ist.<br \/>\n\u25a0 Widerstandsf\u00e4hige magnetische Haftfl\u00e4che aus geh\u00e4rtetem Stahl mit TiN-Beschichtung, die Besch\u00e4digungen vorbeugt und eine lange Lebensdauer garantiert.<br \/>\nTechnische Daten des Modells TML 400 R :<br \/>\n\u25a0 Eigengewicht: 8,2 kg.<br \/>\n\u25a0 Ausrei\u00dfkraft: &gt; 1.200 kg ab 15 mm Stahl S235.<br \/>\n\u25a0 Maximale Belastbarkeit. : 400 kg (bei einem Sicherheitsfaktor von 3:1), von 20 bis 50 % des Flachmaterials (siehe TML 500), je nach Rohrdurchmesser und Materialst\u00e4rke.<br \/>\n\u25a0 L\u00e4nge: 295 mm (Hebel geschlossen), Breite: 118 mm, H\u00f6he: 216 mm (Hebel ge\u00f6ffnet)<\/p>\n","protected":false},"featured_media":13012,"template":"","meta":{"_acf_changed":false,"inline_featured_image":false},"product_brand":[],"product_cat":[329],"product_tag":[458],"class_list":{"0":"post-13094","1":"product","2":"type-product","3":"status-publish","4":"has-post-thumbnail","6":"product_cat-magnete","7":"product_tag-alfra-de","9":"first","10":"onbackorder","11":"taxable","12":"shipping-taxable","13":"purchasable","14":"product-type-simple"},"acf":[],"yoast_head":"<!-- This site is optimized with the Yoast SEO plugin v27.4 - https:\/\/yoast.com\/product\/yoast-seo-wordpress\/ -->\n<title>TML 400 R - Ohis<\/title>\n<meta name=\"robots\" content=\"index, follow, max-snippet:-1, max-image-preview:large, max-video-preview:-1\" \/>\n<link rel=\"canonical\" href=\"https:\/\/www.ohis.be\/produit\/aimant-alfra-tml-400-r\/\" \/>\n<meta property=\"og:locale\" content=\"de_DE\" \/>\n<meta property=\"og:type\" content=\"article\" \/>\n<meta property=\"og:title\" content=\"TML 400 R - Ohis\" \/>\n<meta property=\"og:description\" content=\"\u25a0 Hebt Rohre mit einem Durchmesser von 50 mm bis 400 mm. \u25a0 Hervorragende Leistungseigenschaften bei d\u00fcnnwandigen Materialien (ab 2 mm einsetzbar). \u25a0 Drehbarer Lastwirbel, der auch bei voller Belastung um 360\u00b0 drehbar ist. \u25a0 Widerstandsf\u00e4hige magnetische Haftfl\u00e4che aus geh\u00e4rtetem Stahl mit TiN-Beschichtung, die Besch\u00e4digungen vorbeugt und eine lange Lebensdauer garantiert. Technische Daten des Modells TML 400 R : \u25a0 Eigengewicht: 8,2 kg. \u25a0 Ausrei\u00dfkraft: &gt; 1.200 kg ab 15 mm Stahl S235. \u25a0 Maximale Belastbarkeit. : 400 kg (bei einem Sicherheitsfaktor von 3:1), von 20 bis 50 % des Flachmaterials (siehe TML 500), je nach Rohrdurchmesser und Materialst\u00e4rke. \u25a0 L\u00e4nge: 295 mm (Hebel geschlossen), Breite: 118 mm, H\u00f6he: 216 mm (Hebel ge\u00f6ffnet)\" \/>\n<meta property=\"og:url\" content=\"https:\/\/www.ohis.be\/produit\/aimant-alfra-tml-400-r\/\" \/>\n<meta property=\"og:site_name\" content=\"Ohis\" \/>\n<meta property=\"og:image\" content=\"https:\/\/www.ohis.be\/wp-content\/uploads\/2022\/03\/41_400_R_1-scaled.jpg\" \/>\n\t<meta property=\"og:image:width\" content=\"2112\" \/>\n\t<meta property=\"og:image:height\" content=\"2560\" \/>\n\t<meta property=\"og:image:type\" content=\"image\/jpeg\" \/>\n<meta name=\"twitter:card\" content=\"summary_large_image\" \/>\n<script type=\"application\/ld+json\" class=\"yoast-schema-graph\">{\"@context\":\"https:\\\/\\\/schema.org\",\"@graph\":[{\"@type\":\"WebPage\",\"@id\":\"https:\\\/\\\/www.ohis.be\\\/produit\\\/aimant-alfra-tml-400-r\\\/\",\"url\":\"https:\\\/\\\/www.ohis.be\\\/produit\\\/aimant-alfra-tml-400-r\\\/\",\"name\":\"TML 400 R - Ohis\",\"isPartOf\":{\"@id\":\"https:\\\/\\\/www.ohis.be\\\/#website\"},\"primaryImageOfPage\":{\"@id\":\"https:\\\/\\\/www.ohis.be\\\/produit\\\/aimant-alfra-tml-400-r\\\/#primaryimage\"},\"image\":{\"@id\":\"https:\\\/\\\/www.ohis.be\\\/produit\\\/aimant-alfra-tml-400-r\\\/#primaryimage\"},\"thumbnailUrl\":\"https:\\\/\\\/www.ohis.be\\\/wp-content\\\/uploads\\\/2022\\\/03\\\/41_400_R_1-scaled.jpg\",\"datePublished\":\"2022-03-14T18:27:31+00:00\",\"breadcrumb\":{\"@id\":\"https:\\\/\\\/www.ohis.be\\\/produit\\\/aimant-alfra-tml-400-r\\\/#breadcrumb\"},\"inLanguage\":\"de\",\"potentialAction\":[{\"@type\":\"ReadAction\",\"target\":[\"https:\\\/\\\/www.ohis.be\\\/produit\\\/aimant-alfra-tml-400-r\\\/\"]}]},{\"@type\":\"ImageObject\",\"inLanguage\":\"de\",\"@id\":\"https:\\\/\\\/www.ohis.be\\\/produit\\\/aimant-alfra-tml-400-r\\\/#primaryimage\",\"url\":\"https:\\\/\\\/www.ohis.be\\\/wp-content\\\/uploads\\\/2022\\\/03\\\/41_400_R_1-scaled.jpg\",\"contentUrl\":\"https:\\\/\\\/www.ohis.be\\\/wp-content\\\/uploads\\\/2022\\\/03\\\/41_400_R_1-scaled.jpg\",\"width\":2112,\"height\":2560},{\"@type\":\"BreadcrumbList\",\"@id\":\"https:\\\/\\\/www.ohis.be\\\/produit\\\/aimant-alfra-tml-400-r\\\/#breadcrumb\",\"itemListElement\":[{\"@type\":\"ListItem\",\"position\":1,\"name\":\"Accueil\",\"item\":\"https:\\\/\\\/www.ohis.be\\\/de\\\/\"},{\"@type\":\"ListItem\",\"position\":2,\"name\":\"Produkte\",\"item\":\"https:\\\/\\\/www.ohis.be\\\/de\\\/produkte\\\/\"},{\"@type\":\"ListItem\",\"position\":3,\"name\":\"TML 400 R\"}]},{\"@type\":\"WebSite\",\"@id\":\"https:\\\/\\\/www.ohis.be\\\/#website\",\"url\":\"https:\\\/\\\/www.ohis.be\\\/\",\"name\":\"Ohis\",\"description\":\"Outils de levage\",\"publisher\":{\"@id\":\"https:\\\/\\\/www.ohis.be\\\/#organization\"},\"potentialAction\":[{\"@type\":\"SearchAction\",\"target\":{\"@type\":\"EntryPoint\",\"urlTemplate\":\"https:\\\/\\\/www.ohis.be\\\/?s={search_term_string}\"},\"query-input\":{\"@type\":\"PropertyValueSpecification\",\"valueRequired\":true,\"valueName\":\"search_term_string\"}}],\"inLanguage\":\"de\"},{\"@type\":\"Organization\",\"@id\":\"https:\\\/\\\/www.ohis.be\\\/#organization\",\"name\":\"Ohis\",\"url\":\"https:\\\/\\\/www.ohis.be\\\/\",\"logo\":{\"@type\":\"ImageObject\",\"inLanguage\":\"de\",\"@id\":\"https:\\\/\\\/www.ohis.be\\\/#\\\/schema\\\/logo\\\/image\\\/\",\"url\":\"https:\\\/\\\/www.ohis.be\\\/wp-content\\\/uploads\\\/2021\\\/02\\\/logo-ohis-wit.svg\",\"contentUrl\":\"https:\\\/\\\/www.ohis.be\\\/wp-content\\\/uploads\\\/2021\\\/02\\\/logo-ohis-wit.svg\",\"caption\":\"Ohis\"},\"image\":{\"@id\":\"https:\\\/\\\/www.ohis.be\\\/#\\\/schema\\\/logo\\\/image\\\/\"}}]}<\/script>\n<!-- \/ Yoast SEO plugin. -->","yoast_head_json":{"title":"TML 400 R - Ohis","robots":{"index":"index","follow":"follow","max-snippet":"max-snippet:-1","max-image-preview":"max-image-preview:large","max-video-preview":"max-video-preview:-1"},"canonical":"https:\/\/www.ohis.be\/produit\/aimant-alfra-tml-400-r\/","og_locale":"de_DE","og_type":"article","og_title":"TML 400 R - Ohis","og_description":"\u25a0 Hebt Rohre mit einem Durchmesser von 50 mm bis 400 mm. \u25a0 Hervorragende Leistungseigenschaften bei d\u00fcnnwandigen Materialien (ab 2 mm einsetzbar). \u25a0 Drehbarer Lastwirbel, der auch bei voller Belastung um 360\u00b0 drehbar ist. \u25a0 Widerstandsf\u00e4hige magnetische Haftfl\u00e4che aus geh\u00e4rtetem Stahl mit TiN-Beschichtung, die Besch\u00e4digungen vorbeugt und eine lange Lebensdauer garantiert. Technische Daten des Modells TML 400 R : \u25a0 Eigengewicht: 8,2 kg. \u25a0 Ausrei\u00dfkraft: &gt; 1.200 kg ab 15 mm Stahl S235. \u25a0 Maximale Belastbarkeit. : 400 kg (bei einem Sicherheitsfaktor von 3:1), von 20 bis 50 % des Flachmaterials (siehe TML 500), je nach Rohrdurchmesser und Materialst\u00e4rke. \u25a0 L\u00e4nge: 295 mm (Hebel geschlossen), Breite: 118 mm, H\u00f6he: 216 mm (Hebel ge\u00f6ffnet)","og_url":"https:\/\/www.ohis.be\/produit\/aimant-alfra-tml-400-r\/","og_site_name":"Ohis","og_image":[{"width":2112,"height":2560,"url":"https:\/\/www.ohis.be\/wp-content\/uploads\/2022\/03\/41_400_R_1-scaled.jpg","type":"image\/jpeg"}],"twitter_card":"summary_large_image","schema":{"@context":"https:\/\/schema.org","@graph":[{"@type":"WebPage","@id":"https:\/\/www.ohis.be\/produit\/aimant-alfra-tml-400-r\/","url":"https:\/\/www.ohis.be\/produit\/aimant-alfra-tml-400-r\/","name":"TML 400 R - Ohis","isPartOf":{"@id":"https:\/\/www.ohis.be\/#website"},"primaryImageOfPage":{"@id":"https:\/\/www.ohis.be\/produit\/aimant-alfra-tml-400-r\/#primaryimage"},"image":{"@id":"https:\/\/www.ohis.be\/produit\/aimant-alfra-tml-400-r\/#primaryimage"},"thumbnailUrl":"https:\/\/www.ohis.be\/wp-content\/uploads\/2022\/03\/41_400_R_1-scaled.jpg","datePublished":"2022-03-14T18:27:31+00:00","breadcrumb":{"@id":"https:\/\/www.ohis.be\/produit\/aimant-alfra-tml-400-r\/#breadcrumb"},"inLanguage":"de","potentialAction":[{"@type":"ReadAction","target":["https:\/\/www.ohis.be\/produit\/aimant-alfra-tml-400-r\/"]}]},{"@type":"ImageObject","inLanguage":"de","@id":"https:\/\/www.ohis.be\/produit\/aimant-alfra-tml-400-r\/#primaryimage","url":"https:\/\/www.ohis.be\/wp-content\/uploads\/2022\/03\/41_400_R_1-scaled.jpg","contentUrl":"https:\/\/www.ohis.be\/wp-content\/uploads\/2022\/03\/41_400_R_1-scaled.jpg","width":2112,"height":2560},{"@type":"BreadcrumbList","@id":"https:\/\/www.ohis.be\/produit\/aimant-alfra-tml-400-r\/#breadcrumb","itemListElement":[{"@type":"ListItem","position":1,"name":"Accueil","item":"https:\/\/www.ohis.be\/de\/"},{"@type":"ListItem","position":2,"name":"Produkte","item":"https:\/\/www.ohis.be\/de\/produkte\/"},{"@type":"ListItem","position":3,"name":"TML 400 R"}]},{"@type":"WebSite","@id":"https:\/\/www.ohis.be\/#website","url":"https:\/\/www.ohis.be\/","name":"Ohis","description":"Outils de levage","publisher":{"@id":"https:\/\/www.ohis.be\/#organization"},"potentialAction":[{"@type":"SearchAction","target":{"@type":"EntryPoint","urlTemplate":"https:\/\/www.ohis.be\/?s={search_term_string}"},"query-input":{"@type":"PropertyValueSpecification","valueRequired":true,"valueName":"search_term_string"}}],"inLanguage":"de"},{"@type":"Organization","@id":"https:\/\/www.ohis.be\/#organization","name":"Ohis","url":"https:\/\/www.ohis.be\/","logo":{"@type":"ImageObject","inLanguage":"de","@id":"https:\/\/www.ohis.be\/#\/schema\/logo\/image\/","url":"https:\/\/www.ohis.be\/wp-content\/uploads\/2021\/02\/logo-ohis-wit.svg","contentUrl":"https:\/\/www.ohis.be\/wp-content\/uploads\/2021\/02\/logo-ohis-wit.svg","caption":"Ohis"},"image":{"@id":"https:\/\/www.ohis.be\/#\/schema\/logo\/image\/"}}]}},"_links":{"self":[{"href":"https:\/\/www.ohis.be\/de\/wp-json\/wp\/v2\/product\/13094","targetHints":{"allow":["GET"]}}],"collection":[{"href":"https:\/\/www.ohis.be\/de\/wp-json\/wp\/v2\/product"}],"about":[{"href":"https:\/\/www.ohis.be\/de\/wp-json\/wp\/v2\/types\/product"}],"wp:featuredmedia":[{"embeddable":true,"href":"https:\/\/www.ohis.be\/de\/wp-json\/wp\/v2\/media\/13012"}],"wp:attachment":[{"href":"https:\/\/www.ohis.be\/de\/wp-json\/wp\/v2\/media?parent=13094"}],"wp:term":[{"taxonomy":"product_brand","embeddable":true,"href":"https:\/\/www.ohis.be\/de\/wp-json\/wp\/v2\/product_brand?post=13094"},{"taxonomy":"product_cat","embeddable":true,"href":"https:\/\/www.ohis.be\/de\/wp-json\/wp\/v2\/product_cat?post=13094"},{"taxonomy":"product_tag","embeddable":true,"href":"https:\/\/www.ohis.be\/de\/wp-json\/wp\/v2\/product_tag?post=13094"}],"curies":[{"name":"wp","href":"https:\/\/api.w.org\/{rel}","templated":true}]}}