{"id":12842,"date":"2022-02-18T20:59:21","date_gmt":"2022-02-18T19:59:21","guid":{"rendered":"https:\/\/www.ohis.be\/produit\/vetter-boss-b\/"},"modified":"2022-02-18T20:59:21","modified_gmt":"2022-02-18T19:59:21","slug":"vetter-boss-b","status":"publish","type":"product","link":"https:\/\/www.ohis.be\/de\/produit\/vetter-boss-b\/","title":{"rendered":"Vetter Boss B"},"content":{"rendered":"","protected":false},"excerpt":{"rendered":"<p>Der schwere Fass-Schwenkkran von BOSS wurde f\u00fcr au\u00dfergew\u00f6hnliche Aufgaben entwickelt.<\/p>\n<p>Sie k\u00f6nnen den Schwenkkran mit seinem unbegrenzten Schwenkwinkel unter den h\u00e4rtesten und schwierigsten Bedingungen mit einer Tragf\u00e4higkeit von bis zu 63.000 kg einsetzen: in Lagerh\u00e4usern, Kraftwerken, Stahlwerken, Gie\u00dfereien, aber auch auf Gro\u00dfraumbaggern und Baggern.<br \/>\nWir k\u00f6nnen Sondermodelle bis zu einer Kapazit\u00e4t von 100 t und einer Reichweite von 25 m planen, entwerfen und herstellen.<\/p>\n<p>Mit seinem standardm\u00e4\u00dfigen elektrischen Schwenkgetriebemotor mit drehbarem Rollkranz bietet er Ihnen eine komfortable und sanfte Drehung und damit einen h\u00f6heren Bedienkomfort. Ob in der Halle oder im Freien, der BOSS Fass-Schwenkkran passt sich durch die individuelle Einstellung der Fassh\u00f6he und der Auslegerl\u00e4nge perfekt an Ihre Bed\u00fcrfnisse an.<\/p>\n<p>Bei der Auswahl der Befestigung haben Sie die Wahl zwischen der Fundamentbefestigung mit Ankerstangen, dem Top- oder Kompaktanker sowie dem Flachsockel zur Befestigung an einer Stahlkonstruktion.<\/p>\n<p>Optional liefern wir Ihnen die passende Stromversorgung, ELECTROLIFT\u00ae-Seilz\u00fcge mit Elektrofahrwerk, Funkfernsteuerung, Feuerverzinkung, Explosionsschutz nach ATEX, komplexe Steuerungen bis hin zu einem autonomen Automatikkran und weiteres vielf\u00e4ltiges Zubeh\u00f6r.<\/p>\n","protected":false},"featured_media":12448,"template":"","meta":{"_acf_changed":false,"inline_featured_image":false},"product_brand":[],"product_cat":[380],"product_tag":[703],"class_list":{"0":"post-12842","1":"product","2":"type-product","3":"status-publish","4":"has-post-thumbnail","6":"product_cat-schwenkkrane-de","7":"product_tag-vetter-de","9":"first","10":"onbackorder","11":"taxable","12":"shipping-taxable","13":"purchasable","14":"product-type-simple"},"acf":[],"yoast_head":"<!-- This site is optimized with the Yoast SEO plugin v27.5 - https:\/\/yoast.com\/product\/yoast-seo-wordpress\/ -->\n<title>Vetter Boss B - Ohis<\/title>\n<meta name=\"robots\" content=\"index, follow, max-snippet:-1, max-image-preview:large, max-video-preview:-1\" \/>\n<link rel=\"canonical\" href=\"https:\/\/www.ohis.be\/de\/produit\/vetter-boss-b\/\" \/>\n<meta property=\"og:locale\" content=\"de_DE\" \/>\n<meta property=\"og:type\" content=\"article\" \/>\n<meta property=\"og:title\" content=\"Vetter Boss B - Ohis\" \/>\n<meta property=\"og:description\" content=\"Der schwere Fass-Schwenkkran von BOSS wurde f\u00fcr au\u00dfergew\u00f6hnliche Aufgaben entwickelt.  Sie k\u00f6nnen den Schwenkkran mit seinem unbegrenzten Schwenkwinkel unter den h\u00e4rtesten und schwierigsten Bedingungen mit einer Tragf\u00e4higkeit von bis zu 63.000 kg einsetzen: in Lagerh\u00e4usern, Kraftwerken, Stahlwerken, Gie\u00dfereien, aber auch auf Gro\u00dfraumbaggern und Baggern. Wir k\u00f6nnen Sondermodelle bis zu einer Kapazit\u00e4t von 100 t und einer Reichweite von 25 m planen, entwerfen und herstellen.  Mit seinem standardm\u00e4\u00dfigen elektrischen Schwenkgetriebemotor mit drehbarem Rollkranz bietet er Ihnen eine komfortable und sanfte Drehung und damit einen h\u00f6heren Bedienkomfort. Ob in der Halle oder im Freien, der BOSS Fass-Schwenkkran passt sich durch die individuelle Einstellung der Fassh\u00f6he und der Auslegerl\u00e4nge perfekt an Ihre Bed\u00fcrfnisse an.  Bei der Auswahl der Befestigung haben Sie die Wahl zwischen der Fundamentbefestigung mit Ankerstangen, dem Top- oder Kompaktanker sowie dem Flachsockel zur Befestigung an einer Stahlkonstruktion.  Optional liefern wir Ihnen die passende Stromversorgung, ELECTROLIFT\u00ae-Seilz\u00fcge mit Elektrofahrwerk, Funkfernsteuerung, Feuerverzinkung, Explosionsschutz nach ATEX, komplexe Steuerungen bis hin zu einem autonomen Automatikkran und weiteres vielf\u00e4ltiges Zubeh\u00f6r.\" \/>\n<meta property=\"og:url\" content=\"https:\/\/www.ohis.be\/de\/produit\/vetter-boss-b\/\" \/>\n<meta property=\"og:site_name\" content=\"Ohis\" \/>\n<meta property=\"og:image\" content=\"https:\/\/www.ohis.be\/wp-content\/uploads\/2022\/02\/Vetter-Boss-B-2.jpg\" \/>\n\t<meta property=\"og:image:width\" content=\"800\" \/>\n\t<meta property=\"og:image:height\" content=\"600\" \/>\n\t<meta property=\"og:image:type\" content=\"image\/jpeg\" \/>\n<meta name=\"twitter:card\" content=\"summary_large_image\" \/>\n<script type=\"application\/ld+json\" class=\"yoast-schema-graph\">{\"@context\":\"https:\\\/\\\/schema.org\",\"@graph\":[{\"@type\":\"WebPage\",\"@id\":\"https:\\\/\\\/www.ohis.be\\\/de\\\/produit\\\/vetter-boss-b\\\/\",\"url\":\"https:\\\/\\\/www.ohis.be\\\/de\\\/produit\\\/vetter-boss-b\\\/\",\"name\":\"Vetter Boss B - Ohis\",\"isPartOf\":{\"@id\":\"https:\\\/\\\/www.ohis.be\\\/de\\\/#website\"},\"primaryImageOfPage\":{\"@id\":\"https:\\\/\\\/www.ohis.be\\\/de\\\/produit\\\/vetter-boss-b\\\/#primaryimage\"},\"image\":{\"@id\":\"https:\\\/\\\/www.ohis.be\\\/de\\\/produit\\\/vetter-boss-b\\\/#primaryimage\"},\"thumbnailUrl\":\"https:\\\/\\\/www.ohis.be\\\/wp-content\\\/uploads\\\/2022\\\/02\\\/Vetter-Boss-B-2.jpg\",\"datePublished\":\"2022-02-18T19:59:21+00:00\",\"breadcrumb\":{\"@id\":\"https:\\\/\\\/www.ohis.be\\\/de\\\/produit\\\/vetter-boss-b\\\/#breadcrumb\"},\"inLanguage\":\"de\",\"potentialAction\":[{\"@type\":\"ReadAction\",\"target\":[\"https:\\\/\\\/www.ohis.be\\\/de\\\/produit\\\/vetter-boss-b\\\/\"]}]},{\"@type\":\"ImageObject\",\"inLanguage\":\"de\",\"@id\":\"https:\\\/\\\/www.ohis.be\\\/de\\\/produit\\\/vetter-boss-b\\\/#primaryimage\",\"url\":\"https:\\\/\\\/www.ohis.be\\\/wp-content\\\/uploads\\\/2022\\\/02\\\/Vetter-Boss-B-2.jpg\",\"contentUrl\":\"https:\\\/\\\/www.ohis.be\\\/wp-content\\\/uploads\\\/2022\\\/02\\\/Vetter-Boss-B-2.jpg\",\"width\":800,\"height\":600},{\"@type\":\"BreadcrumbList\",\"@id\":\"https:\\\/\\\/www.ohis.be\\\/de\\\/produit\\\/vetter-boss-b\\\/#breadcrumb\",\"itemListElement\":[{\"@type\":\"ListItem\",\"position\":1,\"name\":\"Accueil\",\"item\":\"https:\\\/\\\/www.ohis.be\\\/de\\\/\"},{\"@type\":\"ListItem\",\"position\":2,\"name\":\"Produkte\",\"item\":\"https:\\\/\\\/www.ohis.be\\\/de\\\/produkte\\\/\"},{\"@type\":\"ListItem\",\"position\":3,\"name\":\"Vetter Boss B\"}]},{\"@type\":\"WebSite\",\"@id\":\"https:\\\/\\\/www.ohis.be\\\/de\\\/#website\",\"url\":\"https:\\\/\\\/www.ohis.be\\\/de\\\/\",\"name\":\"Ohis\",\"description\":\"Outils de levage\",\"publisher\":{\"@id\":\"https:\\\/\\\/www.ohis.be\\\/de\\\/#organization\"},\"potentialAction\":[{\"@type\":\"SearchAction\",\"target\":{\"@type\":\"EntryPoint\",\"urlTemplate\":\"https:\\\/\\\/www.ohis.be\\\/de\\\/?s={search_term_string}\"},\"query-input\":{\"@type\":\"PropertyValueSpecification\",\"valueRequired\":true,\"valueName\":\"search_term_string\"}}],\"inLanguage\":\"de\"},{\"@type\":\"Organization\",\"@id\":\"https:\\\/\\\/www.ohis.be\\\/de\\\/#organization\",\"name\":\"Ohis\",\"url\":\"https:\\\/\\\/www.ohis.be\\\/de\\\/\",\"logo\":{\"@type\":\"ImageObject\",\"inLanguage\":\"de\",\"@id\":\"https:\\\/\\\/www.ohis.be\\\/de\\\/#\\\/schema\\\/logo\\\/image\\\/\",\"url\":\"https:\\\/\\\/www.ohis.be\\\/wp-content\\\/uploads\\\/2021\\\/02\\\/logo-ohis-wit.svg\",\"contentUrl\":\"https:\\\/\\\/www.ohis.be\\\/wp-content\\\/uploads\\\/2021\\\/02\\\/logo-ohis-wit.svg\",\"caption\":\"Ohis\"},\"image\":{\"@id\":\"https:\\\/\\\/www.ohis.be\\\/de\\\/#\\\/schema\\\/logo\\\/image\\\/\"}}]}<\/script>\n<!-- \/ Yoast SEO plugin. -->","yoast_head_json":{"title":"Vetter Boss B - Ohis","robots":{"index":"index","follow":"follow","max-snippet":"max-snippet:-1","max-image-preview":"max-image-preview:large","max-video-preview":"max-video-preview:-1"},"canonical":"https:\/\/www.ohis.be\/de\/produit\/vetter-boss-b\/","og_locale":"de_DE","og_type":"article","og_title":"Vetter Boss B - Ohis","og_description":"Der schwere Fass-Schwenkkran von BOSS wurde f\u00fcr au\u00dfergew\u00f6hnliche Aufgaben entwickelt.  Sie k\u00f6nnen den Schwenkkran mit seinem unbegrenzten Schwenkwinkel unter den h\u00e4rtesten und schwierigsten Bedingungen mit einer Tragf\u00e4higkeit von bis zu 63.000 kg einsetzen: in Lagerh\u00e4usern, Kraftwerken, Stahlwerken, Gie\u00dfereien, aber auch auf Gro\u00dfraumbaggern und Baggern. Wir k\u00f6nnen Sondermodelle bis zu einer Kapazit\u00e4t von 100 t und einer Reichweite von 25 m planen, entwerfen und herstellen.  Mit seinem standardm\u00e4\u00dfigen elektrischen Schwenkgetriebemotor mit drehbarem Rollkranz bietet er Ihnen eine komfortable und sanfte Drehung und damit einen h\u00f6heren Bedienkomfort. Ob in der Halle oder im Freien, der BOSS Fass-Schwenkkran passt sich durch die individuelle Einstellung der Fassh\u00f6he und der Auslegerl\u00e4nge perfekt an Ihre Bed\u00fcrfnisse an.  Bei der Auswahl der Befestigung haben Sie die Wahl zwischen der Fundamentbefestigung mit Ankerstangen, dem Top- oder Kompaktanker sowie dem Flachsockel zur Befestigung an einer Stahlkonstruktion.  Optional liefern wir Ihnen die passende Stromversorgung, ELECTROLIFT\u00ae-Seilz\u00fcge mit Elektrofahrwerk, Funkfernsteuerung, Feuerverzinkung, Explosionsschutz nach ATEX, komplexe Steuerungen bis hin zu einem autonomen Automatikkran und weiteres vielf\u00e4ltiges Zubeh\u00f6r.","og_url":"https:\/\/www.ohis.be\/de\/produit\/vetter-boss-b\/","og_site_name":"Ohis","og_image":[{"width":800,"height":600,"url":"https:\/\/www.ohis.be\/wp-content\/uploads\/2022\/02\/Vetter-Boss-B-2.jpg","type":"image\/jpeg"}],"twitter_card":"summary_large_image","schema":{"@context":"https:\/\/schema.org","@graph":[{"@type":"WebPage","@id":"https:\/\/www.ohis.be\/de\/produit\/vetter-boss-b\/","url":"https:\/\/www.ohis.be\/de\/produit\/vetter-boss-b\/","name":"Vetter Boss B - Ohis","isPartOf":{"@id":"https:\/\/www.ohis.be\/de\/#website"},"primaryImageOfPage":{"@id":"https:\/\/www.ohis.be\/de\/produit\/vetter-boss-b\/#primaryimage"},"image":{"@id":"https:\/\/www.ohis.be\/de\/produit\/vetter-boss-b\/#primaryimage"},"thumbnailUrl":"https:\/\/www.ohis.be\/wp-content\/uploads\/2022\/02\/Vetter-Boss-B-2.jpg","datePublished":"2022-02-18T19:59:21+00:00","breadcrumb":{"@id":"https:\/\/www.ohis.be\/de\/produit\/vetter-boss-b\/#breadcrumb"},"inLanguage":"de","potentialAction":[{"@type":"ReadAction","target":["https:\/\/www.ohis.be\/de\/produit\/vetter-boss-b\/"]}]},{"@type":"ImageObject","inLanguage":"de","@id":"https:\/\/www.ohis.be\/de\/produit\/vetter-boss-b\/#primaryimage","url":"https:\/\/www.ohis.be\/wp-content\/uploads\/2022\/02\/Vetter-Boss-B-2.jpg","contentUrl":"https:\/\/www.ohis.be\/wp-content\/uploads\/2022\/02\/Vetter-Boss-B-2.jpg","width":800,"height":600},{"@type":"BreadcrumbList","@id":"https:\/\/www.ohis.be\/de\/produit\/vetter-boss-b\/#breadcrumb","itemListElement":[{"@type":"ListItem","position":1,"name":"Accueil","item":"https:\/\/www.ohis.be\/de\/"},{"@type":"ListItem","position":2,"name":"Produkte","item":"https:\/\/www.ohis.be\/de\/produkte\/"},{"@type":"ListItem","position":3,"name":"Vetter Boss B"}]},{"@type":"WebSite","@id":"https:\/\/www.ohis.be\/de\/#website","url":"https:\/\/www.ohis.be\/de\/","name":"Ohis","description":"Outils de levage","publisher":{"@id":"https:\/\/www.ohis.be\/de\/#organization"},"potentialAction":[{"@type":"SearchAction","target":{"@type":"EntryPoint","urlTemplate":"https:\/\/www.ohis.be\/de\/?s={search_term_string}"},"query-input":{"@type":"PropertyValueSpecification","valueRequired":true,"valueName":"search_term_string"}}],"inLanguage":"de"},{"@type":"Organization","@id":"https:\/\/www.ohis.be\/de\/#organization","name":"Ohis","url":"https:\/\/www.ohis.be\/de\/","logo":{"@type":"ImageObject","inLanguage":"de","@id":"https:\/\/www.ohis.be\/de\/#\/schema\/logo\/image\/","url":"https:\/\/www.ohis.be\/wp-content\/uploads\/2021\/02\/logo-ohis-wit.svg","contentUrl":"https:\/\/www.ohis.be\/wp-content\/uploads\/2021\/02\/logo-ohis-wit.svg","caption":"Ohis"},"image":{"@id":"https:\/\/www.ohis.be\/de\/#\/schema\/logo\/image\/"}}]}},"_links":{"self":[{"href":"https:\/\/www.ohis.be\/de\/wp-json\/wp\/v2\/product\/12842","targetHints":{"allow":["GET"]}}],"collection":[{"href":"https:\/\/www.ohis.be\/de\/wp-json\/wp\/v2\/product"}],"about":[{"href":"https:\/\/www.ohis.be\/de\/wp-json\/wp\/v2\/types\/product"}],"wp:featuredmedia":[{"embeddable":true,"href":"https:\/\/www.ohis.be\/de\/wp-json\/wp\/v2\/media\/12448"}],"wp:attachment":[{"href":"https:\/\/www.ohis.be\/de\/wp-json\/wp\/v2\/media?parent=12842"}],"wp:term":[{"taxonomy":"product_brand","embeddable":true,"href":"https:\/\/www.ohis.be\/de\/wp-json\/wp\/v2\/product_brand?post=12842"},{"taxonomy":"product_cat","embeddable":true,"href":"https:\/\/www.ohis.be\/de\/wp-json\/wp\/v2\/product_cat?post=12842"},{"taxonomy":"product_tag","embeddable":true,"href":"https:\/\/www.ohis.be\/de\/wp-json\/wp\/v2\/product_tag?post=12842"}],"curies":[{"name":"wp","href":"https:\/\/api.w.org\/{rel}","templated":true}]}}