{"id":12324,"date":"2022-02-18T16:35:47","date_gmt":"2022-02-18T15:35:47","guid":{"rendered":"https:\/\/www.ohis.be\/produit\/stahl-st-kettenzug\/"},"modified":"2022-02-18T16:35:47","modified_gmt":"2022-02-18T15:35:47","slug":"stahl-st-kettenzug","status":"publish","type":"product","link":"https:\/\/www.ohis.be\/de\/produit\/stahl-st-kettenzug\/","title":{"rendered":"Stahl ST Kettenzug"},"content":{"rendered":"","protected":false},"excerpt":{"rendered":"<p>Das Ketten\u00adzugprogramm ST z\u00e4hlt welt\u00adweit zu den markantesten und umfang\u00adreichsten Angeboten. Er ist kraftvoll, zuverl\u00e4ssig und anspruchs\u00adlos, was Wartung und Energie\u00adverbrauch angeht. Das Bau\u00adkasten\u00adsystem erm\u00f6glicht zahlreiche Kombinationen der Bau\u00adgruppen im Einsatz f\u00fcr individuelle L\u00f6sungen. Mit 6 Varianten steht der Kettenzug ST f\u00fcr den Trag\u00adf\u00e4higkeits\u00adbereich von 125 kg bis 6.300 kg zur Verf\u00fcgung. Das Angebot wird durch besondere Bau\u00adformen wie der Superkurzen Katze STK mit extrem kurzer Bau\u00adh\u00f6he oder dem Doppelketten\u00adzug STD f\u00fcr Lang\u00adgut und Traversen erg\u00e4nzt. Die Kettenz\u00fcge sind in explosions\u00adgesch\u00fctzter Aus\u00adf\u00fchrung f\u00fcr Zone 1, Zone 21 und Zone 22 erh\u00e4ltlich.<\/p>\n","protected":false},"featured_media":12253,"template":"","meta":{"_acf_changed":false,"inline_featured_image":false},"product_brand":[],"product_cat":[697],"product_tag":[460],"class_list":{"0":"post-12324","1":"product","2":"type-product","3":"status-publish","4":"has-post-thumbnail","6":"product_cat-kettenzug","7":"product_tag-stahl-de","8":"product_shipping_class-4-de","10":"first","11":"onbackorder","12":"taxable","13":"shipping-taxable","14":"purchasable","15":"product-type-simple"},"acf":[],"yoast_head":"<!-- This site is optimized with the Yoast SEO plugin v27.3 - https:\/\/yoast.com\/product\/yoast-seo-wordpress\/ -->\n<title>Stahl ST Kettenzug - Ohis<\/title>\n<meta name=\"robots\" content=\"index, follow, max-snippet:-1, max-image-preview:large, max-video-preview:-1\" \/>\n<link rel=\"canonical\" href=\"https:\/\/www.ohis.be\/de\/produit\/stahl-st-kettenzug\/\" \/>\n<meta property=\"og:locale\" content=\"de_DE\" \/>\n<meta property=\"og:type\" content=\"article\" \/>\n<meta property=\"og:title\" content=\"Stahl ST Kettenzug - Ohis\" \/>\n<meta property=\"og:description\" content=\"Das Ketten\u00adzugprogramm ST z\u00e4hlt welt\u00adweit zu den markantesten und umfang\u00adreichsten Angeboten. Er ist kraftvoll, zuverl\u00e4ssig und anspruchs\u00adlos, was Wartung und Energie\u00adverbrauch angeht. Das Bau\u00adkasten\u00adsystem erm\u00f6glicht zahlreiche Kombinationen der Bau\u00adgruppen im Einsatz f\u00fcr individuelle L\u00f6sungen. Mit 6 Varianten steht der Kettenzug ST f\u00fcr den Trag\u00adf\u00e4higkeits\u00adbereich von 125 kg bis 6.300 kg zur Verf\u00fcgung. Das Angebot wird durch besondere Bau\u00adformen wie der Superkurzen Katze STK mit extrem kurzer Bau\u00adh\u00f6he oder dem Doppelketten\u00adzug STD f\u00fcr Lang\u00adgut und Traversen erg\u00e4nzt. Die Kettenz\u00fcge sind in explosions\u00adgesch\u00fctzter Aus\u00adf\u00fchrung f\u00fcr Zone 1, Zone 21 und Zone 22 erh\u00e4ltlich.\" \/>\n<meta property=\"og:url\" content=\"https:\/\/www.ohis.be\/de\/produit\/stahl-st-kettenzug\/\" \/>\n<meta property=\"og:site_name\" content=\"Ohis\" \/>\n<meta property=\"og:image\" content=\"https:\/\/www.ohis.be\/wp-content\/uploads\/2022\/02\/ti_kz_st_001.jpg\" \/>\n\t<meta property=\"og:image:width\" content=\"1866\" \/>\n\t<meta property=\"og:image:height\" content=\"1866\" \/>\n\t<meta property=\"og:image:type\" content=\"image\/jpeg\" \/>\n<meta name=\"twitter:card\" content=\"summary_large_image\" \/>\n<script type=\"application\/ld+json\" class=\"yoast-schema-graph\">{\"@context\":\"https:\\\/\\\/schema.org\",\"@graph\":[{\"@type\":\"WebPage\",\"@id\":\"https:\\\/\\\/www.ohis.be\\\/de\\\/produit\\\/stahl-st-kettenzug\\\/\",\"url\":\"https:\\\/\\\/www.ohis.be\\\/de\\\/produit\\\/stahl-st-kettenzug\\\/\",\"name\":\"Stahl ST Kettenzug - Ohis\",\"isPartOf\":{\"@id\":\"https:\\\/\\\/www.ohis.be\\\/#website\"},\"primaryImageOfPage\":{\"@id\":\"https:\\\/\\\/www.ohis.be\\\/de\\\/produit\\\/stahl-st-kettenzug\\\/#primaryimage\"},\"image\":{\"@id\":\"https:\\\/\\\/www.ohis.be\\\/de\\\/produit\\\/stahl-st-kettenzug\\\/#primaryimage\"},\"thumbnailUrl\":\"https:\\\/\\\/www.ohis.be\\\/wp-content\\\/uploads\\\/2022\\\/02\\\/ti_kz_st_001.jpg\",\"datePublished\":\"2022-02-18T15:35:47+00:00\",\"breadcrumb\":{\"@id\":\"https:\\\/\\\/www.ohis.be\\\/de\\\/produit\\\/stahl-st-kettenzug\\\/#breadcrumb\"},\"inLanguage\":\"de\",\"potentialAction\":[{\"@type\":\"ReadAction\",\"target\":[\"https:\\\/\\\/www.ohis.be\\\/de\\\/produit\\\/stahl-st-kettenzug\\\/\"]}]},{\"@type\":\"ImageObject\",\"inLanguage\":\"de\",\"@id\":\"https:\\\/\\\/www.ohis.be\\\/de\\\/produit\\\/stahl-st-kettenzug\\\/#primaryimage\",\"url\":\"https:\\\/\\\/www.ohis.be\\\/wp-content\\\/uploads\\\/2022\\\/02\\\/ti_kz_st_001.jpg\",\"contentUrl\":\"https:\\\/\\\/www.ohis.be\\\/wp-content\\\/uploads\\\/2022\\\/02\\\/ti_kz_st_001.jpg\",\"width\":1866,\"height\":1866},{\"@type\":\"BreadcrumbList\",\"@id\":\"https:\\\/\\\/www.ohis.be\\\/de\\\/produit\\\/stahl-st-kettenzug\\\/#breadcrumb\",\"itemListElement\":[{\"@type\":\"ListItem\",\"position\":1,\"name\":\"Accueil\",\"item\":\"https:\\\/\\\/www.ohis.be\\\/de\\\/\"},{\"@type\":\"ListItem\",\"position\":2,\"name\":\"Produkte\",\"item\":\"https:\\\/\\\/www.ohis.be\\\/de\\\/produkte\\\/\"},{\"@type\":\"ListItem\",\"position\":3,\"name\":\"Stahl ST Kettenzug\"}]},{\"@type\":\"WebSite\",\"@id\":\"https:\\\/\\\/www.ohis.be\\\/#website\",\"url\":\"https:\\\/\\\/www.ohis.be\\\/\",\"name\":\"Ohis\",\"description\":\"Outils de levage\",\"publisher\":{\"@id\":\"https:\\\/\\\/www.ohis.be\\\/#organization\"},\"potentialAction\":[{\"@type\":\"SearchAction\",\"target\":{\"@type\":\"EntryPoint\",\"urlTemplate\":\"https:\\\/\\\/www.ohis.be\\\/?s={search_term_string}\"},\"query-input\":{\"@type\":\"PropertyValueSpecification\",\"valueRequired\":true,\"valueName\":\"search_term_string\"}}],\"inLanguage\":\"de\"},{\"@type\":\"Organization\",\"@id\":\"https:\\\/\\\/www.ohis.be\\\/#organization\",\"name\":\"Ohis\",\"url\":\"https:\\\/\\\/www.ohis.be\\\/\",\"logo\":{\"@type\":\"ImageObject\",\"inLanguage\":\"de\",\"@id\":\"https:\\\/\\\/www.ohis.be\\\/#\\\/schema\\\/logo\\\/image\\\/\",\"url\":\"https:\\\/\\\/www.ohis.be\\\/wp-content\\\/uploads\\\/2021\\\/02\\\/logo-ohis-wit.svg\",\"contentUrl\":\"https:\\\/\\\/www.ohis.be\\\/wp-content\\\/uploads\\\/2021\\\/02\\\/logo-ohis-wit.svg\",\"width\":169,\"height\":39,\"caption\":\"Ohis\"},\"image\":{\"@id\":\"https:\\\/\\\/www.ohis.be\\\/#\\\/schema\\\/logo\\\/image\\\/\"}}]}<\/script>\n<!-- \/ Yoast SEO plugin. -->","yoast_head_json":{"title":"Stahl ST Kettenzug - Ohis","robots":{"index":"index","follow":"follow","max-snippet":"max-snippet:-1","max-image-preview":"max-image-preview:large","max-video-preview":"max-video-preview:-1"},"canonical":"https:\/\/www.ohis.be\/de\/produit\/stahl-st-kettenzug\/","og_locale":"de_DE","og_type":"article","og_title":"Stahl ST Kettenzug - Ohis","og_description":"Das Ketten\u00adzugprogramm ST z\u00e4hlt welt\u00adweit zu den markantesten und umfang\u00adreichsten Angeboten. Er ist kraftvoll, zuverl\u00e4ssig und anspruchs\u00adlos, was Wartung und Energie\u00adverbrauch angeht. Das Bau\u00adkasten\u00adsystem erm\u00f6glicht zahlreiche Kombinationen der Bau\u00adgruppen im Einsatz f\u00fcr individuelle L\u00f6sungen. Mit 6 Varianten steht der Kettenzug ST f\u00fcr den Trag\u00adf\u00e4higkeits\u00adbereich von 125 kg bis 6.300 kg zur Verf\u00fcgung. Das Angebot wird durch besondere Bau\u00adformen wie der Superkurzen Katze STK mit extrem kurzer Bau\u00adh\u00f6he oder dem Doppelketten\u00adzug STD f\u00fcr Lang\u00adgut und Traversen erg\u00e4nzt. Die Kettenz\u00fcge sind in explosions\u00adgesch\u00fctzter Aus\u00adf\u00fchrung f\u00fcr Zone 1, Zone 21 und Zone 22 erh\u00e4ltlich.","og_url":"https:\/\/www.ohis.be\/de\/produit\/stahl-st-kettenzug\/","og_site_name":"Ohis","og_image":[{"width":1866,"height":1866,"url":"https:\/\/www.ohis.be\/wp-content\/uploads\/2022\/02\/ti_kz_st_001.jpg","type":"image\/jpeg"}],"twitter_card":"summary_large_image","schema":{"@context":"https:\/\/schema.org","@graph":[{"@type":"WebPage","@id":"https:\/\/www.ohis.be\/de\/produit\/stahl-st-kettenzug\/","url":"https:\/\/www.ohis.be\/de\/produit\/stahl-st-kettenzug\/","name":"Stahl ST Kettenzug - Ohis","isPartOf":{"@id":"https:\/\/www.ohis.be\/#website"},"primaryImageOfPage":{"@id":"https:\/\/www.ohis.be\/de\/produit\/stahl-st-kettenzug\/#primaryimage"},"image":{"@id":"https:\/\/www.ohis.be\/de\/produit\/stahl-st-kettenzug\/#primaryimage"},"thumbnailUrl":"https:\/\/www.ohis.be\/wp-content\/uploads\/2022\/02\/ti_kz_st_001.jpg","datePublished":"2022-02-18T15:35:47+00:00","breadcrumb":{"@id":"https:\/\/www.ohis.be\/de\/produit\/stahl-st-kettenzug\/#breadcrumb"},"inLanguage":"de","potentialAction":[{"@type":"ReadAction","target":["https:\/\/www.ohis.be\/de\/produit\/stahl-st-kettenzug\/"]}]},{"@type":"ImageObject","inLanguage":"de","@id":"https:\/\/www.ohis.be\/de\/produit\/stahl-st-kettenzug\/#primaryimage","url":"https:\/\/www.ohis.be\/wp-content\/uploads\/2022\/02\/ti_kz_st_001.jpg","contentUrl":"https:\/\/www.ohis.be\/wp-content\/uploads\/2022\/02\/ti_kz_st_001.jpg","width":1866,"height":1866},{"@type":"BreadcrumbList","@id":"https:\/\/www.ohis.be\/de\/produit\/stahl-st-kettenzug\/#breadcrumb","itemListElement":[{"@type":"ListItem","position":1,"name":"Accueil","item":"https:\/\/www.ohis.be\/de\/"},{"@type":"ListItem","position":2,"name":"Produkte","item":"https:\/\/www.ohis.be\/de\/produkte\/"},{"@type":"ListItem","position":3,"name":"Stahl ST Kettenzug"}]},{"@type":"WebSite","@id":"https:\/\/www.ohis.be\/#website","url":"https:\/\/www.ohis.be\/","name":"Ohis","description":"Outils de levage","publisher":{"@id":"https:\/\/www.ohis.be\/#organization"},"potentialAction":[{"@type":"SearchAction","target":{"@type":"EntryPoint","urlTemplate":"https:\/\/www.ohis.be\/?s={search_term_string}"},"query-input":{"@type":"PropertyValueSpecification","valueRequired":true,"valueName":"search_term_string"}}],"inLanguage":"de"},{"@type":"Organization","@id":"https:\/\/www.ohis.be\/#organization","name":"Ohis","url":"https:\/\/www.ohis.be\/","logo":{"@type":"ImageObject","inLanguage":"de","@id":"https:\/\/www.ohis.be\/#\/schema\/logo\/image\/","url":"https:\/\/www.ohis.be\/wp-content\/uploads\/2021\/02\/logo-ohis-wit.svg","contentUrl":"https:\/\/www.ohis.be\/wp-content\/uploads\/2021\/02\/logo-ohis-wit.svg","width":169,"height":39,"caption":"Ohis"},"image":{"@id":"https:\/\/www.ohis.be\/#\/schema\/logo\/image\/"}}]}},"_links":{"self":[{"href":"https:\/\/www.ohis.be\/de\/wp-json\/wp\/v2\/product\/12324","targetHints":{"allow":["GET"]}}],"collection":[{"href":"https:\/\/www.ohis.be\/de\/wp-json\/wp\/v2\/product"}],"about":[{"href":"https:\/\/www.ohis.be\/de\/wp-json\/wp\/v2\/types\/product"}],"wp:featuredmedia":[{"embeddable":true,"href":"https:\/\/www.ohis.be\/de\/wp-json\/wp\/v2\/media\/12253"}],"wp:attachment":[{"href":"https:\/\/www.ohis.be\/de\/wp-json\/wp\/v2\/media?parent=12324"}],"wp:term":[{"taxonomy":"product_brand","embeddable":true,"href":"https:\/\/www.ohis.be\/de\/wp-json\/wp\/v2\/product_brand?post=12324"},{"taxonomy":"product_cat","embeddable":true,"href":"https:\/\/www.ohis.be\/de\/wp-json\/wp\/v2\/product_cat?post=12324"},{"taxonomy":"product_tag","embeddable":true,"href":"https:\/\/www.ohis.be\/de\/wp-json\/wp\/v2\/product_tag?post=12324"}],"curies":[{"name":"wp","href":"https:\/\/api.w.org\/{rel}","templated":true}]}}