{"id":12320,"date":"2022-02-18T16:54:08","date_gmt":"2022-02-18T15:54:08","guid":{"rendered":"https:\/\/www.ohis.be\/produit\/stahl-sh-seilzug\/"},"modified":"2022-02-18T16:54:08","modified_gmt":"2022-02-18T15:54:08","slug":"stahl-sh-seilzug","status":"publish","type":"product","link":"https:\/\/www.ohis.be\/de\/produit\/stahl-sh-seilzug\/","title":{"rendered":"Stahl SH Seilzug"},"content":{"rendered":"<p>Das Seil\u00adzug\u00adprogramm SH ist welt\u00adweit vielseitig im Einsatz. Kompakt, leistungs\u00adstark, besonders wartungs\u00adfreundlich und ein Ideal, was die Verbindung von Qualit\u00e4t, Flexibilit\u00e4t und Kraft angeht. Das Bau\u00adkasten\u00adsystem erm\u00f6glicht beinahe unbegrenzte Kombinationen der Bau\u00adgruppen. In f\u00fcnf Bau\u00adgr\u00f6\u00dfen mit 26 Trag\u00adlast\u00advarianten steht die Serie SH f\u00fcr den Trag\u00adlast\u00adbereich von 500 kg bis 25.000 kg zur Verf\u00fcgung. Das vielseitige Seilzug\u00adprogramm SH wird mit dem Seilzug SH 6080 auf Trag\u00adlasten bis 32.000 kg erweitert. Die Seil\u00adz\u00fcge k\u00f6nnen station\u00e4r oder mit Fahr\u00adwerk in Standard\u00adkranen, Spezial\u00adkranen oder im Anlagen\u00adbau eingesetzt werden. Auf Wunsch steht das gesamte Seil\u00adzug\u00adprogramm in explosions\u00adgesch\u00fctzter Aus\u00adf\u00fchrung f\u00fcr Zone 1, Zone 2, Zone 21 oder Zone 22 zur Verf\u00fcgung.<\/p>\n","protected":false},"excerpt":{"rendered":"<p>Das Seil\u00adzug\u00adprogramm SH ist welt\u00adweit vielseitig im Einsatz. Kompakt, leistungs\u00adstark, besonders wartungs\u00adfreundlich und ein Ideal, was die Verbindung von Qualit\u00e4t, Flexibilit\u00e4t und Kraft angeht. Das Bau\u00adkasten\u00adsystem erm\u00f6glicht beinahe unbegrenzte Kombinationen der Bau\u00adgruppen. In f\u00fcnf Bau\u00adgr\u00f6\u00dfen mit 26 Trag\u00adlast\u00advarianten steht die Serie SH f\u00fcr den Trag\u00adlast\u00adbereich von 500 kg bis 25.000 kg zur Verf\u00fcgung. Das vielseitige Seilzug\u00adprogramm SH wird mit dem Seilzug SH 6080 auf Trag\u00adlasten bis 32.000 kg erweitert. Die Seil\u00adz\u00fcge k\u00f6nnen station\u00e4r oder mit Fahr\u00adwerk in Standard\u00adkranen, Spezial\u00adkranen oder im Anlagen\u00adbau eingesetzt werden. Auf Wunsch steht das gesamte Seil\u00adzug\u00adprogramm in explosions\u00adgesch\u00fctzter Aus\u00adf\u00fchrung f\u00fcr Zone 1, Zone 2, Zone 21 oder Zone 22 zur Verf\u00fcgung.<\/p>\n","protected":false},"featured_media":12282,"template":"","meta":{"_acf_changed":false,"inline_featured_image":false},"product_brand":[],"product_cat":[700],"product_tag":[460],"class_list":{"0":"post-12320","1":"product","2":"type-product","3":"status-publish","4":"has-post-thumbnail","6":"product_cat-seilzug","7":"product_tag-stahl-de","9":"first","10":"onbackorder","11":"taxable","12":"shipping-taxable","13":"purchasable","14":"product-type-simple"},"acf":[],"yoast_head":"<!-- This site is optimized with the Yoast SEO plugin v27.4 - https:\/\/yoast.com\/product\/yoast-seo-wordpress\/ -->\n<title>Stahl SH Seilzug - Ohis<\/title>\n<meta name=\"robots\" content=\"index, follow, max-snippet:-1, max-image-preview:large, max-video-preview:-1\" \/>\n<link rel=\"canonical\" href=\"https:\/\/www.ohis.be\/produit\/palan-a-cable-stahl-sh\/\" \/>\n<meta property=\"og:locale\" content=\"de_DE\" \/>\n<meta property=\"og:type\" content=\"article\" \/>\n<meta property=\"og:title\" content=\"Stahl SH Seilzug - Ohis\" \/>\n<meta property=\"og:description\" content=\"Das Seil\u00adzug\u00adprogramm SH ist welt\u00adweit vielseitig im Einsatz. Kompakt, leistungs\u00adstark, besonders wartungs\u00adfreundlich und ein Ideal, was die Verbindung von Qualit\u00e4t, Flexibilit\u00e4t und Kraft angeht. Das Bau\u00adkasten\u00adsystem erm\u00f6glicht beinahe unbegrenzte Kombinationen der Bau\u00adgruppen. In f\u00fcnf Bau\u00adgr\u00f6\u00dfen mit 26 Trag\u00adlast\u00advarianten steht die Serie SH f\u00fcr den Trag\u00adlast\u00adbereich von 500 kg bis 25.000 kg zur Verf\u00fcgung. Das vielseitige Seilzug\u00adprogramm SH wird mit dem Seilzug SH 6080 auf Trag\u00adlasten bis 32.000 kg erweitert. Die Seil\u00adz\u00fcge k\u00f6nnen station\u00e4r oder mit Fahr\u00adwerk in Standard\u00adkranen, Spezial\u00adkranen oder im Anlagen\u00adbau eingesetzt werden. Auf Wunsch steht das gesamte Seil\u00adzug\u00adprogramm in explosions\u00adgesch\u00fctzter Aus\u00adf\u00fchrung f\u00fcr Zone 1, Zone 2, Zone 21 oder Zone 22 zur Verf\u00fcgung.\" \/>\n<meta property=\"og:url\" content=\"https:\/\/www.ohis.be\/produit\/palan-a-cable-stahl-sh\/\" \/>\n<meta property=\"og:site_name\" content=\"Ohis\" \/>\n<meta property=\"og:image\" content=\"https:\/\/www.ohis.be\/wp-content\/uploads\/2022\/02\/sz_sh_111_bv4_l_01.jpg\" \/>\n\t<meta property=\"og:image:width\" content=\"1024\" \/>\n\t<meta property=\"og:image:height\" content=\"969\" \/>\n\t<meta property=\"og:image:type\" content=\"image\/jpeg\" \/>\n<meta name=\"twitter:card\" content=\"summary_large_image\" \/>\n<meta name=\"twitter:label1\" content=\"Gesch\u00e4tzte Lesezeit\" \/>\n\t<meta name=\"twitter:data1\" content=\"1\u00a0Minute\" \/>\n<script type=\"application\/ld+json\" class=\"yoast-schema-graph\">{\"@context\":\"https:\\\/\\\/schema.org\",\"@graph\":[{\"@type\":\"WebPage\",\"@id\":\"https:\\\/\\\/www.ohis.be\\\/produit\\\/palan-a-cable-stahl-sh\\\/\",\"url\":\"https:\\\/\\\/www.ohis.be\\\/produit\\\/palan-a-cable-stahl-sh\\\/\",\"name\":\"Stahl SH Seilzug - Ohis\",\"isPartOf\":{\"@id\":\"https:\\\/\\\/www.ohis.be\\\/#website\"},\"primaryImageOfPage\":{\"@id\":\"https:\\\/\\\/www.ohis.be\\\/produit\\\/palan-a-cable-stahl-sh\\\/#primaryimage\"},\"image\":{\"@id\":\"https:\\\/\\\/www.ohis.be\\\/produit\\\/palan-a-cable-stahl-sh\\\/#primaryimage\"},\"thumbnailUrl\":\"https:\\\/\\\/www.ohis.be\\\/wp-content\\\/uploads\\\/2022\\\/02\\\/sz_sh_111_bv4_l_01.jpg\",\"datePublished\":\"2022-02-18T15:54:08+00:00\",\"breadcrumb\":{\"@id\":\"https:\\\/\\\/www.ohis.be\\\/produit\\\/palan-a-cable-stahl-sh\\\/#breadcrumb\"},\"inLanguage\":\"de\",\"potentialAction\":[{\"@type\":\"ReadAction\",\"target\":[\"https:\\\/\\\/www.ohis.be\\\/produit\\\/palan-a-cable-stahl-sh\\\/\"]}]},{\"@type\":\"ImageObject\",\"inLanguage\":\"de\",\"@id\":\"https:\\\/\\\/www.ohis.be\\\/produit\\\/palan-a-cable-stahl-sh\\\/#primaryimage\",\"url\":\"https:\\\/\\\/www.ohis.be\\\/wp-content\\\/uploads\\\/2022\\\/02\\\/sz_sh_111_bv4_l_01.jpg\",\"contentUrl\":\"https:\\\/\\\/www.ohis.be\\\/wp-content\\\/uploads\\\/2022\\\/02\\\/sz_sh_111_bv4_l_01.jpg\",\"width\":1024,\"height\":969},{\"@type\":\"BreadcrumbList\",\"@id\":\"https:\\\/\\\/www.ohis.be\\\/produit\\\/palan-a-cable-stahl-sh\\\/#breadcrumb\",\"itemListElement\":[{\"@type\":\"ListItem\",\"position\":1,\"name\":\"Accueil\",\"item\":\"https:\\\/\\\/www.ohis.be\\\/de\\\/\"},{\"@type\":\"ListItem\",\"position\":2,\"name\":\"Produkte\",\"item\":\"https:\\\/\\\/www.ohis.be\\\/de\\\/produkte\\\/\"},{\"@type\":\"ListItem\",\"position\":3,\"name\":\"Stahl SH Seilzug\"}]},{\"@type\":\"WebSite\",\"@id\":\"https:\\\/\\\/www.ohis.be\\\/#website\",\"url\":\"https:\\\/\\\/www.ohis.be\\\/\",\"name\":\"Ohis\",\"description\":\"Outils de levage\",\"publisher\":{\"@id\":\"https:\\\/\\\/www.ohis.be\\\/#organization\"},\"potentialAction\":[{\"@type\":\"SearchAction\",\"target\":{\"@type\":\"EntryPoint\",\"urlTemplate\":\"https:\\\/\\\/www.ohis.be\\\/?s={search_term_string}\"},\"query-input\":{\"@type\":\"PropertyValueSpecification\",\"valueRequired\":true,\"valueName\":\"search_term_string\"}}],\"inLanguage\":\"de\"},{\"@type\":\"Organization\",\"@id\":\"https:\\\/\\\/www.ohis.be\\\/#organization\",\"name\":\"Ohis\",\"url\":\"https:\\\/\\\/www.ohis.be\\\/\",\"logo\":{\"@type\":\"ImageObject\",\"inLanguage\":\"de\",\"@id\":\"https:\\\/\\\/www.ohis.be\\\/#\\\/schema\\\/logo\\\/image\\\/\",\"url\":\"https:\\\/\\\/www.ohis.be\\\/wp-content\\\/uploads\\\/2021\\\/02\\\/logo-ohis-wit.svg\",\"contentUrl\":\"https:\\\/\\\/www.ohis.be\\\/wp-content\\\/uploads\\\/2021\\\/02\\\/logo-ohis-wit.svg\",\"caption\":\"Ohis\"},\"image\":{\"@id\":\"https:\\\/\\\/www.ohis.be\\\/#\\\/schema\\\/logo\\\/image\\\/\"}}]}<\/script>\n<!-- \/ Yoast SEO plugin. -->","yoast_head_json":{"title":"Stahl SH Seilzug - Ohis","robots":{"index":"index","follow":"follow","max-snippet":"max-snippet:-1","max-image-preview":"max-image-preview:large","max-video-preview":"max-video-preview:-1"},"canonical":"https:\/\/www.ohis.be\/produit\/palan-a-cable-stahl-sh\/","og_locale":"de_DE","og_type":"article","og_title":"Stahl SH Seilzug - Ohis","og_description":"Das Seil\u00adzug\u00adprogramm SH ist welt\u00adweit vielseitig im Einsatz. Kompakt, leistungs\u00adstark, besonders wartungs\u00adfreundlich und ein Ideal, was die Verbindung von Qualit\u00e4t, Flexibilit\u00e4t und Kraft angeht. Das Bau\u00adkasten\u00adsystem erm\u00f6glicht beinahe unbegrenzte Kombinationen der Bau\u00adgruppen. In f\u00fcnf Bau\u00adgr\u00f6\u00dfen mit 26 Trag\u00adlast\u00advarianten steht die Serie SH f\u00fcr den Trag\u00adlast\u00adbereich von 500 kg bis 25.000 kg zur Verf\u00fcgung. Das vielseitige Seilzug\u00adprogramm SH wird mit dem Seilzug SH 6080 auf Trag\u00adlasten bis 32.000 kg erweitert. Die Seil\u00adz\u00fcge k\u00f6nnen station\u00e4r oder mit Fahr\u00adwerk in Standard\u00adkranen, Spezial\u00adkranen oder im Anlagen\u00adbau eingesetzt werden. Auf Wunsch steht das gesamte Seil\u00adzug\u00adprogramm in explosions\u00adgesch\u00fctzter Aus\u00adf\u00fchrung f\u00fcr Zone 1, Zone 2, Zone 21 oder Zone 22 zur Verf\u00fcgung.","og_url":"https:\/\/www.ohis.be\/produit\/palan-a-cable-stahl-sh\/","og_site_name":"Ohis","og_image":[{"width":1024,"height":969,"url":"https:\/\/www.ohis.be\/wp-content\/uploads\/2022\/02\/sz_sh_111_bv4_l_01.jpg","type":"image\/jpeg"}],"twitter_card":"summary_large_image","twitter_misc":{"Gesch\u00e4tzte Lesezeit":"1\u00a0Minute"},"schema":{"@context":"https:\/\/schema.org","@graph":[{"@type":"WebPage","@id":"https:\/\/www.ohis.be\/produit\/palan-a-cable-stahl-sh\/","url":"https:\/\/www.ohis.be\/produit\/palan-a-cable-stahl-sh\/","name":"Stahl SH Seilzug - Ohis","isPartOf":{"@id":"https:\/\/www.ohis.be\/#website"},"primaryImageOfPage":{"@id":"https:\/\/www.ohis.be\/produit\/palan-a-cable-stahl-sh\/#primaryimage"},"image":{"@id":"https:\/\/www.ohis.be\/produit\/palan-a-cable-stahl-sh\/#primaryimage"},"thumbnailUrl":"https:\/\/www.ohis.be\/wp-content\/uploads\/2022\/02\/sz_sh_111_bv4_l_01.jpg","datePublished":"2022-02-18T15:54:08+00:00","breadcrumb":{"@id":"https:\/\/www.ohis.be\/produit\/palan-a-cable-stahl-sh\/#breadcrumb"},"inLanguage":"de","potentialAction":[{"@type":"ReadAction","target":["https:\/\/www.ohis.be\/produit\/palan-a-cable-stahl-sh\/"]}]},{"@type":"ImageObject","inLanguage":"de","@id":"https:\/\/www.ohis.be\/produit\/palan-a-cable-stahl-sh\/#primaryimage","url":"https:\/\/www.ohis.be\/wp-content\/uploads\/2022\/02\/sz_sh_111_bv4_l_01.jpg","contentUrl":"https:\/\/www.ohis.be\/wp-content\/uploads\/2022\/02\/sz_sh_111_bv4_l_01.jpg","width":1024,"height":969},{"@type":"BreadcrumbList","@id":"https:\/\/www.ohis.be\/produit\/palan-a-cable-stahl-sh\/#breadcrumb","itemListElement":[{"@type":"ListItem","position":1,"name":"Accueil","item":"https:\/\/www.ohis.be\/de\/"},{"@type":"ListItem","position":2,"name":"Produkte","item":"https:\/\/www.ohis.be\/de\/produkte\/"},{"@type":"ListItem","position":3,"name":"Stahl SH Seilzug"}]},{"@type":"WebSite","@id":"https:\/\/www.ohis.be\/#website","url":"https:\/\/www.ohis.be\/","name":"Ohis","description":"Outils de levage","publisher":{"@id":"https:\/\/www.ohis.be\/#organization"},"potentialAction":[{"@type":"SearchAction","target":{"@type":"EntryPoint","urlTemplate":"https:\/\/www.ohis.be\/?s={search_term_string}"},"query-input":{"@type":"PropertyValueSpecification","valueRequired":true,"valueName":"search_term_string"}}],"inLanguage":"de"},{"@type":"Organization","@id":"https:\/\/www.ohis.be\/#organization","name":"Ohis","url":"https:\/\/www.ohis.be\/","logo":{"@type":"ImageObject","inLanguage":"de","@id":"https:\/\/www.ohis.be\/#\/schema\/logo\/image\/","url":"https:\/\/www.ohis.be\/wp-content\/uploads\/2021\/02\/logo-ohis-wit.svg","contentUrl":"https:\/\/www.ohis.be\/wp-content\/uploads\/2021\/02\/logo-ohis-wit.svg","caption":"Ohis"},"image":{"@id":"https:\/\/www.ohis.be\/#\/schema\/logo\/image\/"}}]}},"_links":{"self":[{"href":"https:\/\/www.ohis.be\/de\/wp-json\/wp\/v2\/product\/12320","targetHints":{"allow":["GET"]}}],"collection":[{"href":"https:\/\/www.ohis.be\/de\/wp-json\/wp\/v2\/product"}],"about":[{"href":"https:\/\/www.ohis.be\/de\/wp-json\/wp\/v2\/types\/product"}],"wp:featuredmedia":[{"embeddable":true,"href":"https:\/\/www.ohis.be\/de\/wp-json\/wp\/v2\/media\/12282"}],"wp:attachment":[{"href":"https:\/\/www.ohis.be\/de\/wp-json\/wp\/v2\/media?parent=12320"}],"wp:term":[{"taxonomy":"product_brand","embeddable":true,"href":"https:\/\/www.ohis.be\/de\/wp-json\/wp\/v2\/product_brand?post=12320"},{"taxonomy":"product_cat","embeddable":true,"href":"https:\/\/www.ohis.be\/de\/wp-json\/wp\/v2\/product_cat?post=12320"},{"taxonomy":"product_tag","embeddable":true,"href":"https:\/\/www.ohis.be\/de\/wp-json\/wp\/v2\/product_tag?post=12320"}],"curies":[{"name":"wp","href":"https:\/\/api.w.org\/{rel}","templated":true}]}}