{"id":12314,"date":"2022-02-18T17:07:09","date_gmt":"2022-02-18T16:07:09","guid":{"rendered":"https:\/\/www.ohis.be\/produit\/seilzug-demag-dh\/"},"modified":"2022-02-18T17:07:09","modified_gmt":"2022-02-18T16:07:09","slug":"seilzug-demag-dh","status":"publish","type":"product","link":"https:\/\/www.ohis.be\/de\/produit\/seilzug-demag-dh\/","title":{"rendered":"Seilzug Demag DH"},"content":{"rendered":"","protected":false},"excerpt":{"rendered":"<p>Unsere Hubwerke der Baureihe DH sind vielseitig einsetzbar, sowohl als Katze an Kran oder Einschienenbahn, wie auch im station\u00e4ren Betrieb. Sie zeichnen sich durch technische Besonderheiten aus, die das zuverl\u00e4ssige Lastenhandling auch bei extremen Anforderungen erm\u00f6glichen. So bieten Konusl\u00e4uferbremsmotoren in Kombination mit mechanischem Feinhub besonders hohe Schalth\u00e4ufigkeiten und Einschaltdauern. In Verbindung mit der bew\u00e4hrten Sch\u00fctzsteuerung gew\u00e4hrleisten Hubwerke DH einen zuverl\u00e4ssigen Betrieb auch in rauen Umgebungen mit hohen Umgebungstemperaturen, gro\u00dfer Staubbelastung und aggressiver Atmosph\u00e4re. Die weiteren Merkmale:<br \/>\n\u2022\u00a0Drei Baugr\u00f6\u00dfen mit Tragf\u00e4higkeiten bis zu 100 t<br \/>\n\u2022\u00a0Hakenwege bis zu 104 m<br \/>\n\u2022\u00a0Besonders feinf\u00fchliges Positionieren mit mechanischem Feinhub<br \/>\n\u2022\u00a0Seilablauf in jede Richtung m\u00f6glich<br \/>\n\u2022\u00a0Verwindungssteifer, allseits offener Rahmen &#8211; an jeder Seite anschraubbar<\/p>\n","protected":false},"featured_media":12103,"template":"","meta":{"_acf_changed":false,"inline_featured_image":false},"product_brand":[],"product_cat":[700],"product_tag":[271],"class_list":{"0":"post-12314","1":"product","2":"type-product","3":"status-publish","4":"has-post-thumbnail","6":"product_cat-seilzug","7":"product_tag-demag-de","8":"product_shipping_class-4-de","10":"first","11":"onbackorder","12":"taxable","13":"shipping-taxable","14":"purchasable","15":"product-type-simple"},"acf":[],"yoast_head":"<!-- This site is optimized with the Yoast SEO plugin v27.4 - https:\/\/yoast.com\/product\/yoast-seo-wordpress\/ -->\n<title>Seilzug Demag DH - Ohis<\/title>\n<meta name=\"robots\" content=\"index, follow, max-snippet:-1, max-image-preview:large, max-video-preview:-1\" \/>\n<link rel=\"canonical\" href=\"https:\/\/www.ohis.be\/produit\/palan-a-cable-demag-dh\/\" \/>\n<meta property=\"og:locale\" content=\"de_DE\" \/>\n<meta property=\"og:type\" content=\"article\" \/>\n<meta property=\"og:title\" content=\"Seilzug Demag DH - Ohis\" \/>\n<meta property=\"og:description\" content=\"Unsere Hubwerke der Baureihe DH sind vielseitig einsetzbar, sowohl als Katze an Kran oder Einschienenbahn, wie auch im station\u00e4ren Betrieb. Sie zeichnen sich durch technische Besonderheiten aus, die das zuverl\u00e4ssige Lastenhandling auch bei extremen Anforderungen erm\u00f6glichen. So bieten Konusl\u00e4uferbremsmotoren in Kombination mit mechanischem Feinhub besonders hohe Schalth\u00e4ufigkeiten und Einschaltdauern. In Verbindung mit der bew\u00e4hrten Sch\u00fctzsteuerung gew\u00e4hrleisten Hubwerke DH einen zuverl\u00e4ssigen Betrieb auch in rauen Umgebungen mit hohen Umgebungstemperaturen, gro\u00dfer Staubbelastung und aggressiver Atmosph\u00e4re. Die weiteren Merkmale: \u2022\u00a0Drei Baugr\u00f6\u00dfen mit Tragf\u00e4higkeiten bis zu 100 t \u2022\u00a0Hakenwege bis zu 104 m \u2022\u00a0Besonders feinf\u00fchliges Positionieren mit mechanischem Feinhub \u2022\u00a0Seilablauf in jede Richtung m\u00f6glich \u2022\u00a0Verwindungssteifer, allseits offener Rahmen - an jeder Seite anschraubbar\" \/>\n<meta property=\"og:url\" content=\"https:\/\/www.ohis.be\/produit\/palan-a-cable-demag-dh\/\" \/>\n<meta property=\"og:site_name\" content=\"Ohis\" \/>\n<meta property=\"og:image\" content=\"https:\/\/www.ohis.be\/wp-content\/uploads\/2022\/02\/Demag-DH.gif\" \/>\n\t<meta property=\"og:image:width\" content=\"500\" \/>\n\t<meta property=\"og:image:height\" content=\"381\" \/>\n\t<meta property=\"og:image:type\" content=\"image\/gif\" \/>\n<meta name=\"twitter:card\" content=\"summary_large_image\" \/>\n<script type=\"application\/ld+json\" class=\"yoast-schema-graph\">{\"@context\":\"https:\\\/\\\/schema.org\",\"@graph\":[{\"@type\":\"WebPage\",\"@id\":\"https:\\\/\\\/www.ohis.be\\\/produit\\\/palan-a-cable-demag-dh\\\/\",\"url\":\"https:\\\/\\\/www.ohis.be\\\/produit\\\/palan-a-cable-demag-dh\\\/\",\"name\":\"Seilzug Demag DH - Ohis\",\"isPartOf\":{\"@id\":\"https:\\\/\\\/www.ohis.be\\\/#website\"},\"primaryImageOfPage\":{\"@id\":\"https:\\\/\\\/www.ohis.be\\\/produit\\\/palan-a-cable-demag-dh\\\/#primaryimage\"},\"image\":{\"@id\":\"https:\\\/\\\/www.ohis.be\\\/produit\\\/palan-a-cable-demag-dh\\\/#primaryimage\"},\"thumbnailUrl\":\"https:\\\/\\\/www.ohis.be\\\/wp-content\\\/uploads\\\/2022\\\/02\\\/Demag-DH.gif\",\"datePublished\":\"2022-02-18T16:07:09+00:00\",\"breadcrumb\":{\"@id\":\"https:\\\/\\\/www.ohis.be\\\/produit\\\/palan-a-cable-demag-dh\\\/#breadcrumb\"},\"inLanguage\":\"de\",\"potentialAction\":[{\"@type\":\"ReadAction\",\"target\":[\"https:\\\/\\\/www.ohis.be\\\/produit\\\/palan-a-cable-demag-dh\\\/\"]}]},{\"@type\":\"ImageObject\",\"inLanguage\":\"de\",\"@id\":\"https:\\\/\\\/www.ohis.be\\\/produit\\\/palan-a-cable-demag-dh\\\/#primaryimage\",\"url\":\"https:\\\/\\\/www.ohis.be\\\/wp-content\\\/uploads\\\/2022\\\/02\\\/Demag-DH.gif\",\"contentUrl\":\"https:\\\/\\\/www.ohis.be\\\/wp-content\\\/uploads\\\/2022\\\/02\\\/Demag-DH.gif\",\"width\":500,\"height\":381},{\"@type\":\"BreadcrumbList\",\"@id\":\"https:\\\/\\\/www.ohis.be\\\/produit\\\/palan-a-cable-demag-dh\\\/#breadcrumb\",\"itemListElement\":[{\"@type\":\"ListItem\",\"position\":1,\"name\":\"Accueil\",\"item\":\"https:\\\/\\\/www.ohis.be\\\/de\\\/\"},{\"@type\":\"ListItem\",\"position\":2,\"name\":\"Produkte\",\"item\":\"https:\\\/\\\/www.ohis.be\\\/de\\\/produkte\\\/\"},{\"@type\":\"ListItem\",\"position\":3,\"name\":\"Seilzug Demag DH\"}]},{\"@type\":\"WebSite\",\"@id\":\"https:\\\/\\\/www.ohis.be\\\/#website\",\"url\":\"https:\\\/\\\/www.ohis.be\\\/\",\"name\":\"Ohis\",\"description\":\"Outils de levage\",\"publisher\":{\"@id\":\"https:\\\/\\\/www.ohis.be\\\/#organization\"},\"potentialAction\":[{\"@type\":\"SearchAction\",\"target\":{\"@type\":\"EntryPoint\",\"urlTemplate\":\"https:\\\/\\\/www.ohis.be\\\/?s={search_term_string}\"},\"query-input\":{\"@type\":\"PropertyValueSpecification\",\"valueRequired\":true,\"valueName\":\"search_term_string\"}}],\"inLanguage\":\"de\"},{\"@type\":\"Organization\",\"@id\":\"https:\\\/\\\/www.ohis.be\\\/#organization\",\"name\":\"Ohis\",\"url\":\"https:\\\/\\\/www.ohis.be\\\/\",\"logo\":{\"@type\":\"ImageObject\",\"inLanguage\":\"de\",\"@id\":\"https:\\\/\\\/www.ohis.be\\\/#\\\/schema\\\/logo\\\/image\\\/\",\"url\":\"https:\\\/\\\/www.ohis.be\\\/wp-content\\\/uploads\\\/2021\\\/02\\\/logo-ohis-wit.svg\",\"contentUrl\":\"https:\\\/\\\/www.ohis.be\\\/wp-content\\\/uploads\\\/2021\\\/02\\\/logo-ohis-wit.svg\",\"caption\":\"Ohis\"},\"image\":{\"@id\":\"https:\\\/\\\/www.ohis.be\\\/#\\\/schema\\\/logo\\\/image\\\/\"}}]}<\/script>\n<!-- \/ Yoast SEO plugin. -->","yoast_head_json":{"title":"Seilzug Demag DH - Ohis","robots":{"index":"index","follow":"follow","max-snippet":"max-snippet:-1","max-image-preview":"max-image-preview:large","max-video-preview":"max-video-preview:-1"},"canonical":"https:\/\/www.ohis.be\/produit\/palan-a-cable-demag-dh\/","og_locale":"de_DE","og_type":"article","og_title":"Seilzug Demag DH - Ohis","og_description":"Unsere Hubwerke der Baureihe DH sind vielseitig einsetzbar, sowohl als Katze an Kran oder Einschienenbahn, wie auch im station\u00e4ren Betrieb. Sie zeichnen sich durch technische Besonderheiten aus, die das zuverl\u00e4ssige Lastenhandling auch bei extremen Anforderungen erm\u00f6glichen. So bieten Konusl\u00e4uferbremsmotoren in Kombination mit mechanischem Feinhub besonders hohe Schalth\u00e4ufigkeiten und Einschaltdauern. In Verbindung mit der bew\u00e4hrten Sch\u00fctzsteuerung gew\u00e4hrleisten Hubwerke DH einen zuverl\u00e4ssigen Betrieb auch in rauen Umgebungen mit hohen Umgebungstemperaturen, gro\u00dfer Staubbelastung und aggressiver Atmosph\u00e4re. Die weiteren Merkmale: \u2022\u00a0Drei Baugr\u00f6\u00dfen mit Tragf\u00e4higkeiten bis zu 100 t \u2022\u00a0Hakenwege bis zu 104 m \u2022\u00a0Besonders feinf\u00fchliges Positionieren mit mechanischem Feinhub \u2022\u00a0Seilablauf in jede Richtung m\u00f6glich \u2022\u00a0Verwindungssteifer, allseits offener Rahmen - an jeder Seite anschraubbar","og_url":"https:\/\/www.ohis.be\/produit\/palan-a-cable-demag-dh\/","og_site_name":"Ohis","og_image":[{"width":500,"height":381,"url":"https:\/\/www.ohis.be\/wp-content\/uploads\/2022\/02\/Demag-DH.gif","type":"image\/gif"}],"twitter_card":"summary_large_image","schema":{"@context":"https:\/\/schema.org","@graph":[{"@type":"WebPage","@id":"https:\/\/www.ohis.be\/produit\/palan-a-cable-demag-dh\/","url":"https:\/\/www.ohis.be\/produit\/palan-a-cable-demag-dh\/","name":"Seilzug Demag DH - Ohis","isPartOf":{"@id":"https:\/\/www.ohis.be\/#website"},"primaryImageOfPage":{"@id":"https:\/\/www.ohis.be\/produit\/palan-a-cable-demag-dh\/#primaryimage"},"image":{"@id":"https:\/\/www.ohis.be\/produit\/palan-a-cable-demag-dh\/#primaryimage"},"thumbnailUrl":"https:\/\/www.ohis.be\/wp-content\/uploads\/2022\/02\/Demag-DH.gif","datePublished":"2022-02-18T16:07:09+00:00","breadcrumb":{"@id":"https:\/\/www.ohis.be\/produit\/palan-a-cable-demag-dh\/#breadcrumb"},"inLanguage":"de","potentialAction":[{"@type":"ReadAction","target":["https:\/\/www.ohis.be\/produit\/palan-a-cable-demag-dh\/"]}]},{"@type":"ImageObject","inLanguage":"de","@id":"https:\/\/www.ohis.be\/produit\/palan-a-cable-demag-dh\/#primaryimage","url":"https:\/\/www.ohis.be\/wp-content\/uploads\/2022\/02\/Demag-DH.gif","contentUrl":"https:\/\/www.ohis.be\/wp-content\/uploads\/2022\/02\/Demag-DH.gif","width":500,"height":381},{"@type":"BreadcrumbList","@id":"https:\/\/www.ohis.be\/produit\/palan-a-cable-demag-dh\/#breadcrumb","itemListElement":[{"@type":"ListItem","position":1,"name":"Accueil","item":"https:\/\/www.ohis.be\/de\/"},{"@type":"ListItem","position":2,"name":"Produkte","item":"https:\/\/www.ohis.be\/de\/produkte\/"},{"@type":"ListItem","position":3,"name":"Seilzug Demag DH"}]},{"@type":"WebSite","@id":"https:\/\/www.ohis.be\/#website","url":"https:\/\/www.ohis.be\/","name":"Ohis","description":"Outils de levage","publisher":{"@id":"https:\/\/www.ohis.be\/#organization"},"potentialAction":[{"@type":"SearchAction","target":{"@type":"EntryPoint","urlTemplate":"https:\/\/www.ohis.be\/?s={search_term_string}"},"query-input":{"@type":"PropertyValueSpecification","valueRequired":true,"valueName":"search_term_string"}}],"inLanguage":"de"},{"@type":"Organization","@id":"https:\/\/www.ohis.be\/#organization","name":"Ohis","url":"https:\/\/www.ohis.be\/","logo":{"@type":"ImageObject","inLanguage":"de","@id":"https:\/\/www.ohis.be\/#\/schema\/logo\/image\/","url":"https:\/\/www.ohis.be\/wp-content\/uploads\/2021\/02\/logo-ohis-wit.svg","contentUrl":"https:\/\/www.ohis.be\/wp-content\/uploads\/2021\/02\/logo-ohis-wit.svg","caption":"Ohis"},"image":{"@id":"https:\/\/www.ohis.be\/#\/schema\/logo\/image\/"}}]}},"_links":{"self":[{"href":"https:\/\/www.ohis.be\/de\/wp-json\/wp\/v2\/product\/12314","targetHints":{"allow":["GET"]}}],"collection":[{"href":"https:\/\/www.ohis.be\/de\/wp-json\/wp\/v2\/product"}],"about":[{"href":"https:\/\/www.ohis.be\/de\/wp-json\/wp\/v2\/types\/product"}],"wp:featuredmedia":[{"embeddable":true,"href":"https:\/\/www.ohis.be\/de\/wp-json\/wp\/v2\/media\/12103"}],"wp:attachment":[{"href":"https:\/\/www.ohis.be\/de\/wp-json\/wp\/v2\/media?parent=12314"}],"wp:term":[{"taxonomy":"product_brand","embeddable":true,"href":"https:\/\/www.ohis.be\/de\/wp-json\/wp\/v2\/product_brand?post=12314"},{"taxonomy":"product_cat","embeddable":true,"href":"https:\/\/www.ohis.be\/de\/wp-json\/wp\/v2\/product_cat?post=12314"},{"taxonomy":"product_tag","embeddable":true,"href":"https:\/\/www.ohis.be\/de\/wp-json\/wp\/v2\/product_tag?post=12314"}],"curies":[{"name":"wp","href":"https:\/\/api.w.org\/{rel}","templated":true}]}}