{"id":12312,"date":"2022-02-18T17:14:07","date_gmt":"2022-02-18T16:14:07","guid":{"rendered":"https:\/\/www.ohis.be\/produit\/demag-dc-kettenzug\/"},"modified":"2022-02-18T17:14:07","modified_gmt":"2022-02-18T16:14:07","slug":"demag-dc-kettenzug","status":"publish","type":"product","link":"https:\/\/www.ohis.be\/de\/produit\/demag-dc-kettenzug\/","title":{"rendered":"Demag DC Kettenzug"},"content":{"rendered":"<p>Unsere Kettenz\u00fcge \u00fcberzeugen durch ihre Leistungsf\u00e4higkeit und Zuverl\u00e4ssigkeit im t\u00e4glichen Einsatz und durch ein hohes Ma\u00df an Sicherheit. Mit unserem Kettenzug DC-Pro, der bereits serienm\u00e4\u00dfig \u00fcber zahlreiche Ausstattungsmerkmale verf\u00fcgt, haben wir einen neuen Industriestandard gesetzt. Wir bieten Ihnen verschiedene Kompakthebezeuge in fein abgestuften Traglastbereichen von 80 kg bis zu 5.000 kg. Eines davon: Der DC-Wind f\u00fcr den Service von Windkraftanlagen. Auch der Manulift f\u00fcr das sichere und z\u00fcgige Lasthandling mit Einhandbedienung \u00fcberzeugt.<\/p>\n","protected":false},"excerpt":{"rendered":"<p>Unsere Kettenz\u00fcge \u00fcberzeugen durch ihre Leistungsf\u00e4higkeit und Zuverl\u00e4ssigkeit im t\u00e4glichen Einsatz und durch ein hohes Ma\u00df an Sicherheit. Mit unserem Kettenzug DC-Pro, der bereits serienm\u00e4\u00dfig \u00fcber zahlreiche Ausstattungsmerkmale verf\u00fcgt, haben wir einen neuen Industriestandard gesetzt. Wir bieten Ihnen verschiedene Kompakthebezeuge in fein abgestuften Traglastbereichen von 80 kg bis zu 5.000 kg. Eines davon: Der DC-Wind f\u00fcr den Service von Windkraftanlagen. Auch der Manulift f\u00fcr das sichere und z\u00fcgige Lasthandling mit Einhandbedienung \u00fcberzeugt.<\/p>\n","protected":false},"featured_media":12095,"template":"","meta":{"_acf_changed":false,"inline_featured_image":false},"product_brand":[],"product_cat":[697],"product_tag":[271],"class_list":{"0":"post-12312","1":"product","2":"type-product","3":"status-publish","4":"has-post-thumbnail","6":"product_cat-kettenzug","7":"product_tag-demag-de","8":"product_shipping_class-4-de","9":"yith_product_brand-demag-de","11":"first","12":"outofstock","13":"taxable","14":"shipping-taxable","15":"purchasable","16":"product-type-simple"},"acf":[],"yoast_head":"<!-- This site is optimized with the Yoast SEO plugin v27.5 - https:\/\/yoast.com\/product\/yoast-seo-wordpress\/ -->\n<title>Demag DC Kettenzug - Ohis<\/title>\n<meta name=\"robots\" content=\"index, follow, max-snippet:-1, max-image-preview:large, max-video-preview:-1\" \/>\n<link rel=\"canonical\" href=\"https:\/\/www.ohis.be\/de\/produit\/demag-dc-kettenzug\/\" \/>\n<meta property=\"og:locale\" content=\"de_DE\" \/>\n<meta property=\"og:type\" content=\"article\" \/>\n<meta property=\"og:title\" content=\"Demag DC Kettenzug - Ohis\" \/>\n<meta property=\"og:description\" content=\"Unsere Kettenz\u00fcge \u00fcberzeugen durch ihre Leistungsf\u00e4higkeit und Zuverl\u00e4ssigkeit im t\u00e4glichen Einsatz und durch ein hohes Ma\u00df an Sicherheit. Mit unserem Kettenzug DC-Pro, der bereits serienm\u00e4\u00dfig \u00fcber zahlreiche Ausstattungsmerkmale verf\u00fcgt, haben wir einen neuen Industriestandard gesetzt. Wir bieten Ihnen verschiedene Kompakthebezeuge in fein abgestuften Traglastbereichen von 80 kg bis zu 5.000 kg. Eines davon: Der DC-Wind f\u00fcr den Service von Windkraftanlagen. Auch der Manulift f\u00fcr das sichere und z\u00fcgige Lasthandling mit Einhandbedienung \u00fcberzeugt.\" \/>\n<meta property=\"og:url\" content=\"https:\/\/www.ohis.be\/de\/produit\/demag-dc-kettenzug\/\" \/>\n<meta property=\"og:site_name\" content=\"Ohis\" \/>\n<meta property=\"og:image\" content=\"https:\/\/www.ohis.be\/wp-content\/uploads\/2022\/02\/demag-dc-com-elektrische-kettingtakel-400v.jpg\" \/>\n\t<meta property=\"og:image:width\" content=\"500\" \/>\n\t<meta property=\"og:image:height\" content=\"500\" \/>\n\t<meta property=\"og:image:type\" content=\"image\/jpeg\" \/>\n<meta name=\"twitter:card\" content=\"summary_large_image\" \/>\n<script type=\"application\/ld+json\" class=\"yoast-schema-graph\">{\"@context\":\"https:\\\/\\\/schema.org\",\"@graph\":[{\"@type\":\"WebPage\",\"@id\":\"https:\\\/\\\/www.ohis.be\\\/de\\\/produit\\\/demag-dc-kettenzug\\\/\",\"url\":\"https:\\\/\\\/www.ohis.be\\\/de\\\/produit\\\/demag-dc-kettenzug\\\/\",\"name\":\"Demag DC Kettenzug - Ohis\",\"isPartOf\":{\"@id\":\"https:\\\/\\\/www.ohis.be\\\/de\\\/#website\"},\"primaryImageOfPage\":{\"@id\":\"https:\\\/\\\/www.ohis.be\\\/de\\\/produit\\\/demag-dc-kettenzug\\\/#primaryimage\"},\"image\":{\"@id\":\"https:\\\/\\\/www.ohis.be\\\/de\\\/produit\\\/demag-dc-kettenzug\\\/#primaryimage\"},\"thumbnailUrl\":\"https:\\\/\\\/www.ohis.be\\\/wp-content\\\/uploads\\\/2022\\\/02\\\/demag-dc-com-elektrische-kettingtakel-400v.jpg\",\"datePublished\":\"2022-02-18T16:14:07+00:00\",\"breadcrumb\":{\"@id\":\"https:\\\/\\\/www.ohis.be\\\/de\\\/produit\\\/demag-dc-kettenzug\\\/#breadcrumb\"},\"inLanguage\":\"de\",\"potentialAction\":[{\"@type\":\"ReadAction\",\"target\":[\"https:\\\/\\\/www.ohis.be\\\/de\\\/produit\\\/demag-dc-kettenzug\\\/\"]}]},{\"@type\":\"ImageObject\",\"inLanguage\":\"de\",\"@id\":\"https:\\\/\\\/www.ohis.be\\\/de\\\/produit\\\/demag-dc-kettenzug\\\/#primaryimage\",\"url\":\"https:\\\/\\\/www.ohis.be\\\/wp-content\\\/uploads\\\/2022\\\/02\\\/demag-dc-com-elektrische-kettingtakel-400v.jpg\",\"contentUrl\":\"https:\\\/\\\/www.ohis.be\\\/wp-content\\\/uploads\\\/2022\\\/02\\\/demag-dc-com-elektrische-kettingtakel-400v.jpg\",\"width\":500,\"height\":500},{\"@type\":\"BreadcrumbList\",\"@id\":\"https:\\\/\\\/www.ohis.be\\\/de\\\/produit\\\/demag-dc-kettenzug\\\/#breadcrumb\",\"itemListElement\":[{\"@type\":\"ListItem\",\"position\":1,\"name\":\"Accueil\",\"item\":\"https:\\\/\\\/www.ohis.be\\\/de\\\/\"},{\"@type\":\"ListItem\",\"position\":2,\"name\":\"Produkte\",\"item\":\"https:\\\/\\\/www.ohis.be\\\/de\\\/produkte\\\/\"},{\"@type\":\"ListItem\",\"position\":3,\"name\":\"Demag DC Kettenzug\"}]},{\"@type\":\"WebSite\",\"@id\":\"https:\\\/\\\/www.ohis.be\\\/de\\\/#website\",\"url\":\"https:\\\/\\\/www.ohis.be\\\/de\\\/\",\"name\":\"Ohis\",\"description\":\"Outils de levage\",\"publisher\":{\"@id\":\"https:\\\/\\\/www.ohis.be\\\/de\\\/#organization\"},\"potentialAction\":[{\"@type\":\"SearchAction\",\"target\":{\"@type\":\"EntryPoint\",\"urlTemplate\":\"https:\\\/\\\/www.ohis.be\\\/de\\\/?s={search_term_string}\"},\"query-input\":{\"@type\":\"PropertyValueSpecification\",\"valueRequired\":true,\"valueName\":\"search_term_string\"}}],\"inLanguage\":\"de\"},{\"@type\":\"Organization\",\"@id\":\"https:\\\/\\\/www.ohis.be\\\/de\\\/#organization\",\"name\":\"Ohis\",\"url\":\"https:\\\/\\\/www.ohis.be\\\/de\\\/\",\"logo\":{\"@type\":\"ImageObject\",\"inLanguage\":\"de\",\"@id\":\"https:\\\/\\\/www.ohis.be\\\/de\\\/#\\\/schema\\\/logo\\\/image\\\/\",\"url\":\"https:\\\/\\\/www.ohis.be\\\/wp-content\\\/uploads\\\/2021\\\/02\\\/logo-ohis-wit.svg\",\"contentUrl\":\"https:\\\/\\\/www.ohis.be\\\/wp-content\\\/uploads\\\/2021\\\/02\\\/logo-ohis-wit.svg\",\"caption\":\"Ohis\"},\"image\":{\"@id\":\"https:\\\/\\\/www.ohis.be\\\/de\\\/#\\\/schema\\\/logo\\\/image\\\/\"}}]}<\/script>\n<!-- \/ Yoast SEO plugin. -->","yoast_head_json":{"title":"Demag DC Kettenzug - Ohis","robots":{"index":"index","follow":"follow","max-snippet":"max-snippet:-1","max-image-preview":"max-image-preview:large","max-video-preview":"max-video-preview:-1"},"canonical":"https:\/\/www.ohis.be\/de\/produit\/demag-dc-kettenzug\/","og_locale":"de_DE","og_type":"article","og_title":"Demag DC Kettenzug - Ohis","og_description":"Unsere Kettenz\u00fcge \u00fcberzeugen durch ihre Leistungsf\u00e4higkeit und Zuverl\u00e4ssigkeit im t\u00e4glichen Einsatz und durch ein hohes Ma\u00df an Sicherheit. Mit unserem Kettenzug DC-Pro, der bereits serienm\u00e4\u00dfig \u00fcber zahlreiche Ausstattungsmerkmale verf\u00fcgt, haben wir einen neuen Industriestandard gesetzt. Wir bieten Ihnen verschiedene Kompakthebezeuge in fein abgestuften Traglastbereichen von 80 kg bis zu 5.000 kg. Eines davon: Der DC-Wind f\u00fcr den Service von Windkraftanlagen. Auch der Manulift f\u00fcr das sichere und z\u00fcgige Lasthandling mit Einhandbedienung \u00fcberzeugt.","og_url":"https:\/\/www.ohis.be\/de\/produit\/demag-dc-kettenzug\/","og_site_name":"Ohis","og_image":[{"width":500,"height":500,"url":"https:\/\/www.ohis.be\/wp-content\/uploads\/2022\/02\/demag-dc-com-elektrische-kettingtakel-400v.jpg","type":"image\/jpeg"}],"twitter_card":"summary_large_image","schema":{"@context":"https:\/\/schema.org","@graph":[{"@type":"WebPage","@id":"https:\/\/www.ohis.be\/de\/produit\/demag-dc-kettenzug\/","url":"https:\/\/www.ohis.be\/de\/produit\/demag-dc-kettenzug\/","name":"Demag DC Kettenzug - Ohis","isPartOf":{"@id":"https:\/\/www.ohis.be\/de\/#website"},"primaryImageOfPage":{"@id":"https:\/\/www.ohis.be\/de\/produit\/demag-dc-kettenzug\/#primaryimage"},"image":{"@id":"https:\/\/www.ohis.be\/de\/produit\/demag-dc-kettenzug\/#primaryimage"},"thumbnailUrl":"https:\/\/www.ohis.be\/wp-content\/uploads\/2022\/02\/demag-dc-com-elektrische-kettingtakel-400v.jpg","datePublished":"2022-02-18T16:14:07+00:00","breadcrumb":{"@id":"https:\/\/www.ohis.be\/de\/produit\/demag-dc-kettenzug\/#breadcrumb"},"inLanguage":"de","potentialAction":[{"@type":"ReadAction","target":["https:\/\/www.ohis.be\/de\/produit\/demag-dc-kettenzug\/"]}]},{"@type":"ImageObject","inLanguage":"de","@id":"https:\/\/www.ohis.be\/de\/produit\/demag-dc-kettenzug\/#primaryimage","url":"https:\/\/www.ohis.be\/wp-content\/uploads\/2022\/02\/demag-dc-com-elektrische-kettingtakel-400v.jpg","contentUrl":"https:\/\/www.ohis.be\/wp-content\/uploads\/2022\/02\/demag-dc-com-elektrische-kettingtakel-400v.jpg","width":500,"height":500},{"@type":"BreadcrumbList","@id":"https:\/\/www.ohis.be\/de\/produit\/demag-dc-kettenzug\/#breadcrumb","itemListElement":[{"@type":"ListItem","position":1,"name":"Accueil","item":"https:\/\/www.ohis.be\/de\/"},{"@type":"ListItem","position":2,"name":"Produkte","item":"https:\/\/www.ohis.be\/de\/produkte\/"},{"@type":"ListItem","position":3,"name":"Demag DC Kettenzug"}]},{"@type":"WebSite","@id":"https:\/\/www.ohis.be\/de\/#website","url":"https:\/\/www.ohis.be\/de\/","name":"Ohis","description":"Outils de levage","publisher":{"@id":"https:\/\/www.ohis.be\/de\/#organization"},"potentialAction":[{"@type":"SearchAction","target":{"@type":"EntryPoint","urlTemplate":"https:\/\/www.ohis.be\/de\/?s={search_term_string}"},"query-input":{"@type":"PropertyValueSpecification","valueRequired":true,"valueName":"search_term_string"}}],"inLanguage":"de"},{"@type":"Organization","@id":"https:\/\/www.ohis.be\/de\/#organization","name":"Ohis","url":"https:\/\/www.ohis.be\/de\/","logo":{"@type":"ImageObject","inLanguage":"de","@id":"https:\/\/www.ohis.be\/de\/#\/schema\/logo\/image\/","url":"https:\/\/www.ohis.be\/wp-content\/uploads\/2021\/02\/logo-ohis-wit.svg","contentUrl":"https:\/\/www.ohis.be\/wp-content\/uploads\/2021\/02\/logo-ohis-wit.svg","caption":"Ohis"},"image":{"@id":"https:\/\/www.ohis.be\/de\/#\/schema\/logo\/image\/"}}]}},"_links":{"self":[{"href":"https:\/\/www.ohis.be\/de\/wp-json\/wp\/v2\/product\/12312","targetHints":{"allow":["GET"]}}],"collection":[{"href":"https:\/\/www.ohis.be\/de\/wp-json\/wp\/v2\/product"}],"about":[{"href":"https:\/\/www.ohis.be\/de\/wp-json\/wp\/v2\/types\/product"}],"wp:featuredmedia":[{"embeddable":true,"href":"https:\/\/www.ohis.be\/de\/wp-json\/wp\/v2\/media\/12095"}],"wp:attachment":[{"href":"https:\/\/www.ohis.be\/de\/wp-json\/wp\/v2\/media?parent=12312"}],"wp:term":[{"taxonomy":"product_brand","embeddable":true,"href":"https:\/\/www.ohis.be\/de\/wp-json\/wp\/v2\/product_brand?post=12312"},{"taxonomy":"product_cat","embeddable":true,"href":"https:\/\/www.ohis.be\/de\/wp-json\/wp\/v2\/product_cat?post=12312"},{"taxonomy":"product_tag","embeddable":true,"href":"https:\/\/www.ohis.be\/de\/wp-json\/wp\/v2\/product_tag?post=12312"}],"curies":[{"name":"wp","href":"https:\/\/api.w.org\/{rel}","templated":true}]}}