{"id":10344,"date":"2022-01-20T21:48:29","date_gmt":"2022-01-20T20:48:29","guid":{"rendered":"https:\/\/www.ohis.be\/produit\/sangles-de-levage-avec-des-boucles-renforcees\/"},"modified":"2022-02-24T20:46:54","modified_gmt":"2022-02-24T19:46:54","slug":"sangles-de-levage-avec-des-boucles-renforcees","status":"publish","type":"product","link":"https:\/\/www.ohis.be\/de\/produit\/sangles-de-levage-avec-des-boucles-renforcees\/","title":{"rendered":"Sangles de levage avec des boucles renforc\u00e9es"},"content":{"rendered":"","protected":false},"excerpt":{"rendered":"<p>SANGLES DE LEVAGE EN POLYESTER<\/p>\n<p>\u2022 En conformit\u00e9 avec les Directives sur les machines 2006\/42\/CE<br \/>\n\u2022 Marques de tonnage: chaque marque signifie 1 tonne de capacit\u00e9<br \/>\n\u2022 Plage de temp\u00e9rature: -40\u00b0C \u00e0 +100\u00b0C<br \/>\n\u2022 Livraison par d\u00e9faut avec une d\u00e9claration de conformit\u00e9\/un certificat de s\u00e9rie<br \/>\n\u2022 Livraison en option avec un seul certificat unique<br \/>\n\u2022 Codes de couleur selon EN 1492<br \/>\n\u2022 Sangle de levage compos\u00e9e de deux couches de fibres de polyester de bonne qualit\u00e9<\/p>\n<table border=\"3D0\" width=\"3D581\" cellspacing=\"3D0\" cellpadding=\"3D0\">\n<tbody>\n<tr>\n<td class=\"3Dxl73\" style=\"3d'height: 15.0pt; width: 48pt=;\" width=\"3D64\" height=\"3D20\">TYPE<\/td>\n<td class=\"3Dxl73\" width=\"3D195\">\u00a0CODES DE COULEUR SELON LES NORMES EUROP\u00c9ENNES<\/td>\n<td class=\"3Dxl73\" width=\"3D118\">CAPACIT\u00c9 (KG)<\/td>\n<td class=\"3Dxl73\" width=\"3D118\">LARGEUR DE LA SANGLE (MM)<\/td>\n<td class=\"3Dxl73\" width=\"3D86\">NOMBRE DE COUCHES<\/td>\n<\/tr>\n<tr>\n<td height=\"3D20\">BHB030<\/td>\n<td class=\"3Dxl65\">MAUVE<\/td>\n<td align=\"3Dright\">1000<\/td>\n<td align=\"3Dright\">30<\/td>\n<td align=\"3Dright\">2<\/td>\n<\/tr>\n<tr>\n<td height=\"3D20\">BHB060<\/td>\n<td class=\"3Dxl66\">VERT<\/td>\n<td align=\"3Dright\">2000<\/td>\n<td align=\"3Dright\">60<\/td>\n<td align=\"3Dright\">2<\/td>\n<\/tr>\n<tr>\n<td height=\"3D20\">BHB090<\/td>\n<td class=\"3Dxl67\">JAUNE<\/td>\n<td align=\"3Dright\">3000<\/td>\n<td align=\"3Dright\">90<\/td>\n<td align=\"3Dright\">2<\/td>\n<\/tr>\n<tr>\n<td height=\"3D20\">BHB120<\/td>\n<td class=\"3Dxl68\">GRIS<\/td>\n<td align=\"3Dright\">4000<\/td>\n<td align=\"3Dright\">120<\/td>\n<td align=\"3Dright\">2<\/td>\n<\/tr>\n<tr>\n<td height=\"3D20\">BHB150<\/td>\n<td class=\"3Dxl69\">ROUGE<\/td>\n<td align=\"3Dright\">5000<\/td>\n<td align=\"3Dright\">150<\/td>\n<td align=\"3Dright\">2<\/td>\n<\/tr>\n<tr>\n<td height=\"3D20\">BHB180<\/td>\n<td class=\"3Dxl70\">BRUN<\/td>\n<td align=\"3Dright\">6000<\/td>\n<td align=\"3Dright\">180<\/td>\n<td align=\"3Dright\">2<\/td>\n<\/tr>\n<tr>\n<td height=\"3D20\">BHB240<\/td>\n<td class=\"3Dxl71\">BLEU<\/td>\n<td align=\"3Dright\">8000<\/td>\n<td align=\"3Dright\">240<\/td>\n<td align=\"3Dright\">2<\/td>\n<\/tr>\n<tr>\n<td height=\"3D20\">BHB300<\/td>\n<td class=\"3Dxl72\">ORANGE<\/td>\n<td align=\"3Dright\">10000<\/td>\n<td align=\"3Dright\">300<\/td>\n<td align=\"3Dright\">2<\/td>\n<\/tr>\n<\/tbody>\n<\/table>\n<p>Autres longueur et capacit\u00e9 sur demande<\/p>\n","protected":false},"featured_media":10121,"template":"","meta":{"_acf_changed":false,"inline_featured_image":false},"product_brand":[],"product_cat":[340,325],"product_tag":[681],"class_list":{"0":"post-10344","1":"product","2":"type-product","3":"status-publish","4":"has-post-thumbnail","6":"product_cat-hebeband","7":"product_cat-accesoires-de","8":"product_tag-breamark-de","10":"first","11":"onbackorder","12":"taxable","13":"shipping-taxable","14":"purchasable","15":"product-type-variable"},"acf":[],"yoast_head":"<!-- This site is optimized with the Yoast SEO plugin v27.4 - https:\/\/yoast.com\/product\/yoast-seo-wordpress\/ -->\n<title>Sangles de levage avec des boucles renforc\u00e9es - Ohis<\/title>\n<meta name=\"robots\" content=\"index, follow, max-snippet:-1, max-image-preview:large, max-video-preview:-1\" \/>\n<link rel=\"canonical\" href=\"https:\/\/www.ohis.be\/de\/produit\/sangles-de-levage-avec-des-boucles-renforcees\/\" \/>\n<meta property=\"og:locale\" content=\"de_DE\" \/>\n<meta property=\"og:type\" content=\"article\" \/>\n<meta property=\"og:title\" content=\"Sangles de levage avec des boucles renforc\u00e9es - Ohis\" \/>\n<meta property=\"og:description\" content=\"SANGLES DE LEVAGE EN POLYESTER  \u2022 En conformit\u00e9 avec les Directives sur les machines 2006\/42\/CE \u2022 Marques de tonnage: chaque marque signifie 1 tonne de capacit\u00e9 \u2022 Plage de temp\u00e9rature: -40\u00b0C \u00e0 +100\u00b0C \u2022 Livraison par d\u00e9faut avec une d\u00e9claration de conformit\u00e9\/un certificat de s\u00e9rie \u2022 Livraison en option avec un seul certificat unique \u2022 Codes de couleur selon EN 1492 \u2022 Sangle de levage compos\u00e9e de deux couches de fibres de polyester de bonne qualit\u00e9    TYPE \u00a0CODES DE COULEUR SELON LES NORMES EUROP\u00c9ENNES CAPACIT\u00c9 (KG) LARGEUR DE LA SANGLE (MM) NOMBRE DE COUCHES   BHB030 MAUVE 1000 30 2   BHB060 VERT 2000 60 2   BHB090 JAUNE 3000 90 2   BHB120 GRIS 4000 120 2   BHB150 ROUGE 5000 150 2   BHB180 BRUN 6000 180 2   BHB240 BLEU 8000 240 2   BHB300 ORANGE 10000 300 2    Autres longueur et capacit\u00e9 sur demande\" \/>\n<meta property=\"og:url\" content=\"https:\/\/www.ohis.be\/de\/produit\/sangles-de-levage-avec-des-boucles-renforcees\/\" \/>\n<meta property=\"og:site_name\" content=\"Ohis\" \/>\n<meta property=\"article:modified_time\" content=\"2022-02-24T19:46:54+00:00\" \/>\n<meta property=\"og:image\" content=\"https:\/\/www.ohis.be\/wp-content\/uploads\/2022\/01\/Sangle-avec-boucles-renforce-3t.jpg\" \/>\n\t<meta property=\"og:image:width\" content=\"650\" \/>\n\t<meta property=\"og:image:height\" content=\"650\" \/>\n\t<meta property=\"og:image:type\" content=\"image\/jpeg\" \/>\n<meta name=\"twitter:card\" content=\"summary_large_image\" \/>\n<script type=\"application\/ld+json\" class=\"yoast-schema-graph\">{\"@context\":\"https:\\\/\\\/schema.org\",\"@graph\":[{\"@type\":\"WebPage\",\"@id\":\"https:\\\/\\\/www.ohis.be\\\/de\\\/produit\\\/sangles-de-levage-avec-des-boucles-renforcees\\\/\",\"url\":\"https:\\\/\\\/www.ohis.be\\\/de\\\/produit\\\/sangles-de-levage-avec-des-boucles-renforcees\\\/\",\"name\":\"Sangles de levage avec des boucles renforc\u00e9es - Ohis\",\"isPartOf\":{\"@id\":\"https:\\\/\\\/www.ohis.be\\\/#website\"},\"primaryImageOfPage\":{\"@id\":\"https:\\\/\\\/www.ohis.be\\\/de\\\/produit\\\/sangles-de-levage-avec-des-boucles-renforcees\\\/#primaryimage\"},\"image\":{\"@id\":\"https:\\\/\\\/www.ohis.be\\\/de\\\/produit\\\/sangles-de-levage-avec-des-boucles-renforcees\\\/#primaryimage\"},\"thumbnailUrl\":\"https:\\\/\\\/www.ohis.be\\\/wp-content\\\/uploads\\\/2022\\\/01\\\/Sangle-avec-boucles-renforce-3t.jpg\",\"datePublished\":\"2022-01-20T20:48:29+00:00\",\"dateModified\":\"2022-02-24T19:46:54+00:00\",\"breadcrumb\":{\"@id\":\"https:\\\/\\\/www.ohis.be\\\/de\\\/produit\\\/sangles-de-levage-avec-des-boucles-renforcees\\\/#breadcrumb\"},\"inLanguage\":\"de\",\"potentialAction\":[{\"@type\":\"ReadAction\",\"target\":[\"https:\\\/\\\/www.ohis.be\\\/de\\\/produit\\\/sangles-de-levage-avec-des-boucles-renforcees\\\/\"]}]},{\"@type\":\"ImageObject\",\"inLanguage\":\"de\",\"@id\":\"https:\\\/\\\/www.ohis.be\\\/de\\\/produit\\\/sangles-de-levage-avec-des-boucles-renforcees\\\/#primaryimage\",\"url\":\"https:\\\/\\\/www.ohis.be\\\/wp-content\\\/uploads\\\/2022\\\/01\\\/Sangle-avec-boucles-renforce-3t.jpg\",\"contentUrl\":\"https:\\\/\\\/www.ohis.be\\\/wp-content\\\/uploads\\\/2022\\\/01\\\/Sangle-avec-boucles-renforce-3t.jpg\",\"width\":650,\"height\":650},{\"@type\":\"BreadcrumbList\",\"@id\":\"https:\\\/\\\/www.ohis.be\\\/de\\\/produit\\\/sangles-de-levage-avec-des-boucles-renforcees\\\/#breadcrumb\",\"itemListElement\":[{\"@type\":\"ListItem\",\"position\":1,\"name\":\"Accueil\",\"item\":\"https:\\\/\\\/www.ohis.be\\\/de\\\/\"},{\"@type\":\"ListItem\",\"position\":2,\"name\":\"Produkte\",\"item\":\"https:\\\/\\\/www.ohis.be\\\/de\\\/produkte\\\/\"},{\"@type\":\"ListItem\",\"position\":3,\"name\":\"Sangles de levage avec des boucles renforc\u00e9es\"}]},{\"@type\":\"WebSite\",\"@id\":\"https:\\\/\\\/www.ohis.be\\\/#website\",\"url\":\"https:\\\/\\\/www.ohis.be\\\/\",\"name\":\"Ohis\",\"description\":\"Outils de levage\",\"publisher\":{\"@id\":\"https:\\\/\\\/www.ohis.be\\\/#organization\"},\"potentialAction\":[{\"@type\":\"SearchAction\",\"target\":{\"@type\":\"EntryPoint\",\"urlTemplate\":\"https:\\\/\\\/www.ohis.be\\\/?s={search_term_string}\"},\"query-input\":{\"@type\":\"PropertyValueSpecification\",\"valueRequired\":true,\"valueName\":\"search_term_string\"}}],\"inLanguage\":\"de\"},{\"@type\":\"Organization\",\"@id\":\"https:\\\/\\\/www.ohis.be\\\/#organization\",\"name\":\"Ohis\",\"url\":\"https:\\\/\\\/www.ohis.be\\\/\",\"logo\":{\"@type\":\"ImageObject\",\"inLanguage\":\"de\",\"@id\":\"https:\\\/\\\/www.ohis.be\\\/#\\\/schema\\\/logo\\\/image\\\/\",\"url\":\"https:\\\/\\\/www.ohis.be\\\/wp-content\\\/uploads\\\/2021\\\/02\\\/logo-ohis-wit.svg\",\"contentUrl\":\"https:\\\/\\\/www.ohis.be\\\/wp-content\\\/uploads\\\/2021\\\/02\\\/logo-ohis-wit.svg\",\"caption\":\"Ohis\"},\"image\":{\"@id\":\"https:\\\/\\\/www.ohis.be\\\/#\\\/schema\\\/logo\\\/image\\\/\"}}]}<\/script>\n<!-- \/ Yoast SEO plugin. -->","yoast_head_json":{"title":"Sangles de levage avec des boucles renforc\u00e9es - Ohis","robots":{"index":"index","follow":"follow","max-snippet":"max-snippet:-1","max-image-preview":"max-image-preview:large","max-video-preview":"max-video-preview:-1"},"canonical":"https:\/\/www.ohis.be\/de\/produit\/sangles-de-levage-avec-des-boucles-renforcees\/","og_locale":"de_DE","og_type":"article","og_title":"Sangles de levage avec des boucles renforc\u00e9es - Ohis","og_description":"SANGLES DE LEVAGE EN POLYESTER  \u2022 En conformit\u00e9 avec les Directives sur les machines 2006\/42\/CE \u2022 Marques de tonnage: chaque marque signifie 1 tonne de capacit\u00e9 \u2022 Plage de temp\u00e9rature: -40\u00b0C \u00e0 +100\u00b0C \u2022 Livraison par d\u00e9faut avec une d\u00e9claration de conformit\u00e9\/un certificat de s\u00e9rie \u2022 Livraison en option avec un seul certificat unique \u2022 Codes de couleur selon EN 1492 \u2022 Sangle de levage compos\u00e9e de deux couches de fibres de polyester de bonne qualit\u00e9    TYPE \u00a0CODES DE COULEUR SELON LES NORMES EUROP\u00c9ENNES CAPACIT\u00c9 (KG) LARGEUR DE LA SANGLE (MM) NOMBRE DE COUCHES   BHB030 MAUVE 1000 30 2   BHB060 VERT 2000 60 2   BHB090 JAUNE 3000 90 2   BHB120 GRIS 4000 120 2   BHB150 ROUGE 5000 150 2   BHB180 BRUN 6000 180 2   BHB240 BLEU 8000 240 2   BHB300 ORANGE 10000 300 2    Autres longueur et capacit\u00e9 sur demande","og_url":"https:\/\/www.ohis.be\/de\/produit\/sangles-de-levage-avec-des-boucles-renforcees\/","og_site_name":"Ohis","article_modified_time":"2022-02-24T19:46:54+00:00","og_image":[{"width":650,"height":650,"url":"https:\/\/www.ohis.be\/wp-content\/uploads\/2022\/01\/Sangle-avec-boucles-renforce-3t.jpg","type":"image\/jpeg"}],"twitter_card":"summary_large_image","schema":{"@context":"https:\/\/schema.org","@graph":[{"@type":"WebPage","@id":"https:\/\/www.ohis.be\/de\/produit\/sangles-de-levage-avec-des-boucles-renforcees\/","url":"https:\/\/www.ohis.be\/de\/produit\/sangles-de-levage-avec-des-boucles-renforcees\/","name":"Sangles de levage avec des boucles renforc\u00e9es - Ohis","isPartOf":{"@id":"https:\/\/www.ohis.be\/#website"},"primaryImageOfPage":{"@id":"https:\/\/www.ohis.be\/de\/produit\/sangles-de-levage-avec-des-boucles-renforcees\/#primaryimage"},"image":{"@id":"https:\/\/www.ohis.be\/de\/produit\/sangles-de-levage-avec-des-boucles-renforcees\/#primaryimage"},"thumbnailUrl":"https:\/\/www.ohis.be\/wp-content\/uploads\/2022\/01\/Sangle-avec-boucles-renforce-3t.jpg","datePublished":"2022-01-20T20:48:29+00:00","dateModified":"2022-02-24T19:46:54+00:00","breadcrumb":{"@id":"https:\/\/www.ohis.be\/de\/produit\/sangles-de-levage-avec-des-boucles-renforcees\/#breadcrumb"},"inLanguage":"de","potentialAction":[{"@type":"ReadAction","target":["https:\/\/www.ohis.be\/de\/produit\/sangles-de-levage-avec-des-boucles-renforcees\/"]}]},{"@type":"ImageObject","inLanguage":"de","@id":"https:\/\/www.ohis.be\/de\/produit\/sangles-de-levage-avec-des-boucles-renforcees\/#primaryimage","url":"https:\/\/www.ohis.be\/wp-content\/uploads\/2022\/01\/Sangle-avec-boucles-renforce-3t.jpg","contentUrl":"https:\/\/www.ohis.be\/wp-content\/uploads\/2022\/01\/Sangle-avec-boucles-renforce-3t.jpg","width":650,"height":650},{"@type":"BreadcrumbList","@id":"https:\/\/www.ohis.be\/de\/produit\/sangles-de-levage-avec-des-boucles-renforcees\/#breadcrumb","itemListElement":[{"@type":"ListItem","position":1,"name":"Accueil","item":"https:\/\/www.ohis.be\/de\/"},{"@type":"ListItem","position":2,"name":"Produkte","item":"https:\/\/www.ohis.be\/de\/produkte\/"},{"@type":"ListItem","position":3,"name":"Sangles de levage avec des boucles renforc\u00e9es"}]},{"@type":"WebSite","@id":"https:\/\/www.ohis.be\/#website","url":"https:\/\/www.ohis.be\/","name":"Ohis","description":"Outils de levage","publisher":{"@id":"https:\/\/www.ohis.be\/#organization"},"potentialAction":[{"@type":"SearchAction","target":{"@type":"EntryPoint","urlTemplate":"https:\/\/www.ohis.be\/?s={search_term_string}"},"query-input":{"@type":"PropertyValueSpecification","valueRequired":true,"valueName":"search_term_string"}}],"inLanguage":"de"},{"@type":"Organization","@id":"https:\/\/www.ohis.be\/#organization","name":"Ohis","url":"https:\/\/www.ohis.be\/","logo":{"@type":"ImageObject","inLanguage":"de","@id":"https:\/\/www.ohis.be\/#\/schema\/logo\/image\/","url":"https:\/\/www.ohis.be\/wp-content\/uploads\/2021\/02\/logo-ohis-wit.svg","contentUrl":"https:\/\/www.ohis.be\/wp-content\/uploads\/2021\/02\/logo-ohis-wit.svg","caption":"Ohis"},"image":{"@id":"https:\/\/www.ohis.be\/#\/schema\/logo\/image\/"}}]}},"_links":{"self":[{"href":"https:\/\/www.ohis.be\/de\/wp-json\/wp\/v2\/product\/10344","targetHints":{"allow":["GET"]}}],"collection":[{"href":"https:\/\/www.ohis.be\/de\/wp-json\/wp\/v2\/product"}],"about":[{"href":"https:\/\/www.ohis.be\/de\/wp-json\/wp\/v2\/types\/product"}],"wp:featuredmedia":[{"embeddable":true,"href":"https:\/\/www.ohis.be\/de\/wp-json\/wp\/v2\/media\/10121"}],"wp:attachment":[{"href":"https:\/\/www.ohis.be\/de\/wp-json\/wp\/v2\/media?parent=10344"}],"wp:term":[{"taxonomy":"product_brand","embeddable":true,"href":"https:\/\/www.ohis.be\/de\/wp-json\/wp\/v2\/product_brand?post=10344"},{"taxonomy":"product_cat","embeddable":true,"href":"https:\/\/www.ohis.be\/de\/wp-json\/wp\/v2\/product_cat?post=10344"},{"taxonomy":"product_tag","embeddable":true,"href":"https:\/\/www.ohis.be\/de\/wp-json\/wp\/v2\/product_tag?post=10344"}],"curies":[{"name":"wp","href":"https:\/\/api.w.org\/{rel}","templated":true}]}}