{"id":59503,"date":"2024-10-07T13:56:44","date_gmt":"2024-10-07T11:56:44","guid":{"rendered":"https:\/\/www.ohis.be\/produkte\/elektrisch-transport\/elektrische-trekkers\/"},"modified":"2024-10-16T08:32:23","modified_gmt":"2024-10-16T06:32:23","slug":"elektrische-schlepper","status":"publish","type":"page","link":"https:\/\/www.ohis.be\/de\/produkte\/elektrisch-transport\/elektrische-schlepper\/","title":{"rendered":"Elektrische Schlepper"},"content":{"rendered":"\t\t<div data-elementor-type=\"wp-page\" data-elementor-id=\"59503\" class=\"elementor elementor-59503 elementor-59162\" data-elementor-post-type=\"page\">\n\t\t\t\t<div class=\"elementor-element elementor-element-947acbd e-con-full e-flex e-con e-parent\" data-id=\"947acbd\" data-element_type=\"container\" data-e-type=\"container\" data-settings=\"{&quot;background_background&quot;:&quot;classic&quot;}\">\n\t\t\t\t<div class=\"elementor-element elementor-element-39f1e3b elementor-widget elementor-widget-spacer\" data-id=\"39f1e3b\" data-element_type=\"widget\" data-e-type=\"widget\" data-widget_type=\"spacer.default\">\n\t\t\t\t<div class=\"elementor-widget-container\">\n\t\t\t\t\t\t\t<div class=\"elementor-spacer\">\n\t\t\t<div class=\"elementor-spacer-inner\"><\/div>\n\t\t<\/div>\n\t\t\t\t\t\t<\/div>\n\t\t\t\t<\/div>\n\t\t\t\t<div class=\"elementor-element elementor-element-8314925 elementor-widget__width-auto elementor-widget elementor-widget-heading\" data-id=\"8314925\" data-element_type=\"widget\" data-e-type=\"widget\" data-widget_type=\"heading.default\">\n\t\t\t\t<div class=\"elementor-widget-container\">\n\t\t\t\t\t<h1 class=\"elementor-heading-title elementor-size-default\">Elektrische <br>Schlepper<\/h1>\t\t\t\t<\/div>\n\t\t\t\t<\/div>\n\t\t\t\t<div class=\"elementor-element elementor-element-f867348 elementor-widget elementor-widget-spacer\" data-id=\"f867348\" data-element_type=\"widget\" data-e-type=\"widget\" data-widget_type=\"spacer.default\">\n\t\t\t\t<div class=\"elementor-widget-container\">\n\t\t\t\t\t\t\t<div class=\"elementor-spacer\">\n\t\t\t<div class=\"elementor-spacer-inner\"><\/div>\n\t\t<\/div>\n\t\t\t\t\t\t<\/div>\n\t\t\t\t<\/div>\n\t\t\t\t<\/div>\n\t\t<div class=\"elementor-element elementor-element-b7bc1e9 e-con-full e-flex e-con e-parent\" data-id=\"b7bc1e9\" data-element_type=\"container\" data-e-type=\"container\">\n\t\t<div class=\"elementor-element elementor-element-1a3eb55 e-flex e-con-boxed e-con e-child\" data-id=\"1a3eb55\" data-element_type=\"container\" data-e-type=\"container\">\n\t\t\t\t\t<div class=\"e-con-inner\">\n\t\t\t\t<div class=\"elementor-element elementor-element-1add8d6 elementor-widget elementor-widget-text-editor\" data-id=\"1add8d6\" data-element_type=\"widget\" data-e-type=\"widget\" data-widget_type=\"text-editor.default\">\n\t\t\t\t<div class=\"elementor-widget-container\">\n\t\t\t\t\t\t\t\t\t<p>Schwere Lasten bef\u00f6rdern ohne allzu viel \u201eblood, sweat and tears\u201c? Das k\u00f6nnen Sie k\u00fcnftig mit unseren elektrischen Schleppern. Sie sind die perfekte L\u00f6sung zur Steigerung der Produktivit\u00e4t und Erh\u00f6hung der Sicherheit am Arbeitsplatz. Ergonomisch, benutzerfreundlich und nachhaltig! Au\u00dferdem k\u00f6nnen sie m\u00fchelos Lasten bis 15.000\u00a0kg ziehen, so dass sie in vielen Bereichen so gut wie unersetzlich sind.<\/p>\t\t\t\t\t\t\t\t<\/div>\n\t\t\t\t<\/div>\n\t\t\t\t\t<\/div>\n\t\t\t\t<\/div>\n\t\t<div class=\"elementor-element elementor-element-f37a87e elementor-hidden-tablet elementor-hidden-mobile e-flex e-con-boxed e-con e-child\" data-id=\"f37a87e\" data-element_type=\"container\" data-e-type=\"container\">\n\t\t\t\t\t<div class=\"e-con-inner\">\n\t\t\t\t<div class=\"elementor-element elementor-element-993a38e elementor-align-left elementor-widget elementor-widget-button\" data-id=\"993a38e\" data-element_type=\"widget\" data-e-type=\"widget\" data-widget_type=\"button.default\">\n\t\t\t\t<div class=\"elementor-widget-container\">\n\t\t\t\t\t\t\t\t\t<div class=\"elementor-button-wrapper\">\n\t\t\t\t\t<a class=\"elementor-button elementor-button-link elementor-size-sm\" href=\"https:\/\/www.ohis.be\/de\/categorie-produit\/elektrischer-transport\/schlepper\/\">\n\t\t\t\t\t\t<span class=\"elementor-button-content-wrapper\">\n\t\t\t\t\t\t\t\t\t<span class=\"elementor-button-text\">Zu unserem Elektrische Schlepper<\/span>\n\t\t\t\t\t<\/span>\n\t\t\t\t\t<\/a>\n\t\t\t\t<\/div>\n\t\t\t\t\t\t\t\t<\/div>\n\t\t\t\t<\/div>\n\t\t\t\t\t<\/div>\n\t\t\t\t<\/div>\n\t\t\t\t<\/div>\n\t\t<div class=\"elementor-element elementor-element-54f2597 e-con-full e-flex e-con e-parent\" data-id=\"54f2597\" data-element_type=\"container\" data-e-type=\"container\">\n\t\t<div class=\"elementor-element elementor-element-d94781f e-con-full e-flex e-con e-child\" data-id=\"d94781f\" data-element_type=\"container\" data-e-type=\"container\">\n\t\t\t\t<div class=\"elementor-element elementor-element-d23aeab elementor-widget elementor-widget-heading\" data-id=\"d23aeab\" data-element_type=\"widget\" data-e-type=\"widget\" data-widget_type=\"heading.default\">\n\t\t\t\t<div class=\"elementor-widget-container\">\n\t\t\t\t\t<h2 class=\"elementor-heading-title elementor-size-default\">Kompakt und wendig<\/h2>\t\t\t\t<\/div>\n\t\t\t\t<\/div>\n\t\t\t\t<div class=\"elementor-element elementor-element-0bb2ca0 elementor-widget elementor-widget-text-editor\" data-id=\"0bb2ca0\" data-element_type=\"widget\" data-e-type=\"widget\" data-widget_type=\"text-editor.default\">\n\t\t\t\t<div class=\"elementor-widget-container\">\n\t\t\t\t\t\t\t\t\t<p>Unsere elektrischen Schlepper sind speziell f\u00fcr die einfache Bef\u00f6rderung von Lasten auf R\u00e4dern wie Industrierollwagen und Rollcontainern in Lagern, Depots oder Produktions- und Vertriebszentren konzipiert. Au\u00dferdem sind sie kompakt und wendig, so dass sie selbst im kleinsten Raum benutzt werden k\u00f6nnen.<\/p>\t\t\t\t\t\t\t\t<\/div>\n\t\t\t\t<\/div>\n\t\t\t\t<\/div>\n\t\t<div class=\"elementor-element elementor-element-43949b3 e-con-full e-flex e-con e-child\" data-id=\"43949b3\" data-element_type=\"container\" data-e-type=\"container\" data-settings=\"{&quot;background_background&quot;:&quot;classic&quot;}\">\n\t\t\t\t<\/div>\n\t\t\t\t<\/div>\n\t\t<div class=\"elementor-element elementor-element-6178889 e-con-full e-flex e-con e-parent\" data-id=\"6178889\" data-element_type=\"container\" data-e-type=\"container\">\n\t\t<div class=\"elementor-element elementor-element-172e5c3 e-con-full e-flex e-con e-child\" data-id=\"172e5c3\" data-element_type=\"container\" data-e-type=\"container\" data-settings=\"{&quot;background_background&quot;:&quot;classic&quot;}\">\n\t\t\t\t<\/div>\n\t\t<div class=\"elementor-element elementor-element-b691938 e-con-full e-flex e-con e-child\" data-id=\"b691938\" data-element_type=\"container\" data-e-type=\"container\">\n\t\t\t\t<div class=\"elementor-element elementor-element-f2a38aa elementor-widget elementor-widget-heading\" data-id=\"f2a38aa\" data-element_type=\"widget\" data-e-type=\"widget\" data-widget_type=\"heading.default\">\n\t\t\t\t<div class=\"elementor-widget-container\">\n\t\t\t\t\t<h2 class=\"elementor-heading-title elementor-size-default\">Hohe Zugkraft<\/h2>\t\t\t\t<\/div>\n\t\t\t\t<\/div>\n\t\t\t\t<div class=\"elementor-element elementor-element-df0e633 elementor-widget elementor-widget-text-editor\" data-id=\"df0e633\" data-element_type=\"widget\" data-e-type=\"widget\" data-widget_type=\"text-editor.default\">\n\t\t\t\t<div class=\"elementor-widget-container\">\n\t\t\t\t\t\t\t\t\t<p>Durch die hohe Zugkraft und die strukturelle Stabilit\u00e4t k\u00f6nnen Reihen mit mehreren W\u00e4gen bef\u00f6rdert werden, so steigt die Produktivit\u00e4t. Alle elektrischen Schlepper erf\u00fcllen im \u00dcbrigen die strengen Sicherheitsnormen, die in Sektoren wie der Automobilindustrie, dem Pharma- und Lebensmittelbereich, Gesundheitseinrichtungen und Flugh\u00e4fen verlangt werden.<\/p>\t\t\t\t\t\t\t\t<\/div>\n\t\t\t\t<\/div>\n\t\t\t\t<\/div>\n\t\t\t\t<\/div>\n\t\t<div class=\"elementor-element elementor-element-7779219 e-con-full e-flex e-con e-parent\" data-id=\"7779219\" data-element_type=\"container\" data-e-type=\"container\">\n\t\t\t\t<div class=\"elementor-element elementor-element-768f3ec elementor-align-center elementor-widget elementor-widget-button\" data-id=\"768f3ec\" data-element_type=\"widget\" data-e-type=\"widget\" data-widget_type=\"button.default\">\n\t\t\t\t<div class=\"elementor-widget-container\">\n\t\t\t\t\t\t\t\t\t<div class=\"elementor-button-wrapper\">\n\t\t\t\t\t<a class=\"elementor-button elementor-button-link elementor-size-sm\" href=\"https:\/\/www.ohis.be\/de\/categorie-produit\/elektrischer-transport\/schlepper\/\">\n\t\t\t\t\t\t<span class=\"elementor-button-content-wrapper\">\n\t\t\t\t\t\t\t\t\t<span class=\"elementor-button-text\">Zu unserem Elektrische Schlepper<\/span>\n\t\t\t\t\t<\/span>\n\t\t\t\t\t<\/a>\n\t\t\t\t<\/div>\n\t\t\t\t\t\t\t\t<\/div>\n\t\t\t\t<\/div>\n\t\t\t\t<\/div>\n\t\t\t\t<\/div>\n\t\t","protected":false},"excerpt":{"rendered":"<p>Elektrische Schlepper Schwere Lasten bef\u00f6rdern ohne allzu viel \u201eblood, sweat and tears\u201c? Das k\u00f6nnen Sie k\u00fcnftig mit unseren elektrischen Schleppern. Sie sind die perfekte L\u00f6sung zur Steigerung der Produktivit\u00e4t und Erh\u00f6hung der Sicherheit am Arbeitsplatz. Ergonomisch, benutzerfreundlich und nachhaltig! Au\u00dferdem k\u00f6nnen sie m\u00fchelos Lasten bis 15.000\u00a0kg ziehen, so dass sie in vielen Bereichen so gut [&hellip;]<\/p>\n","protected":false},"author":108,"featured_media":0,"parent":59143,"menu_order":126,"comment_status":"closed","ping_status":"closed","template":"elementor_header_footer","meta":{"_acf_changed":false,"inline_featured_image":false,"footnotes":""},"class_list":["post-59503","page","type-page","status-publish","hentry"],"acf":[],"yoast_head":"<!-- This site is optimized with the Yoast SEO plugin v27.5 - https:\/\/yoast.com\/product\/yoast-seo-wordpress\/ -->\n<title>Elektrische Schlepper - Ohis<\/title>\n<meta name=\"robots\" content=\"index, follow, max-snippet:-1, max-image-preview:large, max-video-preview:-1\" \/>\n<link rel=\"canonical\" href=\"https:\/\/www.ohis.be\/de\/produkte\/elektrisch-transport\/elektrische-schlepper\/\" \/>\n<meta property=\"og:locale\" content=\"de_DE\" \/>\n<meta property=\"og:type\" content=\"article\" \/>\n<meta property=\"og:title\" content=\"Elektrische Schlepper - Ohis\" \/>\n<meta property=\"og:description\" content=\"Elektrische Schlepper Schwere Lasten bef\u00f6rdern ohne allzu viel \u201eblood, sweat and tears\u201c? Das k\u00f6nnen Sie k\u00fcnftig mit unseren elektrischen Schleppern. Sie sind die perfekte L\u00f6sung zur Steigerung der Produktivit\u00e4t und Erh\u00f6hung der Sicherheit am Arbeitsplatz. Ergonomisch, benutzerfreundlich und nachhaltig! Au\u00dferdem k\u00f6nnen sie m\u00fchelos Lasten bis 15.000\u00a0kg ziehen, so dass sie in vielen Bereichen so gut [&hellip;]\" \/>\n<meta property=\"og:url\" content=\"https:\/\/www.ohis.be\/de\/produkte\/elektrisch-transport\/elektrische-schlepper\/\" \/>\n<meta property=\"og:site_name\" content=\"Ohis\" \/>\n<meta property=\"article:modified_time\" content=\"2024-10-16T06:32:23+00:00\" \/>\n<meta name=\"twitter:card\" content=\"summary_large_image\" \/>\n<meta name=\"twitter:label1\" content=\"Gesch\u00e4tzte Lesezeit\" \/>\n\t<meta name=\"twitter:data1\" content=\"1\u00a0Minute\" \/>\n<script type=\"application\/ld+json\" class=\"yoast-schema-graph\">{\"@context\":\"https:\\\/\\\/schema.org\",\"@graph\":[{\"@type\":\"WebPage\",\"@id\":\"https:\\\/\\\/www.ohis.be\\\/de\\\/produkte\\\/elektrisch-transport\\\/elektrische-schlepper\\\/\",\"url\":\"https:\\\/\\\/www.ohis.be\\\/de\\\/produkte\\\/elektrisch-transport\\\/elektrische-schlepper\\\/\",\"name\":\"Elektrische Schlepper - Ohis\",\"isPartOf\":{\"@id\":\"https:\\\/\\\/www.ohis.be\\\/#website\"},\"datePublished\":\"2024-10-07T11:56:44+00:00\",\"dateModified\":\"2024-10-16T06:32:23+00:00\",\"breadcrumb\":{\"@id\":\"https:\\\/\\\/www.ohis.be\\\/de\\\/produkte\\\/elektrisch-transport\\\/elektrische-schlepper\\\/#breadcrumb\"},\"inLanguage\":\"de\",\"potentialAction\":[{\"@type\":\"ReadAction\",\"target\":[\"https:\\\/\\\/www.ohis.be\\\/de\\\/produkte\\\/elektrisch-transport\\\/elektrische-schlepper\\\/\"]}]},{\"@type\":\"BreadcrumbList\",\"@id\":\"https:\\\/\\\/www.ohis.be\\\/de\\\/produkte\\\/elektrisch-transport\\\/elektrische-schlepper\\\/#breadcrumb\",\"itemListElement\":[{\"@type\":\"ListItem\",\"position\":1,\"name\":\"Accueil\",\"item\":\"https:\\\/\\\/www.ohis.be\\\/de\\\/\"},{\"@type\":\"ListItem\",\"position\":2,\"name\":\"Produkte\",\"item\":\"https:\\\/\\\/www.ohis.be\\\/de\\\/produkte\\\/\"},{\"@type\":\"ListItem\",\"position\":3,\"name\":\"Elektrisch transport\",\"item\":\"https:\\\/\\\/www.ohis.be\\\/de\\\/produkte\\\/elektrisch-transport\\\/\"},{\"@type\":\"ListItem\",\"position\":4,\"name\":\"Elektrische Schlepper\"}]},{\"@type\":\"WebSite\",\"@id\":\"https:\\\/\\\/www.ohis.be\\\/#website\",\"url\":\"https:\\\/\\\/www.ohis.be\\\/\",\"name\":\"Ohis\",\"description\":\"Outils de levage\",\"publisher\":{\"@id\":\"https:\\\/\\\/www.ohis.be\\\/#organization\"},\"potentialAction\":[{\"@type\":\"SearchAction\",\"target\":{\"@type\":\"EntryPoint\",\"urlTemplate\":\"https:\\\/\\\/www.ohis.be\\\/?s={search_term_string}\"},\"query-input\":{\"@type\":\"PropertyValueSpecification\",\"valueRequired\":true,\"valueName\":\"search_term_string\"}}],\"inLanguage\":\"de\"},{\"@type\":\"Organization\",\"@id\":\"https:\\\/\\\/www.ohis.be\\\/#organization\",\"name\":\"Ohis\",\"url\":\"https:\\\/\\\/www.ohis.be\\\/\",\"logo\":{\"@type\":\"ImageObject\",\"inLanguage\":\"de\",\"@id\":\"https:\\\/\\\/www.ohis.be\\\/#\\\/schema\\\/logo\\\/image\\\/\",\"url\":\"https:\\\/\\\/www.ohis.be\\\/wp-content\\\/uploads\\\/2021\\\/02\\\/logo-ohis-wit.svg\",\"contentUrl\":\"https:\\\/\\\/www.ohis.be\\\/wp-content\\\/uploads\\\/2021\\\/02\\\/logo-ohis-wit.svg\",\"caption\":\"Ohis\"},\"image\":{\"@id\":\"https:\\\/\\\/www.ohis.be\\\/#\\\/schema\\\/logo\\\/image\\\/\"}}]}<\/script>\n<!-- \/ Yoast SEO plugin. -->","yoast_head_json":{"title":"Elektrische Schlepper - Ohis","robots":{"index":"index","follow":"follow","max-snippet":"max-snippet:-1","max-image-preview":"max-image-preview:large","max-video-preview":"max-video-preview:-1"},"canonical":"https:\/\/www.ohis.be\/de\/produkte\/elektrisch-transport\/elektrische-schlepper\/","og_locale":"de_DE","og_type":"article","og_title":"Elektrische Schlepper - Ohis","og_description":"Elektrische Schlepper Schwere Lasten bef\u00f6rdern ohne allzu viel \u201eblood, sweat and tears\u201c? Das k\u00f6nnen Sie k\u00fcnftig mit unseren elektrischen Schleppern. Sie sind die perfekte L\u00f6sung zur Steigerung der Produktivit\u00e4t und Erh\u00f6hung der Sicherheit am Arbeitsplatz. Ergonomisch, benutzerfreundlich und nachhaltig! Au\u00dferdem k\u00f6nnen sie m\u00fchelos Lasten bis 15.000\u00a0kg ziehen, so dass sie in vielen Bereichen so gut [&hellip;]","og_url":"https:\/\/www.ohis.be\/de\/produkte\/elektrisch-transport\/elektrische-schlepper\/","og_site_name":"Ohis","article_modified_time":"2024-10-16T06:32:23+00:00","twitter_card":"summary_large_image","twitter_misc":{"Gesch\u00e4tzte Lesezeit":"1\u00a0Minute"},"schema":{"@context":"https:\/\/schema.org","@graph":[{"@type":"WebPage","@id":"https:\/\/www.ohis.be\/de\/produkte\/elektrisch-transport\/elektrische-schlepper\/","url":"https:\/\/www.ohis.be\/de\/produkte\/elektrisch-transport\/elektrische-schlepper\/","name":"Elektrische Schlepper - Ohis","isPartOf":{"@id":"https:\/\/www.ohis.be\/#website"},"datePublished":"2024-10-07T11:56:44+00:00","dateModified":"2024-10-16T06:32:23+00:00","breadcrumb":{"@id":"https:\/\/www.ohis.be\/de\/produkte\/elektrisch-transport\/elektrische-schlepper\/#breadcrumb"},"inLanguage":"de","potentialAction":[{"@type":"ReadAction","target":["https:\/\/www.ohis.be\/de\/produkte\/elektrisch-transport\/elektrische-schlepper\/"]}]},{"@type":"BreadcrumbList","@id":"https:\/\/www.ohis.be\/de\/produkte\/elektrisch-transport\/elektrische-schlepper\/#breadcrumb","itemListElement":[{"@type":"ListItem","position":1,"name":"Accueil","item":"https:\/\/www.ohis.be\/de\/"},{"@type":"ListItem","position":2,"name":"Produkte","item":"https:\/\/www.ohis.be\/de\/produkte\/"},{"@type":"ListItem","position":3,"name":"Elektrisch transport","item":"https:\/\/www.ohis.be\/de\/produkte\/elektrisch-transport\/"},{"@type":"ListItem","position":4,"name":"Elektrische Schlepper"}]},{"@type":"WebSite","@id":"https:\/\/www.ohis.be\/#website","url":"https:\/\/www.ohis.be\/","name":"Ohis","description":"Outils de levage","publisher":{"@id":"https:\/\/www.ohis.be\/#organization"},"potentialAction":[{"@type":"SearchAction","target":{"@type":"EntryPoint","urlTemplate":"https:\/\/www.ohis.be\/?s={search_term_string}"},"query-input":{"@type":"PropertyValueSpecification","valueRequired":true,"valueName":"search_term_string"}}],"inLanguage":"de"},{"@type":"Organization","@id":"https:\/\/www.ohis.be\/#organization","name":"Ohis","url":"https:\/\/www.ohis.be\/","logo":{"@type":"ImageObject","inLanguage":"de","@id":"https:\/\/www.ohis.be\/#\/schema\/logo\/image\/","url":"https:\/\/www.ohis.be\/wp-content\/uploads\/2021\/02\/logo-ohis-wit.svg","contentUrl":"https:\/\/www.ohis.be\/wp-content\/uploads\/2021\/02\/logo-ohis-wit.svg","caption":"Ohis"},"image":{"@id":"https:\/\/www.ohis.be\/#\/schema\/logo\/image\/"}}]}},"_links":{"self":[{"href":"https:\/\/www.ohis.be\/de\/wp-json\/wp\/v2\/pages\/59503","targetHints":{"allow":["GET"]}}],"collection":[{"href":"https:\/\/www.ohis.be\/de\/wp-json\/wp\/v2\/pages"}],"about":[{"href":"https:\/\/www.ohis.be\/de\/wp-json\/wp\/v2\/types\/page"}],"author":[{"embeddable":true,"href":"https:\/\/www.ohis.be\/de\/wp-json\/wp\/v2\/users\/108"}],"replies":[{"embeddable":true,"href":"https:\/\/www.ohis.be\/de\/wp-json\/wp\/v2\/comments?post=59503"}],"version-history":[{"count":0,"href":"https:\/\/www.ohis.be\/de\/wp-json\/wp\/v2\/pages\/59503\/revisions"}],"up":[{"embeddable":true,"href":"https:\/\/www.ohis.be\/de\/wp-json\/wp\/v2\/pages\/59143"}],"wp:attachment":[{"href":"https:\/\/www.ohis.be\/de\/wp-json\/wp\/v2\/media?parent=59503"}],"curies":[{"name":"wp","href":"https:\/\/api.w.org\/{rel}","templated":true}]}}