{"id":59488,"date":"2024-10-07T13:56:21","date_gmt":"2024-10-07T11:56:21","guid":{"rendered":"https:\/\/www.ohis.be\/produkte\/elektrisch-transport\/elektrische-transporters-en-dumpers\/"},"modified":"2024-10-16T08:30:28","modified_gmt":"2024-10-16T06:30:28","slug":"elektrische-transporter-und-dumper","status":"publish","type":"page","link":"https:\/\/www.ohis.be\/de\/produkte\/elektrisch-transport\/elektrische-transporter-und-dumper\/","title":{"rendered":"Elektrische Transporter und Dumper"},"content":{"rendered":"\t\t<div data-elementor-type=\"wp-page\" data-elementor-id=\"59488\" class=\"elementor elementor-59488 elementor-59160\" data-elementor-post-type=\"page\">\n\t\t\t\t<div class=\"elementor-element elementor-element-f891679 e-con-full e-flex e-con e-parent\" data-id=\"f891679\" data-element_type=\"container\" data-e-type=\"container\" data-settings=\"{&quot;background_background&quot;:&quot;classic&quot;}\">\n\t\t\t\t<div class=\"elementor-element elementor-element-66cac4a elementor-widget elementor-widget-spacer\" data-id=\"66cac4a\" data-element_type=\"widget\" data-e-type=\"widget\" data-widget_type=\"spacer.default\">\n\t\t\t\t<div class=\"elementor-widget-container\">\n\t\t\t\t\t\t\t<div class=\"elementor-spacer\">\n\t\t\t<div class=\"elementor-spacer-inner\"><\/div>\n\t\t<\/div>\n\t\t\t\t\t\t<\/div>\n\t\t\t\t<\/div>\n\t\t\t\t<div class=\"elementor-element elementor-element-2123b77 elementor-widget__width-auto elementor-widget elementor-widget-heading\" data-id=\"2123b77\" data-element_type=\"widget\" data-e-type=\"widget\" data-widget_type=\"heading.default\">\n\t\t\t\t<div class=\"elementor-widget-container\">\n\t\t\t\t\t<h1 class=\"elementor-heading-title elementor-size-default\">Elektrische <br>Transporter <br>\nund Dumper<\/h1>\t\t\t\t<\/div>\n\t\t\t\t<\/div>\n\t\t\t\t<div class=\"elementor-element elementor-element-8629a18 elementor-widget elementor-widget-spacer\" data-id=\"8629a18\" data-element_type=\"widget\" data-e-type=\"widget\" data-widget_type=\"spacer.default\">\n\t\t\t\t<div class=\"elementor-widget-container\">\n\t\t\t\t\t\t\t<div class=\"elementor-spacer\">\n\t\t\t<div class=\"elementor-spacer-inner\"><\/div>\n\t\t<\/div>\n\t\t\t\t\t\t<\/div>\n\t\t\t\t<\/div>\n\t\t\t\t<\/div>\n\t\t<div class=\"elementor-element elementor-element-ba663af e-con-full e-flex e-con e-parent\" data-id=\"ba663af\" data-element_type=\"container\" data-e-type=\"container\">\n\t\t<div class=\"elementor-element elementor-element-09919de e-flex e-con-boxed e-con e-child\" data-id=\"09919de\" data-element_type=\"container\" data-e-type=\"container\">\n\t\t\t\t\t<div class=\"e-con-inner\">\n\t\t\t\t<div class=\"elementor-element elementor-element-fc37d69 elementor-widget elementor-widget-text-editor\" data-id=\"fc37d69\" data-element_type=\"widget\" data-e-type=\"widget\" data-widget_type=\"text-editor.default\">\n\t\t\t\t<div class=\"elementor-widget-container\">\n\t\t\t\t\t\t\t\t\t<p>Schwere Lasten von der einen auf die andere Seite bef\u00f6rdern und in derselben Zeit die doppelte Arbeit mit dem halben Energieaufwand erledigen? Das geht nur mit unseren elektrischen Transportern und Dumpern. Ausgestattet mit moderner Technologie wie intelligentem Batteriemanagement stehen diese Transporter f\u00fcr sicheres Arbeiten. Sie sind au\u00dferdem umweltfreundlich und emisssionsfrei. <\/p>\t\t\t\t\t\t\t\t<\/div>\n\t\t\t\t<\/div>\n\t\t\t\t\t<\/div>\n\t\t\t\t<\/div>\n\t\t<div class=\"elementor-element elementor-element-03e2d1e elementor-hidden-tablet elementor-hidden-mobile e-flex e-con-boxed e-con e-child\" data-id=\"03e2d1e\" data-element_type=\"container\" data-e-type=\"container\">\n\t\t\t\t\t<div class=\"e-con-inner\">\n\t\t\t\t<div class=\"elementor-element elementor-element-85e18cf elementor-align-left elementor-widget elementor-widget-button\" data-id=\"85e18cf\" data-element_type=\"widget\" data-e-type=\"widget\" data-widget_type=\"button.default\">\n\t\t\t\t<div class=\"elementor-widget-container\">\n\t\t\t\t\t\t\t\t\t<div class=\"elementor-button-wrapper\">\n\t\t\t\t\t<a class=\"elementor-button elementor-button-link elementor-size-sm\" href=\"https:\/\/www.ohis.be\/de\/categorie-produit\/elektrischer-transport\/transporter-und-dumper\/\">\n\t\t\t\t\t\t<span class=\"elementor-button-content-wrapper\">\n\t\t\t\t\t\t\t\t\t<span class=\"elementor-button-text\">Zu unserem Elektrische Transporter und Dumper<\/span>\n\t\t\t\t\t<\/span>\n\t\t\t\t\t<\/a>\n\t\t\t\t<\/div>\n\t\t\t\t\t\t\t\t<\/div>\n\t\t\t\t<\/div>\n\t\t\t\t\t<\/div>\n\t\t\t\t<\/div>\n\t\t\t\t<\/div>\n\t\t<div class=\"elementor-element elementor-element-1e84b38 e-con-full e-flex e-con e-parent\" data-id=\"1e84b38\" data-element_type=\"container\" data-e-type=\"container\">\n\t\t<div class=\"elementor-element elementor-element-bc9aedf e-con-full e-flex e-con e-child\" data-id=\"bc9aedf\" data-element_type=\"container\" data-e-type=\"container\">\n\t\t\t\t<div class=\"elementor-element elementor-element-db0d6af elementor-widget elementor-widget-heading\" data-id=\"db0d6af\" data-element_type=\"widget\" data-e-type=\"widget\" data-widget_type=\"heading.default\">\n\t\t\t\t<div class=\"elementor-widget-container\">\n\t\t\t\t\t<h2 class=\"elementor-heading-title elementor-size-default\">Anpassbar und zuverl\u00e4ssig<\/h2>\t\t\t\t<\/div>\n\t\t\t\t<\/div>\n\t\t\t\t<div class=\"elementor-element elementor-element-40a24a4 elementor-widget elementor-widget-text-editor\" data-id=\"40a24a4\" data-element_type=\"widget\" data-e-type=\"widget\" data-widget_type=\"text-editor.default\">\n\t\t\t\t<div class=\"elementor-widget-container\">\n\t\t\t\t\t\t\t\t\t<p>Unsere elektrischen Transporter und Dumper sind f\u00fcr verschiedene Ladekapazit\u00e4ten konzipiert und k\u00f6nnen mit Plattformen und Beh\u00e4ltern unterschiedlicher Gr\u00f6\u00dfe angepasst werden. Deshalb erf\u00fcllen sie gleich welche Standortanforderungen. Durch den robusten Rahmen gew\u00e4hrleisten die hochwertigen Transportmittel die L\u00f6sung f\u00fcr die Bef\u00f6rderung schwerer Lasten schlechthin, auch auf schr\u00e4gen oder unebenen Fl\u00e4chen.<\/p>\t\t\t\t\t\t\t\t<\/div>\n\t\t\t\t<\/div>\n\t\t\t\t<\/div>\n\t\t<div class=\"elementor-element elementor-element-767b21d e-con-full e-flex e-con e-child\" data-id=\"767b21d\" data-element_type=\"container\" data-e-type=\"container\" data-settings=\"{&quot;background_background&quot;:&quot;classic&quot;}\">\n\t\t\t\t<\/div>\n\t\t\t\t<\/div>\n\t\t<div class=\"elementor-element elementor-element-5d48d1c e-con-full e-flex e-con e-parent\" data-id=\"5d48d1c\" data-element_type=\"container\" data-e-type=\"container\">\n\t\t<div class=\"elementor-element elementor-element-56a2498 e-con-full e-flex e-con e-child\" data-id=\"56a2498\" data-element_type=\"container\" data-e-type=\"container\" data-settings=\"{&quot;background_background&quot;:&quot;classic&quot;}\">\n\t\t\t\t<\/div>\n\t\t<div class=\"elementor-element elementor-element-9a93c12 e-con-full e-flex e-con e-child\" data-id=\"9a93c12\" data-element_type=\"container\" data-e-type=\"container\">\n\t\t\t\t<div class=\"elementor-element elementor-element-3b6c21e elementor-widget elementor-widget-heading\" data-id=\"3b6c21e\" data-element_type=\"widget\" data-e-type=\"widget\" data-widget_type=\"heading.default\">\n\t\t\t\t<div class=\"elementor-widget-container\">\n\t\t\t\t\t<h2 class=\"elementor-heading-title elementor-size-default\">Vielseitige Flexibilit\u00e4t<\/h2>\t\t\t\t<\/div>\n\t\t\t\t<\/div>\n\t\t\t\t<div class=\"elementor-element elementor-element-f09428a elementor-widget elementor-widget-text-editor\" data-id=\"f09428a\" data-element_type=\"widget\" data-e-type=\"widget\" data-widget_type=\"text-editor.default\">\n\t\t\t\t<div class=\"elementor-widget-container\">\n\t\t\t\t\t\t\t\t\t<p>Die elektrischen Transporter und Dumper werden in verschiedenen Arbeitsumgebungen eingesetzt, von Vertriebszentren bis hin zu Krankenh\u00e4usern. Sie eignen sich f\u00fcr eine breite Anwendungspalette wie die Bef\u00f6rderung von Gep\u00e4ck und Koffern in Hotels oder die Auslieferung von Onlinebestellungen in historischen Altst\u00e4dten.<\/p>\t\t\t\t\t\t\t\t<\/div>\n\t\t\t\t<\/div>\n\t\t\t\t<\/div>\n\t\t\t\t<\/div>\n\t\t<div class=\"elementor-element elementor-element-ba95326 e-con-full e-flex e-con e-parent\" data-id=\"ba95326\" data-element_type=\"container\" data-e-type=\"container\">\n\t\t\t\t<div class=\"elementor-element elementor-element-a654cec elementor-align-center elementor-widget elementor-widget-button\" data-id=\"a654cec\" data-element_type=\"widget\" data-e-type=\"widget\" data-widget_type=\"button.default\">\n\t\t\t\t<div class=\"elementor-widget-container\">\n\t\t\t\t\t\t\t\t\t<div class=\"elementor-button-wrapper\">\n\t\t\t\t\t<a class=\"elementor-button elementor-button-link elementor-size-sm\" href=\"https:\/\/www.ohis.be\/de\/categorie-produit\/elektrischer-transport\/transporter-und-dumper\/\">\n\t\t\t\t\t\t<span class=\"elementor-button-content-wrapper\">\n\t\t\t\t\t\t\t\t\t<span class=\"elementor-button-text\">Zu unserem Elektrische Transporter und Dumper<\/span>\n\t\t\t\t\t<\/span>\n\t\t\t\t\t<\/a>\n\t\t\t\t<\/div>\n\t\t\t\t\t\t\t\t<\/div>\n\t\t\t\t<\/div>\n\t\t\t\t<\/div>\n\t\t\t\t<\/div>\n\t\t","protected":false},"excerpt":{"rendered":"<p>Elektrische Transporter und Dumper Schwere Lasten von der einen auf die andere Seite bef\u00f6rdern und in derselben Zeit die doppelte Arbeit mit dem halben Energieaufwand erledigen? Das geht nur mit unseren elektrischen Transportern und Dumpern. Ausgestattet mit moderner Technologie wie intelligentem Batteriemanagement stehen diese Transporter f\u00fcr sicheres Arbeiten. Sie sind au\u00dferdem umweltfreundlich und emisssionsfrei. Zu [&hellip;]<\/p>\n","protected":false},"author":108,"featured_media":0,"parent":59143,"menu_order":122,"comment_status":"closed","ping_status":"closed","template":"elementor_header_footer","meta":{"_acf_changed":false,"inline_featured_image":false,"footnotes":""},"class_list":["post-59488","page","type-page","status-publish","hentry"],"acf":[],"yoast_head":"<!-- This site is optimized with the Yoast SEO plugin v27.3 - https:\/\/yoast.com\/product\/yoast-seo-wordpress\/ -->\n<title>Elektrische Transporter und Dumper - Ohis<\/title>\n<meta name=\"robots\" content=\"index, follow, max-snippet:-1, max-image-preview:large, max-video-preview:-1\" \/>\n<link rel=\"canonical\" href=\"https:\/\/www.ohis.be\/de\/produkte\/elektrisch-transport\/elektrische-transporter-und-dumper\/\" \/>\n<meta property=\"og:locale\" content=\"de_DE\" \/>\n<meta property=\"og:type\" content=\"article\" \/>\n<meta property=\"og:title\" content=\"Elektrische Transporter und Dumper - Ohis\" \/>\n<meta property=\"og:description\" content=\"Elektrische Transporter und Dumper Schwere Lasten von der einen auf die andere Seite bef\u00f6rdern und in derselben Zeit die doppelte Arbeit mit dem halben Energieaufwand erledigen? Das geht nur mit unseren elektrischen Transportern und Dumpern. Ausgestattet mit moderner Technologie wie intelligentem Batteriemanagement stehen diese Transporter f\u00fcr sicheres Arbeiten. Sie sind au\u00dferdem umweltfreundlich und emisssionsfrei. Zu [&hellip;]\" \/>\n<meta property=\"og:url\" content=\"https:\/\/www.ohis.be\/de\/produkte\/elektrisch-transport\/elektrische-transporter-und-dumper\/\" \/>\n<meta property=\"og:site_name\" content=\"Ohis\" \/>\n<meta property=\"article:modified_time\" content=\"2024-10-16T06:30:28+00:00\" \/>\n<meta name=\"twitter:card\" content=\"summary_large_image\" \/>\n<meta name=\"twitter:label1\" content=\"Gesch\u00e4tzte Lesezeit\" \/>\n\t<meta name=\"twitter:data1\" content=\"1\u00a0Minute\" \/>\n<script type=\"application\/ld+json\" class=\"yoast-schema-graph\">{\"@context\":\"https:\\\/\\\/schema.org\",\"@graph\":[{\"@type\":\"WebPage\",\"@id\":\"https:\\\/\\\/www.ohis.be\\\/de\\\/produkte\\\/elektrisch-transport\\\/elektrische-transporter-und-dumper\\\/\",\"url\":\"https:\\\/\\\/www.ohis.be\\\/de\\\/produkte\\\/elektrisch-transport\\\/elektrische-transporter-und-dumper\\\/\",\"name\":\"Elektrische Transporter und Dumper - Ohis\",\"isPartOf\":{\"@id\":\"https:\\\/\\\/www.ohis.be\\\/#website\"},\"datePublished\":\"2024-10-07T11:56:21+00:00\",\"dateModified\":\"2024-10-16T06:30:28+00:00\",\"breadcrumb\":{\"@id\":\"https:\\\/\\\/www.ohis.be\\\/de\\\/produkte\\\/elektrisch-transport\\\/elektrische-transporter-und-dumper\\\/#breadcrumb\"},\"inLanguage\":\"de\",\"potentialAction\":[{\"@type\":\"ReadAction\",\"target\":[\"https:\\\/\\\/www.ohis.be\\\/de\\\/produkte\\\/elektrisch-transport\\\/elektrische-transporter-und-dumper\\\/\"]}]},{\"@type\":\"BreadcrumbList\",\"@id\":\"https:\\\/\\\/www.ohis.be\\\/de\\\/produkte\\\/elektrisch-transport\\\/elektrische-transporter-und-dumper\\\/#breadcrumb\",\"itemListElement\":[{\"@type\":\"ListItem\",\"position\":1,\"name\":\"Accueil\",\"item\":\"https:\\\/\\\/www.ohis.be\\\/de\\\/\"},{\"@type\":\"ListItem\",\"position\":2,\"name\":\"Produkte\",\"item\":\"https:\\\/\\\/www.ohis.be\\\/de\\\/produkte\\\/\"},{\"@type\":\"ListItem\",\"position\":3,\"name\":\"Elektrisch transport\",\"item\":\"https:\\\/\\\/www.ohis.be\\\/de\\\/produkte\\\/elektrisch-transport\\\/\"},{\"@type\":\"ListItem\",\"position\":4,\"name\":\"Elektrische Transporter und Dumper\"}]},{\"@type\":\"WebSite\",\"@id\":\"https:\\\/\\\/www.ohis.be\\\/#website\",\"url\":\"https:\\\/\\\/www.ohis.be\\\/\",\"name\":\"Ohis\",\"description\":\"Outils de levage\",\"publisher\":{\"@id\":\"https:\\\/\\\/www.ohis.be\\\/#organization\"},\"potentialAction\":[{\"@type\":\"SearchAction\",\"target\":{\"@type\":\"EntryPoint\",\"urlTemplate\":\"https:\\\/\\\/www.ohis.be\\\/?s={search_term_string}\"},\"query-input\":{\"@type\":\"PropertyValueSpecification\",\"valueRequired\":true,\"valueName\":\"search_term_string\"}}],\"inLanguage\":\"de\"},{\"@type\":\"Organization\",\"@id\":\"https:\\\/\\\/www.ohis.be\\\/#organization\",\"name\":\"Ohis\",\"url\":\"https:\\\/\\\/www.ohis.be\\\/\",\"logo\":{\"@type\":\"ImageObject\",\"inLanguage\":\"de\",\"@id\":\"https:\\\/\\\/www.ohis.be\\\/#\\\/schema\\\/logo\\\/image\\\/\",\"url\":\"https:\\\/\\\/www.ohis.be\\\/wp-content\\\/uploads\\\/2021\\\/02\\\/logo-ohis-wit.svg\",\"contentUrl\":\"https:\\\/\\\/www.ohis.be\\\/wp-content\\\/uploads\\\/2021\\\/02\\\/logo-ohis-wit.svg\",\"width\":169,\"height\":39,\"caption\":\"Ohis\"},\"image\":{\"@id\":\"https:\\\/\\\/www.ohis.be\\\/#\\\/schema\\\/logo\\\/image\\\/\"}}]}<\/script>\n<!-- \/ Yoast SEO plugin. -->","yoast_head_json":{"title":"Elektrische Transporter und Dumper - Ohis","robots":{"index":"index","follow":"follow","max-snippet":"max-snippet:-1","max-image-preview":"max-image-preview:large","max-video-preview":"max-video-preview:-1"},"canonical":"https:\/\/www.ohis.be\/de\/produkte\/elektrisch-transport\/elektrische-transporter-und-dumper\/","og_locale":"de_DE","og_type":"article","og_title":"Elektrische Transporter und Dumper - Ohis","og_description":"Elektrische Transporter und Dumper Schwere Lasten von der einen auf die andere Seite bef\u00f6rdern und in derselben Zeit die doppelte Arbeit mit dem halben Energieaufwand erledigen? Das geht nur mit unseren elektrischen Transportern und Dumpern. Ausgestattet mit moderner Technologie wie intelligentem Batteriemanagement stehen diese Transporter f\u00fcr sicheres Arbeiten. Sie sind au\u00dferdem umweltfreundlich und emisssionsfrei. Zu [&hellip;]","og_url":"https:\/\/www.ohis.be\/de\/produkte\/elektrisch-transport\/elektrische-transporter-und-dumper\/","og_site_name":"Ohis","article_modified_time":"2024-10-16T06:30:28+00:00","twitter_card":"summary_large_image","twitter_misc":{"Gesch\u00e4tzte Lesezeit":"1\u00a0Minute"},"schema":{"@context":"https:\/\/schema.org","@graph":[{"@type":"WebPage","@id":"https:\/\/www.ohis.be\/de\/produkte\/elektrisch-transport\/elektrische-transporter-und-dumper\/","url":"https:\/\/www.ohis.be\/de\/produkte\/elektrisch-transport\/elektrische-transporter-und-dumper\/","name":"Elektrische Transporter und Dumper - Ohis","isPartOf":{"@id":"https:\/\/www.ohis.be\/#website"},"datePublished":"2024-10-07T11:56:21+00:00","dateModified":"2024-10-16T06:30:28+00:00","breadcrumb":{"@id":"https:\/\/www.ohis.be\/de\/produkte\/elektrisch-transport\/elektrische-transporter-und-dumper\/#breadcrumb"},"inLanguage":"de","potentialAction":[{"@type":"ReadAction","target":["https:\/\/www.ohis.be\/de\/produkte\/elektrisch-transport\/elektrische-transporter-und-dumper\/"]}]},{"@type":"BreadcrumbList","@id":"https:\/\/www.ohis.be\/de\/produkte\/elektrisch-transport\/elektrische-transporter-und-dumper\/#breadcrumb","itemListElement":[{"@type":"ListItem","position":1,"name":"Accueil","item":"https:\/\/www.ohis.be\/de\/"},{"@type":"ListItem","position":2,"name":"Produkte","item":"https:\/\/www.ohis.be\/de\/produkte\/"},{"@type":"ListItem","position":3,"name":"Elektrisch transport","item":"https:\/\/www.ohis.be\/de\/produkte\/elektrisch-transport\/"},{"@type":"ListItem","position":4,"name":"Elektrische Transporter und Dumper"}]},{"@type":"WebSite","@id":"https:\/\/www.ohis.be\/#website","url":"https:\/\/www.ohis.be\/","name":"Ohis","description":"Outils de levage","publisher":{"@id":"https:\/\/www.ohis.be\/#organization"},"potentialAction":[{"@type":"SearchAction","target":{"@type":"EntryPoint","urlTemplate":"https:\/\/www.ohis.be\/?s={search_term_string}"},"query-input":{"@type":"PropertyValueSpecification","valueRequired":true,"valueName":"search_term_string"}}],"inLanguage":"de"},{"@type":"Organization","@id":"https:\/\/www.ohis.be\/#organization","name":"Ohis","url":"https:\/\/www.ohis.be\/","logo":{"@type":"ImageObject","inLanguage":"de","@id":"https:\/\/www.ohis.be\/#\/schema\/logo\/image\/","url":"https:\/\/www.ohis.be\/wp-content\/uploads\/2021\/02\/logo-ohis-wit.svg","contentUrl":"https:\/\/www.ohis.be\/wp-content\/uploads\/2021\/02\/logo-ohis-wit.svg","width":169,"height":39,"caption":"Ohis"},"image":{"@id":"https:\/\/www.ohis.be\/#\/schema\/logo\/image\/"}}]}},"_links":{"self":[{"href":"https:\/\/www.ohis.be\/de\/wp-json\/wp\/v2\/pages\/59488","targetHints":{"allow":["GET"]}}],"collection":[{"href":"https:\/\/www.ohis.be\/de\/wp-json\/wp\/v2\/pages"}],"about":[{"href":"https:\/\/www.ohis.be\/de\/wp-json\/wp\/v2\/types\/page"}],"author":[{"embeddable":true,"href":"https:\/\/www.ohis.be\/de\/wp-json\/wp\/v2\/users\/108"}],"replies":[{"embeddable":true,"href":"https:\/\/www.ohis.be\/de\/wp-json\/wp\/v2\/comments?post=59488"}],"version-history":[{"count":0,"href":"https:\/\/www.ohis.be\/de\/wp-json\/wp\/v2\/pages\/59488\/revisions"}],"up":[{"embeddable":true,"href":"https:\/\/www.ohis.be\/de\/wp-json\/wp\/v2\/pages\/59143"}],"wp:attachment":[{"href":"https:\/\/www.ohis.be\/de\/wp-json\/wp\/v2\/media?parent=59488"}],"curies":[{"name":"wp","href":"https:\/\/api.w.org\/{rel}","templated":true}]}}