{"id":59360,"date":"2024-09-27T11:31:51","date_gmt":"2024-09-27T09:31:51","guid":{"rendered":"https:\/\/www.ohis.be\/dienstleistungen\/bepaling-van-de-levensduur-a-d-h-v-de-s-w-p-berekening\/"},"modified":"2024-10-07T15:16:21","modified_gmt":"2024-10-07T13:16:21","slug":"bestimmung-der-lebensdauer-mit-hilfe-der-s-w-p-berechnung","status":"publish","type":"page","link":"https:\/\/www.ohis.be\/de\/dienstleistungen\/bestimmung-der-lebensdauer-mit-hilfe-der-s-w-p-berechnung\/","title":{"rendered":"Bestimmung der Lebensdauer mit Hilfe der S.W.P.-Berechnung"},"content":{"rendered":"\t\t<div data-elementor-type=\"wp-page\" data-elementor-id=\"59360\" class=\"elementor elementor-59360 elementor-58612\" data-elementor-post-type=\"page\">\n\t\t\t\t<div class=\"elementor-element elementor-element-529809d e-con-full e-flex e-con e-parent\" data-id=\"529809d\" data-element_type=\"container\" data-e-type=\"container\" data-settings=\"{&quot;background_background&quot;:&quot;classic&quot;}\">\n\t\t\t\t<div class=\"elementor-element elementor-element-f1f8f49 elementor-widget elementor-widget-spacer\" data-id=\"f1f8f49\" data-element_type=\"widget\" data-e-type=\"widget\" data-widget_type=\"spacer.default\">\n\t\t\t\t<div class=\"elementor-widget-container\">\n\t\t\t\t\t\t\t<div class=\"elementor-spacer\">\n\t\t\t<div class=\"elementor-spacer-inner\"><\/div>\n\t\t<\/div>\n\t\t\t\t\t\t<\/div>\n\t\t\t\t<\/div>\n\t\t\t\t<div class=\"elementor-element elementor-element-7b0a5fb elementor-widget__width-auto elementor-widget elementor-widget-heading\" data-id=\"7b0a5fb\" data-element_type=\"widget\" data-e-type=\"widget\" data-widget_type=\"heading.default\">\n\t\t\t\t<div class=\"elementor-widget-container\">\n\t\t\t\t\t<h1 class=\"elementor-heading-title elementor-size-default\">Bestimmung der <br>\nLebensdauer mit Hilfe <br>\nder S.W.P.-Berechnung<\/h1>\t\t\t\t<\/div>\n\t\t\t\t<\/div>\n\t\t\t\t<div class=\"elementor-element elementor-element-3371597 elementor-widget elementor-widget-spacer\" data-id=\"3371597\" data-element_type=\"widget\" data-e-type=\"widget\" data-widget_type=\"spacer.default\">\n\t\t\t\t<div class=\"elementor-widget-container\">\n\t\t\t\t\t\t\t<div class=\"elementor-spacer\">\n\t\t\t<div class=\"elementor-spacer-inner\"><\/div>\n\t\t<\/div>\n\t\t\t\t\t\t<\/div>\n\t\t\t\t<\/div>\n\t\t\t\t<\/div>\n\t\t<div class=\"elementor-element elementor-element-8e354ed e-con-full e-flex e-con e-parent\" data-id=\"8e354ed\" data-element_type=\"container\" data-e-type=\"container\">\n\t\t<div class=\"elementor-element elementor-element-f6af175 e-con-full e-flex e-con e-child\" data-id=\"f6af175\" data-element_type=\"container\" data-e-type=\"container\">\n\t\t\t\t<div class=\"elementor-element elementor-element-db87694 elementor-widget elementor-widget-text-editor\" data-id=\"db87694\" data-element_type=\"widget\" data-e-type=\"widget\" data-widget_type=\"text-editor.default\">\n\t\t\t\t<div class=\"elementor-widget-container\">\n\t\t\t\t\t\t\t\t\t<p>Maschinen haben in der Regel keine unbegrenzte Lebensdauer. Die Hersteller von Hebezeugen sind daher verpflichtet, in jeder Betriebsanleitung die theoretische Lebensdauer (Safe Working Period) anzugeben. Nach Ablauf dieser Lebensdauer m\u00fcssen die Hebezeuge einer vollst\u00e4ndigen Pr\u00fcfung unterzogen werden.<\/p>\t\t\t\t\t\t\t\t<\/div>\n\t\t\t\t<\/div>\n\t\t\t\t<\/div>\n\t\t\t\t<\/div>\n\t\t<div class=\"elementor-element elementor-element-79ffb0c e-con-full e-flex e-con e-parent\" data-id=\"79ffb0c\" data-element_type=\"container\" data-e-type=\"container\">\n\t\t<div class=\"elementor-element elementor-element-0b91556 e-con-full e-flex e-con e-child\" data-id=\"0b91556\" data-element_type=\"container\" data-e-type=\"container\">\n\t\t\t\t<div class=\"elementor-element elementor-element-453abe6 elementor-widget elementor-widget-heading\" data-id=\"453abe6\" data-element_type=\"widget\" data-e-type=\"widget\" data-widget_type=\"heading.default\">\n\t\t\t\t<div class=\"elementor-widget-container\">\n\t\t\t\t\t<h2 class=\"elementor-heading-title elementor-size-default\">Die FEM-Klassifizierung<\/h2>\t\t\t\t<\/div>\n\t\t\t\t<\/div>\n\t\t\t\t<div class=\"elementor-element elementor-element-64f5305 elementor-widget elementor-widget-text-editor\" data-id=\"64f5305\" data-element_type=\"widget\" data-e-type=\"widget\" data-widget_type=\"text-editor.default\">\n\t\t\t\t<div class=\"elementor-widget-container\">\n\t\t\t\t\t\t\t\t\t<p>Jedes Hebezeug wird f\u00fcr eine bestimmte Anwendung berechnet und ist f\u00fcr eine bestimmte Anzahl von Hubzyklen und Hubstunden ausgelegt. Die Anzahl der Stunden wird durch die FEM-Klassifizierung ausgedr\u00fcckt, eine Klassifizierung, die von der FEM (Europ\u00e4ischer Verband der Kran- und Hebezeughersteller) verwendet wird. Die FEM-Klassifizierung basiert im Wesentlichen auf der zu erwartenden durchschnittlichen Last in Kombination mit der zu erwartenden durchschnittlichen t\u00e4glichen Nutzungsdauer. So kann beispielsweise ein Hebezeug mit der FEM-Klassifizierung FEM 3m eine Nennlast von 3200\u00a0Stunden heben, aber sobald die Grenze von 3200\u00a0Stunden erreicht ist, muss das Hebezeug entweder ausgetauscht oder einer General\u00fcberholung unterzogen werden.<\/p><p>Die theoretische Restlebensdauer des Hebezeugs verringert sich also mit zunehmendem Einsatz. Um sicherzustellen, dass die Sicherheit des Hebezeuges erhalten bleibt und dass kein nicht sichtbares Bauteil bei der Wartung seine theoretische Lebensdauer \u00fcberschreitet, muss die S.W.P.-Berechnung mindestens einmal j\u00e4hrlich durchgef\u00fchrt und aufgezeichnet werden.<\/p>\t\t\t\t\t\t\t\t<\/div>\n\t\t\t\t<\/div>\n\t\t\t\t<\/div>\n\t\t<div class=\"elementor-element elementor-element-added71 e-con-full e-flex e-con e-child\" data-id=\"added71\" data-element_type=\"container\" data-e-type=\"container\" data-settings=\"{&quot;background_background&quot;:&quot;classic&quot;}\">\n\t\t\t\t<\/div>\n\t\t\t\t<\/div>\n\t\t<div class=\"elementor-element elementor-element-6983e04 e-con-full e-flex e-con e-parent\" data-id=\"6983e04\" data-element_type=\"container\" data-e-type=\"container\">\n\t\t<div class=\"elementor-element elementor-element-89b17c0 e-con-full e-flex e-con e-child\" data-id=\"89b17c0\" data-element_type=\"container\" data-e-type=\"container\" data-settings=\"{&quot;background_background&quot;:&quot;classic&quot;}\">\n\t\t\t\t<\/div>\n\t\t<div class=\"elementor-element elementor-element-eb99161 e-con-full e-flex e-con e-child\" data-id=\"eb99161\" data-element_type=\"container\" data-e-type=\"container\">\n\t\t\t\t<div class=\"elementor-element elementor-element-f246452 elementor-widget elementor-widget-heading\" data-id=\"f246452\" data-element_type=\"widget\" data-e-type=\"widget\" data-widget_type=\"heading.default\">\n\t\t\t\t<div class=\"elementor-widget-container\">\n\t\t\t\t\t<h2 class=\"elementor-heading-title elementor-size-default\">Die Berechnung des S.W.P<\/h2>\t\t\t\t<\/div>\n\t\t\t\t<\/div>\n\t\t\t\t<div class=\"elementor-element elementor-element-11518a1 elementor-widget elementor-widget-text-editor\" data-id=\"11518a1\" data-element_type=\"widget\" data-e-type=\"widget\" data-widget_type=\"text-editor.default\">\n\t\t\t\t<div class=\"elementor-widget-container\">\n\t\t\t\t\t\t\t\t\t<p>Die Berechnung der Restlebensdauer (S.W.P.-Berechnung) erfolgt in drei Schritten:<\/p><p>&#8211; Datenerfassung: Alle verf\u00fcgbaren Daten werden erfasst. Dies geschieht entweder in Zusammenarbeit mit dem Kunden auf Grundlage der uns zur Verf\u00fcgung gestellten Daten (gehobene Lasten, durchschnittliche Hubzyklen &#8230;) oder durch Auslesen der Daten aus dem Hebezeug, wenn dieses mit einem Lastz\u00e4hler ausgestattet ist. Beides kann auch kombiniert werden, wenn das Hebezeug mit einem Betriebsstundenz\u00e4hler ausgestattet ist.<\/p><p>&#8211; Berechnung: Die Berechnung kann mit einer speziellen Software durchgef\u00fchrt werden. Diese Software dient auch als Datenbank, in der die Eigenschaften des Hebezeugs und die Daten fr\u00fcherer Berechnungen gespeichert werden.<\/p><p>&#8211; Bericht: Nach Abschluss der Berechnung erh\u00e4lt der Kunde einen Bericht mit allen technischen Daten, den Lastdaten der Anlage, der Berechnung und dem Ergebnis. Der Bericht gibt auch an, wie viele Jahre die Anlage noch betrieben werden kann (unter der Annahme, dass die Belastung gleich bleibt).<\/p><p>Hat die Anlage ihre Lebensdauer erreicht oder \u00fcberschritten? Dann muss sie sofort au\u00dfer Betrieb genommen werden, um das Risiko von St\u00f6rf\u00e4llen zu vermeiden. Die Anlage kann dann stillgelegt oder durch eine neue Anlage ersetzt werden. Es kann auch eine Firma beauftragt werden, um sie einer General\u00fcberholung zu unterziehen.<\/p>\t\t\t\t\t\t\t\t<\/div>\n\t\t\t\t<\/div>\n\t\t\t\t<\/div>\n\t\t\t\t<\/div>\n\t\t<div class=\"elementor-element elementor-element-e34d59a e-con-full e-flex e-con e-parent\" data-id=\"e34d59a\" data-element_type=\"container\" data-e-type=\"container\">\n\t\t\t\t<div class=\"elementor-element elementor-element-a769b2c elementor-widget elementor-widget-heading\" data-id=\"a769b2c\" data-element_type=\"widget\" data-e-type=\"widget\" data-widget_type=\"heading.default\">\n\t\t\t\t<div class=\"elementor-widget-container\">\n\t\t\t\t\t<h2 class=\"elementor-heading-title elementor-size-default\">Entdecken Sie unsere anderen Dienstleistungen<\/h2>\t\t\t\t<\/div>\n\t\t\t\t<\/div>\n\t\t<div class=\"elementor-element elementor-element-cbe16b1 e-flex e-con-boxed e-con e-child\" data-id=\"cbe16b1\" data-element_type=\"container\" data-e-type=\"container\">\n\t\t\t\t\t<div class=\"e-con-inner\">\n\t\t\t\t<div class=\"elementor-element elementor-element-ba4769a elementor-align-center elementor-widget elementor-widget-button\" data-id=\"ba4769a\" data-element_type=\"widget\" data-e-type=\"widget\" data-widget_type=\"button.default\">\n\t\t\t\t<div class=\"elementor-widget-container\">\n\t\t\t\t\t\t\t\t\t<div class=\"elementor-button-wrapper\">\n\t\t\t\t\t<a class=\"elementor-button elementor-button-link elementor-size-sm\" href=\"https:\/\/ohis.be\/de\/dienstleistungen\/praeventive-wartung\/\">\n\t\t\t\t\t\t<span class=\"elementor-button-content-wrapper\">\n\t\t\t\t\t\t\t\t\t<span class=\"elementor-button-text\">Pr\u00e4ventive Wartung<\/span>\n\t\t\t\t\t<\/span>\n\t\t\t\t\t<\/a>\n\t\t\t\t<\/div>\n\t\t\t\t\t\t\t\t<\/div>\n\t\t\t\t<\/div>\n\t\t\t\t<div class=\"elementor-element elementor-element-1f6920d elementor-align-center elementor-widget elementor-widget-button\" data-id=\"1f6920d\" data-element_type=\"widget\" data-e-type=\"widget\" data-widget_type=\"button.default\">\n\t\t\t\t<div class=\"elementor-widget-container\">\n\t\t\t\t\t\t\t\t\t<div class=\"elementor-button-wrapper\">\n\t\t\t\t\t<a class=\"elementor-button elementor-button-link elementor-size-sm\" href=\"https:\/\/ohis.be\/de\/dienstleistungen\/regelmaessige-pruefung\/\">\n\t\t\t\t\t\t<span class=\"elementor-button-content-wrapper\">\n\t\t\t\t\t\t\t\t\t<span class=\"elementor-button-text\">Regelm\u00e4\u00dfige Pr\u00fcfung<\/span>\n\t\t\t\t\t<\/span>\n\t\t\t\t\t<\/a>\n\t\t\t\t<\/div>\n\t\t\t\t\t\t\t\t<\/div>\n\t\t\t\t<\/div>\n\t\t\t\t<div class=\"elementor-element elementor-element-0fa15b5 elementor-align-center elementor-widget elementor-widget-button\" data-id=\"0fa15b5\" data-element_type=\"widget\" data-e-type=\"widget\" data-widget_type=\"button.default\">\n\t\t\t\t<div class=\"elementor-widget-container\">\n\t\t\t\t\t\t\t\t\t<div class=\"elementor-button-wrapper\">\n\t\t\t\t\t<a class=\"elementor-button elementor-button-link elementor-size-sm\" href=\"https:\/\/ohis.be\/de\/dienstleistungen\/modernisering-en-retrofit\/\">\n\t\t\t\t\t\t<span class=\"elementor-button-content-wrapper\">\n\t\t\t\t\t\t\t\t\t<span class=\"elementor-button-text\">Modernisierung und Retrofit<\/span>\n\t\t\t\t\t<\/span>\n\t\t\t\t\t<\/a>\n\t\t\t\t<\/div>\n\t\t\t\t\t\t\t\t<\/div>\n\t\t\t\t<\/div>\n\t\t\t\t\t<\/div>\n\t\t\t\t<\/div>\n\t\t\t\t<\/div>\n\t\t<div class=\"elementor-element elementor-element-58a46df e-con-full e-flex e-con e-parent\" data-id=\"58a46df\" data-element_type=\"container\" data-e-type=\"container\" data-settings=\"{&quot;background_background&quot;:&quot;classic&quot;}\">\n\t\t\t\t<div class=\"elementor-element elementor-element-2d4d7bb elementor-widget elementor-widget-heading\" data-id=\"2d4d7bb\" data-element_type=\"widget\" data-e-type=\"widget\" data-widget_type=\"heading.default\">\n\t\t\t\t<div class=\"elementor-widget-container\">\n\t\t\t\t\t<h2 class=\"elementor-heading-title elementor-size-default\">Kontakt<\/h2>\t\t\t\t<\/div>\n\t\t\t\t<\/div>\n\t\t\t\t<div class=\"elementor-element elementor-element-7b39261 elementor-widget elementor-widget-text-editor\" data-id=\"7b39261\" data-element_type=\"widget\" data-e-type=\"widget\" data-widget_type=\"text-editor.default\">\n\t\t\t\t<div class=\"elementor-widget-container\">\n\t\t\t\t\t\t\t\t\t<p>Fragen? Oder w\u00fcnschen Sie weitere Informationen?<\/p>\t\t\t\t\t\t\t\t<\/div>\n\t\t\t\t<\/div>\n\t\t\t\t<div class=\"elementor-element elementor-element-cdfeef3 elementor-align-center elementor-widget elementor-widget-button\" data-id=\"cdfeef3\" data-element_type=\"widget\" data-e-type=\"widget\" data-widget_type=\"button.default\">\n\t\t\t\t<div class=\"elementor-widget-container\">\n\t\t\t\t\t\t\t\t\t<div class=\"elementor-button-wrapper\">\n\t\t\t\t\t<a class=\"elementor-button elementor-button-link elementor-size-sm\" href=\"https:\/\/ohis.be\/de\/kontakt\/\">\n\t\t\t\t\t\t<span class=\"elementor-button-content-wrapper\">\n\t\t\t\t\t\t\t\t\t<span class=\"elementor-button-text\">Nehmen Sie Kontakt mit uns auf<\/span>\n\t\t\t\t\t<\/span>\n\t\t\t\t\t<\/a>\n\t\t\t\t<\/div>\n\t\t\t\t\t\t\t\t<\/div>\n\t\t\t\t<\/div>\n\t\t\t\t<\/div>\n\t\t\t\t<\/div>\n\t\t","protected":false},"excerpt":{"rendered":"<p>Bestimmung der Lebensdauer mit Hilfe der S.W.P.-Berechnung Maschinen haben in der Regel keine unbegrenzte Lebensdauer. Die Hersteller von Hebezeugen sind daher verpflichtet, in jeder Betriebsanleitung die theoretische Lebensdauer (Safe Working Period) anzugeben. Nach Ablauf dieser Lebensdauer m\u00fcssen die Hebezeuge einer vollst\u00e4ndigen Pr\u00fcfung unterzogen werden. Die FEM-Klassifizierung Jedes Hebezeug wird f\u00fcr eine bestimmte Anwendung berechnet und [&hellip;]<\/p>\n","protected":false},"author":108,"featured_media":0,"parent":4617,"menu_order":43,"comment_status":"closed","ping_status":"closed","template":"","meta":{"_acf_changed":false,"inline_featured_image":false,"footnotes":""},"class_list":["post-59360","page","type-page","status-publish","hentry"],"acf":[],"yoast_head":"<!-- This site is optimized with the Yoast SEO plugin v27.5 - https:\/\/yoast.com\/product\/yoast-seo-wordpress\/ -->\n<title>Bestimmung der Lebensdauer mit Hilfe der S.W.P.-Berechnung - Ohis<\/title>\n<meta name=\"robots\" content=\"index, follow, max-snippet:-1, max-image-preview:large, max-video-preview:-1\" \/>\n<link rel=\"canonical\" href=\"https:\/\/www.ohis.be\/de\/dienstleistungen\/bestimmung-der-lebensdauer-mit-hilfe-der-s-w-p-berechnung\/\" \/>\n<meta property=\"og:locale\" content=\"de_DE\" \/>\n<meta property=\"og:type\" content=\"article\" \/>\n<meta property=\"og:title\" content=\"Bestimmung der Lebensdauer mit Hilfe der S.W.P.-Berechnung - Ohis\" \/>\n<meta property=\"og:description\" content=\"Bestimmung der Lebensdauer mit Hilfe der S.W.P.-Berechnung Maschinen haben in der Regel keine unbegrenzte Lebensdauer. Die Hersteller von Hebezeugen sind daher verpflichtet, in jeder Betriebsanleitung die theoretische Lebensdauer (Safe Working Period) anzugeben. Nach Ablauf dieser Lebensdauer m\u00fcssen die Hebezeuge einer vollst\u00e4ndigen Pr\u00fcfung unterzogen werden. Die FEM-Klassifizierung Jedes Hebezeug wird f\u00fcr eine bestimmte Anwendung berechnet und [&hellip;]\" \/>\n<meta property=\"og:url\" content=\"https:\/\/www.ohis.be\/de\/dienstleistungen\/bestimmung-der-lebensdauer-mit-hilfe-der-s-w-p-berechnung\/\" \/>\n<meta property=\"og:site_name\" content=\"Ohis\" \/>\n<meta property=\"article:modified_time\" content=\"2024-10-07T13:16:21+00:00\" \/>\n<meta name=\"twitter:card\" content=\"summary_large_image\" \/>\n<meta name=\"twitter:label1\" content=\"Gesch\u00e4tzte Lesezeit\" \/>\n\t<meta name=\"twitter:data1\" content=\"3\u00a0Minuten\" \/>\n<script type=\"application\/ld+json\" class=\"yoast-schema-graph\">{\"@context\":\"https:\\\/\\\/schema.org\",\"@graph\":[{\"@type\":\"WebPage\",\"@id\":\"https:\\\/\\\/www.ohis.be\\\/de\\\/dienstleistungen\\\/bestimmung-der-lebensdauer-mit-hilfe-der-s-w-p-berechnung\\\/\",\"url\":\"https:\\\/\\\/www.ohis.be\\\/de\\\/dienstleistungen\\\/bestimmung-der-lebensdauer-mit-hilfe-der-s-w-p-berechnung\\\/\",\"name\":\"Bestimmung der Lebensdauer mit Hilfe der S.W.P.-Berechnung - Ohis\",\"isPartOf\":{\"@id\":\"https:\\\/\\\/www.ohis.be\\\/de\\\/#website\"},\"datePublished\":\"2024-09-27T09:31:51+00:00\",\"dateModified\":\"2024-10-07T13:16:21+00:00\",\"breadcrumb\":{\"@id\":\"https:\\\/\\\/www.ohis.be\\\/de\\\/dienstleistungen\\\/bestimmung-der-lebensdauer-mit-hilfe-der-s-w-p-berechnung\\\/#breadcrumb\"},\"inLanguage\":\"de\",\"potentialAction\":[{\"@type\":\"ReadAction\",\"target\":[\"https:\\\/\\\/www.ohis.be\\\/de\\\/dienstleistungen\\\/bestimmung-der-lebensdauer-mit-hilfe-der-s-w-p-berechnung\\\/\"]}]},{\"@type\":\"BreadcrumbList\",\"@id\":\"https:\\\/\\\/www.ohis.be\\\/de\\\/dienstleistungen\\\/bestimmung-der-lebensdauer-mit-hilfe-der-s-w-p-berechnung\\\/#breadcrumb\",\"itemListElement\":[{\"@type\":\"ListItem\",\"position\":1,\"name\":\"Accueil\",\"item\":\"https:\\\/\\\/www.ohis.be\\\/de\\\/\"},{\"@type\":\"ListItem\",\"position\":2,\"name\":\"Dienstleistungen\",\"item\":\"https:\\\/\\\/www.ohis.be\\\/de\\\/dienstleistungen\\\/\"},{\"@type\":\"ListItem\",\"position\":3,\"name\":\"Bestimmung der Lebensdauer mit Hilfe der S.W.P.-Berechnung\"}]},{\"@type\":\"WebSite\",\"@id\":\"https:\\\/\\\/www.ohis.be\\\/de\\\/#website\",\"url\":\"https:\\\/\\\/www.ohis.be\\\/de\\\/\",\"name\":\"Ohis\",\"description\":\"Outils de levage\",\"publisher\":{\"@id\":\"https:\\\/\\\/www.ohis.be\\\/de\\\/#organization\"},\"potentialAction\":[{\"@type\":\"SearchAction\",\"target\":{\"@type\":\"EntryPoint\",\"urlTemplate\":\"https:\\\/\\\/www.ohis.be\\\/de\\\/?s={search_term_string}\"},\"query-input\":{\"@type\":\"PropertyValueSpecification\",\"valueRequired\":true,\"valueName\":\"search_term_string\"}}],\"inLanguage\":\"de\"},{\"@type\":\"Organization\",\"@id\":\"https:\\\/\\\/www.ohis.be\\\/de\\\/#organization\",\"name\":\"Ohis\",\"url\":\"https:\\\/\\\/www.ohis.be\\\/de\\\/\",\"logo\":{\"@type\":\"ImageObject\",\"inLanguage\":\"de\",\"@id\":\"https:\\\/\\\/www.ohis.be\\\/de\\\/#\\\/schema\\\/logo\\\/image\\\/\",\"url\":\"https:\\\/\\\/www.ohis.be\\\/wp-content\\\/uploads\\\/2021\\\/02\\\/logo-ohis-wit.svg\",\"contentUrl\":\"https:\\\/\\\/www.ohis.be\\\/wp-content\\\/uploads\\\/2021\\\/02\\\/logo-ohis-wit.svg\",\"caption\":\"Ohis\"},\"image\":{\"@id\":\"https:\\\/\\\/www.ohis.be\\\/de\\\/#\\\/schema\\\/logo\\\/image\\\/\"}}]}<\/script>\n<!-- \/ Yoast SEO plugin. -->","yoast_head_json":{"title":"Bestimmung der Lebensdauer mit Hilfe der S.W.P.-Berechnung - Ohis","robots":{"index":"index","follow":"follow","max-snippet":"max-snippet:-1","max-image-preview":"max-image-preview:large","max-video-preview":"max-video-preview:-1"},"canonical":"https:\/\/www.ohis.be\/de\/dienstleistungen\/bestimmung-der-lebensdauer-mit-hilfe-der-s-w-p-berechnung\/","og_locale":"de_DE","og_type":"article","og_title":"Bestimmung der Lebensdauer mit Hilfe der S.W.P.-Berechnung - Ohis","og_description":"Bestimmung der Lebensdauer mit Hilfe der S.W.P.-Berechnung Maschinen haben in der Regel keine unbegrenzte Lebensdauer. Die Hersteller von Hebezeugen sind daher verpflichtet, in jeder Betriebsanleitung die theoretische Lebensdauer (Safe Working Period) anzugeben. Nach Ablauf dieser Lebensdauer m\u00fcssen die Hebezeuge einer vollst\u00e4ndigen Pr\u00fcfung unterzogen werden. Die FEM-Klassifizierung Jedes Hebezeug wird f\u00fcr eine bestimmte Anwendung berechnet und [&hellip;]","og_url":"https:\/\/www.ohis.be\/de\/dienstleistungen\/bestimmung-der-lebensdauer-mit-hilfe-der-s-w-p-berechnung\/","og_site_name":"Ohis","article_modified_time":"2024-10-07T13:16:21+00:00","twitter_card":"summary_large_image","twitter_misc":{"Gesch\u00e4tzte Lesezeit":"3\u00a0Minuten"},"schema":{"@context":"https:\/\/schema.org","@graph":[{"@type":"WebPage","@id":"https:\/\/www.ohis.be\/de\/dienstleistungen\/bestimmung-der-lebensdauer-mit-hilfe-der-s-w-p-berechnung\/","url":"https:\/\/www.ohis.be\/de\/dienstleistungen\/bestimmung-der-lebensdauer-mit-hilfe-der-s-w-p-berechnung\/","name":"Bestimmung der Lebensdauer mit Hilfe der S.W.P.-Berechnung - Ohis","isPartOf":{"@id":"https:\/\/www.ohis.be\/de\/#website"},"datePublished":"2024-09-27T09:31:51+00:00","dateModified":"2024-10-07T13:16:21+00:00","breadcrumb":{"@id":"https:\/\/www.ohis.be\/de\/dienstleistungen\/bestimmung-der-lebensdauer-mit-hilfe-der-s-w-p-berechnung\/#breadcrumb"},"inLanguage":"de","potentialAction":[{"@type":"ReadAction","target":["https:\/\/www.ohis.be\/de\/dienstleistungen\/bestimmung-der-lebensdauer-mit-hilfe-der-s-w-p-berechnung\/"]}]},{"@type":"BreadcrumbList","@id":"https:\/\/www.ohis.be\/de\/dienstleistungen\/bestimmung-der-lebensdauer-mit-hilfe-der-s-w-p-berechnung\/#breadcrumb","itemListElement":[{"@type":"ListItem","position":1,"name":"Accueil","item":"https:\/\/www.ohis.be\/de\/"},{"@type":"ListItem","position":2,"name":"Dienstleistungen","item":"https:\/\/www.ohis.be\/de\/dienstleistungen\/"},{"@type":"ListItem","position":3,"name":"Bestimmung der Lebensdauer mit Hilfe der S.W.P.-Berechnung"}]},{"@type":"WebSite","@id":"https:\/\/www.ohis.be\/de\/#website","url":"https:\/\/www.ohis.be\/de\/","name":"Ohis","description":"Outils de levage","publisher":{"@id":"https:\/\/www.ohis.be\/de\/#organization"},"potentialAction":[{"@type":"SearchAction","target":{"@type":"EntryPoint","urlTemplate":"https:\/\/www.ohis.be\/de\/?s={search_term_string}"},"query-input":{"@type":"PropertyValueSpecification","valueRequired":true,"valueName":"search_term_string"}}],"inLanguage":"de"},{"@type":"Organization","@id":"https:\/\/www.ohis.be\/de\/#organization","name":"Ohis","url":"https:\/\/www.ohis.be\/de\/","logo":{"@type":"ImageObject","inLanguage":"de","@id":"https:\/\/www.ohis.be\/de\/#\/schema\/logo\/image\/","url":"https:\/\/www.ohis.be\/wp-content\/uploads\/2021\/02\/logo-ohis-wit.svg","contentUrl":"https:\/\/www.ohis.be\/wp-content\/uploads\/2021\/02\/logo-ohis-wit.svg","caption":"Ohis"},"image":{"@id":"https:\/\/www.ohis.be\/de\/#\/schema\/logo\/image\/"}}]}},"_links":{"self":[{"href":"https:\/\/www.ohis.be\/de\/wp-json\/wp\/v2\/pages\/59360","targetHints":{"allow":["GET"]}}],"collection":[{"href":"https:\/\/www.ohis.be\/de\/wp-json\/wp\/v2\/pages"}],"about":[{"href":"https:\/\/www.ohis.be\/de\/wp-json\/wp\/v2\/types\/page"}],"author":[{"embeddable":true,"href":"https:\/\/www.ohis.be\/de\/wp-json\/wp\/v2\/users\/108"}],"replies":[{"embeddable":true,"href":"https:\/\/www.ohis.be\/de\/wp-json\/wp\/v2\/comments?post=59360"}],"version-history":[{"count":0,"href":"https:\/\/www.ohis.be\/de\/wp-json\/wp\/v2\/pages\/59360\/revisions"}],"up":[{"embeddable":true,"href":"https:\/\/www.ohis.be\/de\/wp-json\/wp\/v2\/pages\/4617"}],"wp:attachment":[{"href":"https:\/\/www.ohis.be\/de\/wp-json\/wp\/v2\/media?parent=59360"}],"curies":[{"name":"wp","href":"https:\/\/api.w.org\/{rel}","templated":true}]}}