{"id":59143,"date":"2024-09-27T12:05:28","date_gmt":"2024-09-27T10:05:28","guid":{"rendered":"https:\/\/www.ohis.be\/produkte\/elektrisch-transport\/"},"modified":"2024-10-14T10:19:36","modified_gmt":"2024-10-14T08:19:36","slug":"elektrisch-transport","status":"publish","type":"page","link":"https:\/\/www.ohis.be\/de\/produkte\/elektrisch-transport\/","title":{"rendered":"Elektrisch transport"},"content":{"rendered":"\t\t<div data-elementor-type=\"wp-page\" data-elementor-id=\"59143\" class=\"elementor elementor-59143 elementor-58645\" data-elementor-post-type=\"page\">\n\t\t\t\t<div class=\"elementor-element elementor-element-dcdf9f2 e-con-full e-flex e-con e-parent\" data-id=\"dcdf9f2\" data-element_type=\"container\" data-e-type=\"container\" data-settings=\"{&quot;background_background&quot;:&quot;classic&quot;}\">\n\t\t\t\t<div class=\"elementor-element elementor-element-5ce252d elementor-widget elementor-widget-spacer\" data-id=\"5ce252d\" data-element_type=\"widget\" data-e-type=\"widget\" data-widget_type=\"spacer.default\">\n\t\t\t\t<div class=\"elementor-widget-container\">\n\t\t\t\t\t\t\t<div class=\"elementor-spacer\">\n\t\t\t<div class=\"elementor-spacer-inner\"><\/div>\n\t\t<\/div>\n\t\t\t\t\t\t<\/div>\n\t\t\t\t<\/div>\n\t\t\t\t<div class=\"elementor-element elementor-element-7c0217f elementor-widget__width-auto elementor-widget elementor-widget-heading\" data-id=\"7c0217f\" data-element_type=\"widget\" data-e-type=\"widget\" data-widget_type=\"heading.default\">\n\t\t\t\t<div class=\"elementor-widget-container\">\n\t\t\t\t\t<h1 class=\"elementor-heading-title elementor-size-default\">Elektrischer <br>Transport<\/h1>\t\t\t\t<\/div>\n\t\t\t\t<\/div>\n\t\t\t\t<div class=\"elementor-element elementor-element-01dc624 elementor-widget elementor-widget-spacer\" data-id=\"01dc624\" data-element_type=\"widget\" data-e-type=\"widget\" data-widget_type=\"spacer.default\">\n\t\t\t\t<div class=\"elementor-widget-container\">\n\t\t\t\t\t\t\t<div class=\"elementor-spacer\">\n\t\t\t<div class=\"elementor-spacer-inner\"><\/div>\n\t\t<\/div>\n\t\t\t\t\t\t<\/div>\n\t\t\t\t<\/div>\n\t\t\t\t<\/div>\n\t\t<div class=\"elementor-element elementor-element-79e3994 e-con-full e-flex e-con e-parent\" data-id=\"79e3994\" data-element_type=\"container\" data-e-type=\"container\">\n\t\t<div class=\"elementor-element elementor-element-9c78d07 e-flex e-con-boxed e-con e-child\" data-id=\"9c78d07\" data-element_type=\"container\" data-e-type=\"container\">\n\t\t\t\t\t<div class=\"e-con-inner\">\n\t\t\t\t<div class=\"elementor-element elementor-element-377edba elementor-widget elementor-widget-text-editor\" data-id=\"377edba\" data-element_type=\"widget\" data-e-type=\"widget\" data-widget_type=\"text-editor.default\">\n\t\t\t\t<div class=\"elementor-widget-container\">\n\t\t\t\t\t\t\t\t\t<p>Kompakte, leistungsstarke Schlepper, Motortransporter, Elektrostapler mit Plattform, Rollwagen, Elektrodumper &#8230; Unsere verschiedenen elektrischen Transportsysteme eignen sich f\u00fcr Industrie, Lager, Gartenzentren, Landwirtschaft, Schulen, Universit\u00e4ten, Krankenh\u00e4user und Kommunen.<\/p>\t\t\t\t\t\t\t\t<\/div>\n\t\t\t\t<\/div>\n\t\t\t\t\t<\/div>\n\t\t\t\t<\/div>\n\t\t<div class=\"elementor-element elementor-element-4d45d7c elementor-hidden-tablet elementor-hidden-mobile e-flex e-con-boxed e-con e-child\" data-id=\"4d45d7c\" data-element_type=\"container\" data-e-type=\"container\">\n\t\t\t\t\t<div class=\"e-con-inner\">\n\t\t\t\t\t<\/div>\n\t\t\t\t<\/div>\n\t\t\t\t<\/div>\n\t\t<div class=\"elementor-element elementor-element-34d6599 e-con-full e-flex e-con e-parent\" data-id=\"34d6599\" data-element_type=\"container\" data-e-type=\"container\">\n\t\t<div class=\"elementor-element elementor-element-a0be784 e-flex e-con-boxed e-con e-child\" data-id=\"a0be784\" data-element_type=\"container\" data-e-type=\"container\">\n\t\t\t\t\t<div class=\"e-con-inner\">\n\t\t\t\t<div class=\"elementor-element elementor-element-bab2865 elementor-widget elementor-widget-heading\" data-id=\"bab2865\" data-element_type=\"widget\" data-e-type=\"widget\" data-widget_type=\"heading.default\">\n\t\t\t\t<div class=\"elementor-widget-container\">\n\t\t\t\t\t<h2 class=\"elementor-heading-title elementor-size-default\">Schlepper<\/h2>\t\t\t\t<\/div>\n\t\t\t\t<\/div>\n\t\t<div class=\"elementor-element elementor-element-8efb592 e-con-full e-flex e-con e-child\" data-id=\"8efb592\" data-element_type=\"container\" data-e-type=\"container\">\n\t\t\t\t<div class=\"elementor-element elementor-element-badc351 elementor-widget elementor-widget-image\" data-id=\"badc351\" data-element_type=\"widget\" data-e-type=\"widget\" data-widget_type=\"image.default\">\n\t\t\t\t<div class=\"elementor-widget-container\">\n\t\t\t\t\t\t\t\t\t\t\t\t\t\t\t<img fetchpriority=\"high\" decoding=\"async\" width=\"514\" height=\"320\" src=\"https:\/\/www.ohis.be\/wp-content\/uploads\/2024\/10\/20231204-Ohis-Shoot-WEB-31.jpg\" class=\"attachment-large size-large wp-image-59127\" alt=\"\" srcset=\"https:\/\/www.ohis.be\/wp-content\/uploads\/2024\/10\/20231204-Ohis-Shoot-WEB-31.jpg 514w, https:\/\/www.ohis.be\/wp-content\/uploads\/2024\/10\/20231204-Ohis-Shoot-WEB-31-300x187.jpg 300w, https:\/\/www.ohis.be\/wp-content\/uploads\/2024\/10\/20231204-Ohis-Shoot-WEB-31-24x15.jpg 24w, https:\/\/www.ohis.be\/wp-content\/uploads\/2024\/10\/20231204-Ohis-Shoot-WEB-31-36x22.jpg 36w, https:\/\/www.ohis.be\/wp-content\/uploads\/2024\/10\/20231204-Ohis-Shoot-WEB-31-48x30.jpg 48w, https:\/\/www.ohis.be\/wp-content\/uploads\/2024\/10\/20231204-Ohis-Shoot-WEB-31-64x40.jpg 64w\" sizes=\"(max-width: 514px) 100vw, 514px\" \/>\t\t\t\t\t\t\t\t\t\t\t\t\t\t\t<\/div>\n\t\t\t\t<\/div>\n\t\t\t\t<div class=\"elementor-element elementor-element-6768a8a elementor-widget elementor-widget-text-editor\" data-id=\"6768a8a\" data-element_type=\"widget\" data-e-type=\"widget\" data-widget_type=\"text-editor.default\">\n\t\t\t\t<div class=\"elementor-widget-container\">\n\t\t\t\t\t\t\t\t\t<p>Bef\u00f6rdern Sie schwere Lasten einfach und kompakt mit unseren elektrischen Schleppern.<\/p>\t\t\t\t\t\t\t\t<\/div>\n\t\t\t\t<\/div>\n\t\t\t\t<div class=\"elementor-element elementor-element-899296a elementor-widget elementor-widget-button\" data-id=\"899296a\" data-element_type=\"widget\" data-e-type=\"widget\" data-widget_type=\"button.default\">\n\t\t\t\t<div class=\"elementor-widget-container\">\n\t\t\t\t\t\t\t\t\t<div class=\"elementor-button-wrapper\">\n\t\t\t\t\t<a class=\"elementor-button elementor-button-link elementor-size-sm\" href=\"https:\/\/ohis.be\/de\/produkte\/elektrischer-transport\/elektrische-trekkers\/\">\n\t\t\t\t\t\t<span class=\"elementor-button-content-wrapper\">\n\t\t\t\t\t\t\t\t\t<span class=\"elementor-button-text\">Mehr \u00fcber unsere elektrischen Schlepper<\/span>\n\t\t\t\t\t<\/span>\n\t\t\t\t\t<\/a>\n\t\t\t\t<\/div>\n\t\t\t\t\t\t\t\t<\/div>\n\t\t\t\t<\/div>\n\t\t\t\t<\/div>\n\t\t\t\t\t<\/div>\n\t\t\t\t<\/div>\n\t\t<div class=\"elementor-element elementor-element-a15e749 e-flex e-con-boxed e-con e-child\" data-id=\"a15e749\" data-element_type=\"container\" data-e-type=\"container\">\n\t\t\t\t\t<div class=\"e-con-inner\">\n\t\t\t\t<div class=\"elementor-element elementor-element-77ee7eb elementor-widget elementor-widget-heading\" data-id=\"77ee7eb\" data-element_type=\"widget\" data-e-type=\"widget\" data-widget_type=\"heading.default\">\n\t\t\t\t<div class=\"elementor-widget-container\">\n\t\t\t\t\t<h2 class=\"elementor-heading-title elementor-size-default\">Transporter und Dumper<\/h2>\t\t\t\t<\/div>\n\t\t\t\t<\/div>\n\t\t<div class=\"elementor-element elementor-element-9324c28 e-con-full e-flex e-con e-child\" data-id=\"9324c28\" data-element_type=\"container\" data-e-type=\"container\">\n\t\t\t\t<div class=\"elementor-element elementor-element-fa13e03 elementor-widget elementor-widget-image\" data-id=\"fa13e03\" data-element_type=\"widget\" data-e-type=\"widget\" data-widget_type=\"image.default\">\n\t\t\t\t<div class=\"elementor-widget-container\">\n\t\t\t\t\t\t\t\t\t\t\t\t\t\t\t<img decoding=\"async\" width=\"776\" height=\"480\" src=\"https:\/\/www.ohis.be\/wp-content\/uploads\/2024\/10\/20231204-Ohis-Shoot-WEB-2.jpg\" class=\"attachment-large size-large wp-image-59131\" alt=\"\" srcset=\"https:\/\/www.ohis.be\/wp-content\/uploads\/2024\/10\/20231204-Ohis-Shoot-WEB-2.jpg 776w, https:\/\/www.ohis.be\/wp-content\/uploads\/2024\/10\/20231204-Ohis-Shoot-WEB-2-300x186.jpg 300w, https:\/\/www.ohis.be\/wp-content\/uploads\/2024\/10\/20231204-Ohis-Shoot-WEB-2-768x475.jpg 768w, https:\/\/www.ohis.be\/wp-content\/uploads\/2024\/10\/20231204-Ohis-Shoot-WEB-2-24x15.jpg 24w, https:\/\/www.ohis.be\/wp-content\/uploads\/2024\/10\/20231204-Ohis-Shoot-WEB-2-36x22.jpg 36w, https:\/\/www.ohis.be\/wp-content\/uploads\/2024\/10\/20231204-Ohis-Shoot-WEB-2-48x30.jpg 48w, https:\/\/www.ohis.be\/wp-content\/uploads\/2024\/10\/20231204-Ohis-Shoot-WEB-2-600x371.jpg 600w, https:\/\/www.ohis.be\/wp-content\/uploads\/2024\/10\/20231204-Ohis-Shoot-WEB-2-64x40.jpg 64w\" sizes=\"(max-width: 776px) 100vw, 776px\" \/>\t\t\t\t\t\t\t\t\t\t\t\t\t\t\t<\/div>\n\t\t\t\t<\/div>\n\t\t\t\t<div class=\"elementor-element elementor-element-c2f4a35 elementor-widget elementor-widget-text-editor\" data-id=\"c2f4a35\" data-element_type=\"widget\" data-e-type=\"widget\" data-widget_type=\"text-editor.default\">\n\t\t\t\t<div class=\"elementor-widget-container\">\n\t\t\t\t\t\t\t\t\t<p>Legen Sie schwere Lasten auf einen elektrischen Transporter oder Dumper und schaffen Sie Sicherheit am Arbeitsplatz.<\/p>\t\t\t\t\t\t\t\t<\/div>\n\t\t\t\t<\/div>\n\t\t\t\t<div class=\"elementor-element elementor-element-3b4c5a0 elementor-widget elementor-widget-button\" data-id=\"3b4c5a0\" data-element_type=\"widget\" data-e-type=\"widget\" data-widget_type=\"button.default\">\n\t\t\t\t<div class=\"elementor-widget-container\">\n\t\t\t\t\t\t\t\t\t<div class=\"elementor-button-wrapper\">\n\t\t\t\t\t<a class=\"elementor-button elementor-button-link elementor-size-sm\" href=\"https:\/\/ohis.be\/de\/produkte\/elektrischer-transport\/elektrische-transporters-en-dumpers\/\">\n\t\t\t\t\t\t<span class=\"elementor-button-content-wrapper\">\n\t\t\t\t\t\t\t\t\t<span class=\"elementor-button-text\">Mehr \u00fcber unsere elektrischen Transporter<\/span>\n\t\t\t\t\t<\/span>\n\t\t\t\t\t<\/a>\n\t\t\t\t<\/div>\n\t\t\t\t\t\t\t\t<\/div>\n\t\t\t\t<\/div>\n\t\t\t\t<\/div>\n\t\t\t\t\t<\/div>\n\t\t\t\t<\/div>\n\t\t<div class=\"elementor-element elementor-element-e5ca5e3 e-flex e-con-boxed e-con e-child\" data-id=\"e5ca5e3\" data-element_type=\"container\" data-e-type=\"container\">\n\t\t\t\t\t<div class=\"e-con-inner\">\n\t\t\t\t<div class=\"elementor-element elementor-element-6b092f6 elementor-widget elementor-widget-heading\" data-id=\"6b092f6\" data-element_type=\"widget\" data-e-type=\"widget\" data-widget_type=\"heading.default\">\n\t\t\t\t<div class=\"elementor-widget-container\">\n\t\t\t\t\t<h2 class=\"elementor-heading-title elementor-size-default\">Personentransporter<\/h2>\t\t\t\t<\/div>\n\t\t\t\t<\/div>\n\t\t<div class=\"elementor-element elementor-element-b248467 e-con-full e-flex e-con e-child\" data-id=\"b248467\" data-element_type=\"container\" data-e-type=\"container\">\n\t\t\t\t<div class=\"elementor-element elementor-element-8d659ea elementor-widget elementor-widget-image\" data-id=\"8d659ea\" data-element_type=\"widget\" data-e-type=\"widget\" data-widget_type=\"image.default\">\n\t\t\t\t<div class=\"elementor-widget-container\">\n\t\t\t\t\t\t\t\t\t\t\t\t\t\t\t<img decoding=\"async\" width=\"774\" height=\"480\" src=\"https:\/\/www.ohis.be\/wp-content\/uploads\/2024\/10\/Scherm\u00adafbeelding-2024-09-11-om-10.19.44.jpg\" class=\"attachment-large size-large wp-image-59135\" alt=\"\" srcset=\"https:\/\/www.ohis.be\/wp-content\/uploads\/2024\/10\/Scherm\u00adafbeelding-2024-09-11-om-10.19.44.jpg 774w, https:\/\/www.ohis.be\/wp-content\/uploads\/2024\/10\/Scherm\u00adafbeelding-2024-09-11-om-10.19.44-300x186.jpg 300w, https:\/\/www.ohis.be\/wp-content\/uploads\/2024\/10\/Scherm\u00adafbeelding-2024-09-11-om-10.19.44-768x476.jpg 768w, https:\/\/www.ohis.be\/wp-content\/uploads\/2024\/10\/Scherm\u00adafbeelding-2024-09-11-om-10.19.44-24x15.jpg 24w, https:\/\/www.ohis.be\/wp-content\/uploads\/2024\/10\/Scherm\u00adafbeelding-2024-09-11-om-10.19.44-36x22.jpg 36w, https:\/\/www.ohis.be\/wp-content\/uploads\/2024\/10\/Scherm\u00adafbeelding-2024-09-11-om-10.19.44-48x30.jpg 48w, https:\/\/www.ohis.be\/wp-content\/uploads\/2024\/10\/Scherm\u00adafbeelding-2024-09-11-om-10.19.44-600x372.jpg 600w, https:\/\/www.ohis.be\/wp-content\/uploads\/2024\/10\/Scherm\u00adafbeelding-2024-09-11-om-10.19.44-64x40.jpg 64w\" sizes=\"(max-width: 774px) 100vw, 774px\" \/>\t\t\t\t\t\t\t\t\t\t\t\t\t\t\t<\/div>\n\t\t\t\t<\/div>\n\t\t\t\t<div class=\"elementor-element elementor-element-488906e elementor-widget elementor-widget-text-editor\" data-id=\"488906e\" data-element_type=\"widget\" data-e-type=\"widget\" data-widget_type=\"text-editor.default\">\n\t\t\t\t<div class=\"elementor-widget-container\">\n\t\t\t\t\t\t\t\t\t<p>Verwenden Sie unsere Personentransporter f\u00fcr l\u00e4ngere Strecken.<\/p>\t\t\t\t\t\t\t\t<\/div>\n\t\t\t\t<\/div>\n\t\t\t\t<div class=\"elementor-element elementor-element-cfbda81 elementor-widget elementor-widget-button\" data-id=\"cfbda81\" data-element_type=\"widget\" data-e-type=\"widget\" data-widget_type=\"button.default\">\n\t\t\t\t<div class=\"elementor-widget-container\">\n\t\t\t\t\t\t\t\t\t<div class=\"elementor-button-wrapper\">\n\t\t\t\t\t<a class=\"elementor-button elementor-button-link elementor-size-sm\" href=\"https:\/\/ohis.be\/de\/produkte\/elektrischer-transport\/elektrische-personentransporters\/\">\n\t\t\t\t\t\t<span class=\"elementor-button-content-wrapper\">\n\t\t\t\t\t\t\t\t\t<span class=\"elementor-button-text\">Mehr \u00fcber unsere Personentransporter<\/span>\n\t\t\t\t\t<\/span>\n\t\t\t\t\t<\/a>\n\t\t\t\t<\/div>\n\t\t\t\t\t\t\t\t<\/div>\n\t\t\t\t<\/div>\n\t\t\t\t<\/div>\n\t\t\t\t\t<\/div>\n\t\t\t\t<\/div>\n\t\t\t\t<\/div>\n\t\t<div class=\"elementor-element elementor-element-1588db4 e-con-full e-flex e-con e-parent\" data-id=\"1588db4\" data-element_type=\"container\" data-e-type=\"container\" data-settings=\"{&quot;background_background&quot;:&quot;classic&quot;}\">\n\t\t\t\t<div class=\"elementor-element elementor-element-5a4d546 elementor-widget elementor-widget-heading\" data-id=\"5a4d546\" data-element_type=\"widget\" data-e-type=\"widget\" data-widget_type=\"heading.default\">\n\t\t\t\t<div class=\"elementor-widget-container\">\n\t\t\t\t\t<h2 class=\"elementor-heading-title elementor-size-default\">Kontakt<\/h2>\t\t\t\t<\/div>\n\t\t\t\t<\/div>\n\t\t\t\t<div class=\"elementor-element elementor-element-287ca4c elementor-widget elementor-widget-text-editor\" data-id=\"287ca4c\" data-element_type=\"widget\" data-e-type=\"widget\" data-widget_type=\"text-editor.default\">\n\t\t\t\t<div class=\"elementor-widget-container\">\n\t\t\t\t\t\t\t\t\t<p>Fragen? Oder w\u00fcnschen Sie weitere Informationen?<\/p>\t\t\t\t\t\t\t\t<\/div>\n\t\t\t\t<\/div>\n\t\t\t\t<div class=\"elementor-element elementor-element-a5b01ba elementor-align-center elementor-widget elementor-widget-button\" data-id=\"a5b01ba\" data-element_type=\"widget\" data-e-type=\"widget\" data-widget_type=\"button.default\">\n\t\t\t\t<div class=\"elementor-widget-container\">\n\t\t\t\t\t\t\t\t\t<div class=\"elementor-button-wrapper\">\n\t\t\t\t\t<a class=\"elementor-button elementor-button-link elementor-size-sm\" href=\"https:\/\/ohis.be\/de\/kontakt\/\">\n\t\t\t\t\t\t<span class=\"elementor-button-content-wrapper\">\n\t\t\t\t\t\t\t\t\t<span class=\"elementor-button-text\">Kontaktieren Sie uns<\/span>\n\t\t\t\t\t<\/span>\n\t\t\t\t\t<\/a>\n\t\t\t\t<\/div>\n\t\t\t\t\t\t\t\t<\/div>\n\t\t\t\t<\/div>\n\t\t\t\t<\/div>\n\t\t\t\t<\/div>\n\t\t","protected":false},"excerpt":{"rendered":"<p>Elektrischer Transport Kompakte, leistungsstarke Schlepper, Motortransporter, Elektrostapler mit Plattform, Rollwagen, Elektrodumper &#8230; Unsere verschiedenen elektrischen Transportsysteme eignen sich f\u00fcr Industrie, Lager, Gartenzentren, Landwirtschaft, Schulen, Universit\u00e4ten, Krankenh\u00e4user und Kommunen. Schlepper Bef\u00f6rdern Sie schwere Lasten einfach und kompakt mit unseren elektrischen Schleppern. Mehr \u00fcber unsere elektrischen Schlepper Transporter und Dumper Legen Sie schwere Lasten auf einen elektrischen [&hellip;]<\/p>\n","protected":false},"author":108,"featured_media":58673,"parent":9036,"menu_order":107,"comment_status":"closed","ping_status":"closed","template":"elementor_header_footer","meta":{"_acf_changed":false,"inline_featured_image":false,"footnotes":""},"class_list":["post-59143","page","type-page","status-publish","has-post-thumbnail","hentry"],"acf":[],"yoast_head":"<!-- This site is optimized with the Yoast SEO plugin v27.5 - https:\/\/yoast.com\/product\/yoast-seo-wordpress\/ -->\n<title>Elektrisch transport - Ohis<\/title>\n<meta name=\"robots\" content=\"index, follow, max-snippet:-1, max-image-preview:large, max-video-preview:-1\" \/>\n<link rel=\"canonical\" href=\"https:\/\/www.ohis.be\/de\/produkte\/elektrisch-transport\/\" \/>\n<meta property=\"og:locale\" content=\"de_DE\" \/>\n<meta property=\"og:type\" content=\"article\" \/>\n<meta property=\"og:title\" content=\"Elektrisch transport - Ohis\" \/>\n<meta property=\"og:description\" content=\"Elektrischer Transport Kompakte, leistungsstarke Schlepper, Motortransporter, Elektrostapler mit Plattform, Rollwagen, Elektrodumper &#8230; Unsere verschiedenen elektrischen Transportsysteme eignen sich f\u00fcr Industrie, Lager, Gartenzentren, Landwirtschaft, Schulen, Universit\u00e4ten, Krankenh\u00e4user und Kommunen. Schlepper Bef\u00f6rdern Sie schwere Lasten einfach und kompakt mit unseren elektrischen Schleppern. Mehr \u00fcber unsere elektrischen Schlepper Transporter und Dumper Legen Sie schwere Lasten auf einen elektrischen [&hellip;]\" \/>\n<meta property=\"og:url\" content=\"https:\/\/www.ohis.be\/de\/produkte\/elektrisch-transport\/\" \/>\n<meta property=\"og:site_name\" content=\"Ohis\" \/>\n<meta property=\"article:modified_time\" content=\"2024-10-14T08:19:36+00:00\" \/>\n<meta property=\"og:image\" content=\"https:\/\/www.ohis.be\/wp-content\/uploads\/2024\/09\/20231204-Ohis-Shoot-WEB-18.jpg\" \/>\n\t<meta property=\"og:image:width\" content=\"2400\" \/>\n\t<meta property=\"og:image:height\" content=\"1600\" \/>\n\t<meta property=\"og:image:type\" content=\"image\/jpeg\" \/>\n<meta name=\"twitter:card\" content=\"summary_large_image\" \/>\n<meta name=\"twitter:label1\" content=\"Gesch\u00e4tzte Lesezeit\" \/>\n\t<meta name=\"twitter:data1\" content=\"2\u00a0Minuten\" \/>\n<script type=\"application\/ld+json\" class=\"yoast-schema-graph\">{\"@context\":\"https:\\\/\\\/schema.org\",\"@graph\":[{\"@type\":\"WebPage\",\"@id\":\"https:\\\/\\\/www.ohis.be\\\/de\\\/produkte\\\/elektrisch-transport\\\/\",\"url\":\"https:\\\/\\\/www.ohis.be\\\/de\\\/produkte\\\/elektrisch-transport\\\/\",\"name\":\"Elektrisch transport - Ohis\",\"isPartOf\":{\"@id\":\"https:\\\/\\\/www.ohis.be\\\/#website\"},\"primaryImageOfPage\":{\"@id\":\"https:\\\/\\\/www.ohis.be\\\/de\\\/produkte\\\/elektrisch-transport\\\/#primaryimage\"},\"image\":{\"@id\":\"https:\\\/\\\/www.ohis.be\\\/de\\\/produkte\\\/elektrisch-transport\\\/#primaryimage\"},\"thumbnailUrl\":\"https:\\\/\\\/www.ohis.be\\\/wp-content\\\/uploads\\\/2024\\\/09\\\/20231204-Ohis-Shoot-WEB-18.jpg\",\"datePublished\":\"2024-09-27T10:05:28+00:00\",\"dateModified\":\"2024-10-14T08:19:36+00:00\",\"breadcrumb\":{\"@id\":\"https:\\\/\\\/www.ohis.be\\\/de\\\/produkte\\\/elektrisch-transport\\\/#breadcrumb\"},\"inLanguage\":\"de\",\"potentialAction\":[{\"@type\":\"ReadAction\",\"target\":[\"https:\\\/\\\/www.ohis.be\\\/de\\\/produkte\\\/elektrisch-transport\\\/\"]}]},{\"@type\":\"ImageObject\",\"inLanguage\":\"de\",\"@id\":\"https:\\\/\\\/www.ohis.be\\\/de\\\/produkte\\\/elektrisch-transport\\\/#primaryimage\",\"url\":\"https:\\\/\\\/www.ohis.be\\\/wp-content\\\/uploads\\\/2024\\\/09\\\/20231204-Ohis-Shoot-WEB-18.jpg\",\"contentUrl\":\"https:\\\/\\\/www.ohis.be\\\/wp-content\\\/uploads\\\/2024\\\/09\\\/20231204-Ohis-Shoot-WEB-18.jpg\",\"width\":2400,\"height\":1600},{\"@type\":\"BreadcrumbList\",\"@id\":\"https:\\\/\\\/www.ohis.be\\\/de\\\/produkte\\\/elektrisch-transport\\\/#breadcrumb\",\"itemListElement\":[{\"@type\":\"ListItem\",\"position\":1,\"name\":\"Accueil\",\"item\":\"https:\\\/\\\/www.ohis.be\\\/de\\\/\"},{\"@type\":\"ListItem\",\"position\":2,\"name\":\"Produkte\",\"item\":\"https:\\\/\\\/www.ohis.be\\\/de\\\/produkte\\\/\"},{\"@type\":\"ListItem\",\"position\":3,\"name\":\"Elektrisch transport\"}]},{\"@type\":\"WebSite\",\"@id\":\"https:\\\/\\\/www.ohis.be\\\/#website\",\"url\":\"https:\\\/\\\/www.ohis.be\\\/\",\"name\":\"Ohis\",\"description\":\"Outils de levage\",\"publisher\":{\"@id\":\"https:\\\/\\\/www.ohis.be\\\/#organization\"},\"potentialAction\":[{\"@type\":\"SearchAction\",\"target\":{\"@type\":\"EntryPoint\",\"urlTemplate\":\"https:\\\/\\\/www.ohis.be\\\/?s={search_term_string}\"},\"query-input\":{\"@type\":\"PropertyValueSpecification\",\"valueRequired\":true,\"valueName\":\"search_term_string\"}}],\"inLanguage\":\"de\"},{\"@type\":\"Organization\",\"@id\":\"https:\\\/\\\/www.ohis.be\\\/#organization\",\"name\":\"Ohis\",\"url\":\"https:\\\/\\\/www.ohis.be\\\/\",\"logo\":{\"@type\":\"ImageObject\",\"inLanguage\":\"de\",\"@id\":\"https:\\\/\\\/www.ohis.be\\\/#\\\/schema\\\/logo\\\/image\\\/\",\"url\":\"https:\\\/\\\/www.ohis.be\\\/wp-content\\\/uploads\\\/2021\\\/02\\\/logo-ohis-wit.svg\",\"contentUrl\":\"https:\\\/\\\/www.ohis.be\\\/wp-content\\\/uploads\\\/2021\\\/02\\\/logo-ohis-wit.svg\",\"caption\":\"Ohis\"},\"image\":{\"@id\":\"https:\\\/\\\/www.ohis.be\\\/#\\\/schema\\\/logo\\\/image\\\/\"}}]}<\/script>\n<!-- \/ Yoast SEO plugin. -->","yoast_head_json":{"title":"Elektrisch transport - Ohis","robots":{"index":"index","follow":"follow","max-snippet":"max-snippet:-1","max-image-preview":"max-image-preview:large","max-video-preview":"max-video-preview:-1"},"canonical":"https:\/\/www.ohis.be\/de\/produkte\/elektrisch-transport\/","og_locale":"de_DE","og_type":"article","og_title":"Elektrisch transport - Ohis","og_description":"Elektrischer Transport Kompakte, leistungsstarke Schlepper, Motortransporter, Elektrostapler mit Plattform, Rollwagen, Elektrodumper &#8230; Unsere verschiedenen elektrischen Transportsysteme eignen sich f\u00fcr Industrie, Lager, Gartenzentren, Landwirtschaft, Schulen, Universit\u00e4ten, Krankenh\u00e4user und Kommunen. Schlepper Bef\u00f6rdern Sie schwere Lasten einfach und kompakt mit unseren elektrischen Schleppern. Mehr \u00fcber unsere elektrischen Schlepper Transporter und Dumper Legen Sie schwere Lasten auf einen elektrischen [&hellip;]","og_url":"https:\/\/www.ohis.be\/de\/produkte\/elektrisch-transport\/","og_site_name":"Ohis","article_modified_time":"2024-10-14T08:19:36+00:00","og_image":[{"width":2400,"height":1600,"url":"https:\/\/www.ohis.be\/wp-content\/uploads\/2024\/09\/20231204-Ohis-Shoot-WEB-18.jpg","type":"image\/jpeg"}],"twitter_card":"summary_large_image","twitter_misc":{"Gesch\u00e4tzte Lesezeit":"2\u00a0Minuten"},"schema":{"@context":"https:\/\/schema.org","@graph":[{"@type":"WebPage","@id":"https:\/\/www.ohis.be\/de\/produkte\/elektrisch-transport\/","url":"https:\/\/www.ohis.be\/de\/produkte\/elektrisch-transport\/","name":"Elektrisch transport - Ohis","isPartOf":{"@id":"https:\/\/www.ohis.be\/#website"},"primaryImageOfPage":{"@id":"https:\/\/www.ohis.be\/de\/produkte\/elektrisch-transport\/#primaryimage"},"image":{"@id":"https:\/\/www.ohis.be\/de\/produkte\/elektrisch-transport\/#primaryimage"},"thumbnailUrl":"https:\/\/www.ohis.be\/wp-content\/uploads\/2024\/09\/20231204-Ohis-Shoot-WEB-18.jpg","datePublished":"2024-09-27T10:05:28+00:00","dateModified":"2024-10-14T08:19:36+00:00","breadcrumb":{"@id":"https:\/\/www.ohis.be\/de\/produkte\/elektrisch-transport\/#breadcrumb"},"inLanguage":"de","potentialAction":[{"@type":"ReadAction","target":["https:\/\/www.ohis.be\/de\/produkte\/elektrisch-transport\/"]}]},{"@type":"ImageObject","inLanguage":"de","@id":"https:\/\/www.ohis.be\/de\/produkte\/elektrisch-transport\/#primaryimage","url":"https:\/\/www.ohis.be\/wp-content\/uploads\/2024\/09\/20231204-Ohis-Shoot-WEB-18.jpg","contentUrl":"https:\/\/www.ohis.be\/wp-content\/uploads\/2024\/09\/20231204-Ohis-Shoot-WEB-18.jpg","width":2400,"height":1600},{"@type":"BreadcrumbList","@id":"https:\/\/www.ohis.be\/de\/produkte\/elektrisch-transport\/#breadcrumb","itemListElement":[{"@type":"ListItem","position":1,"name":"Accueil","item":"https:\/\/www.ohis.be\/de\/"},{"@type":"ListItem","position":2,"name":"Produkte","item":"https:\/\/www.ohis.be\/de\/produkte\/"},{"@type":"ListItem","position":3,"name":"Elektrisch transport"}]},{"@type":"WebSite","@id":"https:\/\/www.ohis.be\/#website","url":"https:\/\/www.ohis.be\/","name":"Ohis","description":"Outils de levage","publisher":{"@id":"https:\/\/www.ohis.be\/#organization"},"potentialAction":[{"@type":"SearchAction","target":{"@type":"EntryPoint","urlTemplate":"https:\/\/www.ohis.be\/?s={search_term_string}"},"query-input":{"@type":"PropertyValueSpecification","valueRequired":true,"valueName":"search_term_string"}}],"inLanguage":"de"},{"@type":"Organization","@id":"https:\/\/www.ohis.be\/#organization","name":"Ohis","url":"https:\/\/www.ohis.be\/","logo":{"@type":"ImageObject","inLanguage":"de","@id":"https:\/\/www.ohis.be\/#\/schema\/logo\/image\/","url":"https:\/\/www.ohis.be\/wp-content\/uploads\/2021\/02\/logo-ohis-wit.svg","contentUrl":"https:\/\/www.ohis.be\/wp-content\/uploads\/2021\/02\/logo-ohis-wit.svg","caption":"Ohis"},"image":{"@id":"https:\/\/www.ohis.be\/#\/schema\/logo\/image\/"}}]}},"_links":{"self":[{"href":"https:\/\/www.ohis.be\/de\/wp-json\/wp\/v2\/pages\/59143","targetHints":{"allow":["GET"]}}],"collection":[{"href":"https:\/\/www.ohis.be\/de\/wp-json\/wp\/v2\/pages"}],"about":[{"href":"https:\/\/www.ohis.be\/de\/wp-json\/wp\/v2\/types\/page"}],"author":[{"embeddable":true,"href":"https:\/\/www.ohis.be\/de\/wp-json\/wp\/v2\/users\/108"}],"replies":[{"embeddable":true,"href":"https:\/\/www.ohis.be\/de\/wp-json\/wp\/v2\/comments?post=59143"}],"version-history":[{"count":0,"href":"https:\/\/www.ohis.be\/de\/wp-json\/wp\/v2\/pages\/59143\/revisions"}],"up":[{"embeddable":true,"href":"https:\/\/www.ohis.be\/de\/wp-json\/wp\/v2\/pages\/9036"}],"wp:featuredmedia":[{"embeddable":true,"href":"https:\/\/www.ohis.be\/de\/wp-json\/wp\/v2\/media\/58673"}],"wp:attachment":[{"href":"https:\/\/www.ohis.be\/de\/wp-json\/wp\/v2\/media?parent=59143"}],"curies":[{"name":"wp","href":"https:\/\/api.w.org\/{rel}","templated":true}]}}