{"id":4643,"date":"2021-02-10T21:39:21","date_gmt":"2021-02-10T20:39:21","guid":{"rendered":"https:\/\/www.ohis.be\/services\/depannage\/"},"modified":"2024-10-07T15:38:27","modified_gmt":"2024-10-07T13:38:27","slug":"regelmaessige-pruefung","status":"publish","type":"page","link":"https:\/\/www.ohis.be\/de\/dienstleistungen\/regelmaessige-pruefung\/","title":{"rendered":"Regelm\u00e4\u00dfige Pr\u00fcfung"},"content":{"rendered":"\t\t<div data-elementor-type=\"wp-page\" data-elementor-id=\"4643\" class=\"elementor elementor-4643 elementor-182\" data-elementor-post-type=\"page\">\n\t\t\t\t<div class=\"elementor-element elementor-element-4a8ae17 e-con-full e-flex e-con e-parent\" data-id=\"4a8ae17\" data-element_type=\"container\" data-e-type=\"container\" data-settings=\"{&quot;background_background&quot;:&quot;classic&quot;}\">\n\t\t\t\t<div class=\"elementor-element elementor-element-c52216c elementor-widget elementor-widget-spacer\" data-id=\"c52216c\" data-element_type=\"widget\" data-e-type=\"widget\" data-widget_type=\"spacer.default\">\n\t\t\t\t<div class=\"elementor-widget-container\">\n\t\t\t\t\t\t\t<div class=\"elementor-spacer\">\n\t\t\t<div class=\"elementor-spacer-inner\"><\/div>\n\t\t<\/div>\n\t\t\t\t\t\t<\/div>\n\t\t\t\t<\/div>\n\t\t\t\t<div class=\"elementor-element elementor-element-e8a42ac elementor-widget__width-auto elementor-widget elementor-widget-heading\" data-id=\"e8a42ac\" data-element_type=\"widget\" data-e-type=\"widget\" data-widget_type=\"heading.default\">\n\t\t\t\t<div class=\"elementor-widget-container\">\n\t\t\t\t\t<h1 class=\"elementor-heading-title elementor-size-default\">Regelm\u00e4\u00dfige <br>Pr\u00fcfung<\/h1>\t\t\t\t<\/div>\n\t\t\t\t<\/div>\n\t\t\t\t<div class=\"elementor-element elementor-element-2201661 elementor-widget elementor-widget-spacer\" data-id=\"2201661\" data-element_type=\"widget\" data-e-type=\"widget\" data-widget_type=\"spacer.default\">\n\t\t\t\t<div class=\"elementor-widget-container\">\n\t\t\t\t\t\t\t<div class=\"elementor-spacer\">\n\t\t\t<div class=\"elementor-spacer-inner\"><\/div>\n\t\t<\/div>\n\t\t\t\t\t\t<\/div>\n\t\t\t\t<\/div>\n\t\t\t\t<\/div>\n\t\t<div class=\"elementor-element elementor-element-6ed392f e-con-full e-flex e-con e-parent\" data-id=\"6ed392f\" data-element_type=\"container\" data-e-type=\"container\">\n\t\t<div class=\"elementor-element elementor-element-1919ba8 e-con-full e-flex e-con e-child\" data-id=\"1919ba8\" data-element_type=\"container\" data-e-type=\"container\">\n\t\t\t\t<div class=\"elementor-element elementor-element-cb1ebb7 elementor-widget elementor-widget-text-editor\" data-id=\"cb1ebb7\" data-element_type=\"widget\" data-e-type=\"widget\" data-widget_type=\"text-editor.default\">\n\t\t\t\t<div class=\"elementor-widget-container\">\n\t\t\t\t\t\t\t\t\t<p>Die (regelm\u00e4\u00dfige) \u00dcberpr\u00fcfung Ihrer Hebe- und F\u00f6rdersysteme gew\u00e4hrleistet die Sicherheit f\u00fcr Sie und Ihre Mitarbeiter. Deshalb ist es gesetzlich vorgeschrieben, dass Ihre Hebezeuge und F\u00f6rdermittel sowohl bei der Inbetriebnahme als auch bei den regelm\u00e4\u00dfigen Pr\u00fcfungen durch eine zugelassene Stelle gepr\u00fcft werden. Nach der Pr\u00fcfung erhalten Sie eine Pr\u00fcfbescheinigung.<\/p>\t\t\t\t\t\t\t\t<\/div>\n\t\t\t\t<\/div>\n\t\t\t\t<\/div>\n\t\t\t\t<\/div>\n\t\t<div class=\"elementor-element elementor-element-bbd5cf2 e-con-full e-flex e-con e-parent\" data-id=\"bbd5cf2\" data-element_type=\"container\" data-e-type=\"container\">\n\t\t<div class=\"elementor-element elementor-element-fde6834 e-con-full e-flex e-con e-child\" data-id=\"fde6834\" data-element_type=\"container\" data-e-type=\"container\">\n\t\t\t\t<div class=\"elementor-element elementor-element-92efada elementor-widget elementor-widget-heading\" data-id=\"92efada\" data-element_type=\"widget\" data-e-type=\"widget\" data-widget_type=\"heading.default\">\n\t\t\t\t<div class=\"elementor-widget-container\">\n\t\t\t\t\t<h2 class=\"elementor-heading-title elementor-size-default\">Die Arten der regelm\u00e4\u00dfigen Pr\u00fcfung<\/h2>\t\t\t\t<\/div>\n\t\t\t\t<\/div>\n\t\t\t\t<div class=\"elementor-element elementor-element-3dd9cea elementor-widget elementor-widget-text-editor\" data-id=\"3dd9cea\" data-element_type=\"widget\" data-e-type=\"widget\" data-widget_type=\"text-editor.default\">\n\t\t\t\t<div class=\"elementor-widget-container\">\n\t\t\t\t\t\t\t\t\t<p>Die erste regelm\u00e4\u00dfige Pr\u00fcfung ist die Inbetriebnahmepr\u00fcfung. Dies bedeutet, dass die Hebe- und F\u00f6rdersysteme vor der Inbetriebnahme gepr\u00fcft werden m\u00fcssen. Diese Art der Pr\u00fcfung muss auch nach einem Zwischenfall oder einer wesentlichen \u00c4nderung, die die Sicherheit der Anlage beeintr\u00e4chtigt haben k\u00f6nnte, durchgef\u00fchrt werden.<\/p><p>Danach m\u00fcssen die Hebezeuge und F\u00f6rdermittel auch w\u00e4hrend der Benutzung gepr\u00fcft und kontrolliert werden. Die Hebesysteme und -mittel m\u00fcssen viertelj\u00e4hrlich von einer unabh\u00e4ngigen, vom F\u00d6D Besch\u00e4ftigung, Arbeit und Soziale Konzertierung anerkannten Pr\u00fcfstelle wie Vin\u00e7otte, Normec, ACEG oder BTV gepr\u00fcft werden. F\u00f6rdersysteme hingegen m\u00fcssen nur einmal pro Jahr von einer sachkundigen Person kontrolliert werden, die das ordnungsgem\u00e4\u00dfe Funktionieren des Systems \u00fcberpr\u00fcft. Hier finden Sie eine Liste der zugelassenen Fremdunternehmen, die in Belgien technische Pr\u00fcfungen am Arbeitsplatz durchf\u00fchren d\u00fcrfen.<\/p><p>Die Eignung der Hebe- und F\u00f6rdersysteme wird auch durch eine Berechnung der Restlebensdauer (S.W.P.) und eine General\u00fcberholung f\u00fcr Systeme, die keiner Eignungspr\u00fcfung unterzogen werden, \u00fcberpr\u00fcft.<\/p>\t\t\t\t\t\t\t\t<\/div>\n\t\t\t\t<\/div>\n\t\t\t\t<\/div>\n\t\t<div class=\"elementor-element elementor-element-87b8fe5 e-con-full e-flex e-con e-child\" data-id=\"87b8fe5\" data-element_type=\"container\" data-e-type=\"container\" data-settings=\"{&quot;background_background&quot;:&quot;classic&quot;}\">\n\t\t\t\t<\/div>\n\t\t\t\t<\/div>\n\t\t<div class=\"elementor-element elementor-element-41ce568 e-con-full e-flex e-con e-parent\" data-id=\"41ce568\" data-element_type=\"container\" data-e-type=\"container\">\n\t\t\t\t<div class=\"elementor-element elementor-element-51317f2 elementor-widget elementor-widget-heading\" data-id=\"51317f2\" data-element_type=\"widget\" data-e-type=\"widget\" data-widget_type=\"heading.default\">\n\t\t\t\t<div class=\"elementor-widget-container\">\n\t\t\t\t\t<h2 class=\"elementor-heading-title elementor-size-default\">Entdecken Sie unsere anderen Dienstleistungen<\/h2>\t\t\t\t<\/div>\n\t\t\t\t<\/div>\n\t\t<div class=\"elementor-element elementor-element-e1159de e-flex e-con-boxed e-con e-child\" data-id=\"e1159de\" data-element_type=\"container\" data-e-type=\"container\">\n\t\t\t\t\t<div class=\"e-con-inner\">\n\t\t\t\t<div class=\"elementor-element elementor-element-99ae505 elementor-align-center elementor-widget elementor-widget-button\" data-id=\"99ae505\" data-element_type=\"widget\" data-e-type=\"widget\" data-widget_type=\"button.default\">\n\t\t\t\t<div class=\"elementor-widget-container\">\n\t\t\t\t\t\t\t\t\t<div class=\"elementor-button-wrapper\">\n\t\t\t\t\t<a class=\"elementor-button elementor-button-link elementor-size-sm\" href=\"https:\/\/ohis.be\/de\/dienstleistungen\/praeventive-wartung\/\">\n\t\t\t\t\t\t<span class=\"elementor-button-content-wrapper\">\n\t\t\t\t\t\t\t\t\t<span class=\"elementor-button-text\">Pr\u00e4ventive Wartung<\/span>\n\t\t\t\t\t<\/span>\n\t\t\t\t\t<\/a>\n\t\t\t\t<\/div>\n\t\t\t\t\t\t\t\t<\/div>\n\t\t\t\t<\/div>\n\t\t\t\t<div class=\"elementor-element elementor-element-b9c19f8 elementor-align-center elementor-widget elementor-widget-button\" data-id=\"b9c19f8\" data-element_type=\"widget\" data-e-type=\"widget\" data-widget_type=\"button.default\">\n\t\t\t\t<div class=\"elementor-widget-container\">\n\t\t\t\t\t\t\t\t\t<div class=\"elementor-button-wrapper\">\n\t\t\t\t\t<a class=\"elementor-button elementor-button-link elementor-size-sm\" href=\"https:\/\/ohis.be\/de\/dienstleistungen\/bepaling-van-de-levensduur-a-d-h-v-de-s-w-p-berekening\/\">\n\t\t\t\t\t\t<span class=\"elementor-button-content-wrapper\">\n\t\t\t\t\t\t\t\t\t<span class=\"elementor-button-text\">Lebensdauer \u00fcber S.W.P.-Berechnung<\/span>\n\t\t\t\t\t<\/span>\n\t\t\t\t\t<\/a>\n\t\t\t\t<\/div>\n\t\t\t\t\t\t\t\t<\/div>\n\t\t\t\t<\/div>\n\t\t\t\t<div class=\"elementor-element elementor-element-4e695ad elementor-align-center elementor-widget elementor-widget-button\" data-id=\"4e695ad\" data-element_type=\"widget\" data-e-type=\"widget\" data-widget_type=\"button.default\">\n\t\t\t\t<div class=\"elementor-widget-container\">\n\t\t\t\t\t\t\t\t\t<div class=\"elementor-button-wrapper\">\n\t\t\t\t\t<a class=\"elementor-button elementor-button-link elementor-size-sm\" href=\"https:\/\/ohis.be\/de\/dienstleistungen\/modernisering-en-retrofit\/\">\n\t\t\t\t\t\t<span class=\"elementor-button-content-wrapper\">\n\t\t\t\t\t\t\t\t\t<span class=\"elementor-button-text\">Modernisierung und Retrofit<\/span>\n\t\t\t\t\t<\/span>\n\t\t\t\t\t<\/a>\n\t\t\t\t<\/div>\n\t\t\t\t\t\t\t\t<\/div>\n\t\t\t\t<\/div>\n\t\t\t\t\t<\/div>\n\t\t\t\t<\/div>\n\t\t\t\t<\/div>\n\t\t<div class=\"elementor-element elementor-element-24f985e e-con-full e-flex e-con e-parent\" data-id=\"24f985e\" data-element_type=\"container\" data-e-type=\"container\" data-settings=\"{&quot;background_background&quot;:&quot;classic&quot;}\">\n\t\t\t\t<div class=\"elementor-element elementor-element-b5f89a1 elementor-widget elementor-widget-heading\" data-id=\"b5f89a1\" data-element_type=\"widget\" data-e-type=\"widget\" data-widget_type=\"heading.default\">\n\t\t\t\t<div class=\"elementor-widget-container\">\n\t\t\t\t\t<h2 class=\"elementor-heading-title elementor-size-default\">Kontact<\/h2>\t\t\t\t<\/div>\n\t\t\t\t<\/div>\n\t\t\t\t<div class=\"elementor-element elementor-element-10b1e70 elementor-widget elementor-widget-text-editor\" data-id=\"10b1e70\" data-element_type=\"widget\" data-e-type=\"widget\" data-widget_type=\"text-editor.default\">\n\t\t\t\t<div class=\"elementor-widget-container\">\n\t\t\t\t\t\t\t\t\t<p>Haben Sie eine Frage? Oder m\u00f6chten Sie mehr Informationen?<\/p>\t\t\t\t\t\t\t\t<\/div>\n\t\t\t\t<\/div>\n\t\t\t\t<div class=\"elementor-element elementor-element-b480962 elementor-align-center elementor-widget elementor-widget-button\" data-id=\"b480962\" data-element_type=\"widget\" data-e-type=\"widget\" data-widget_type=\"button.default\">\n\t\t\t\t<div class=\"elementor-widget-container\">\n\t\t\t\t\t\t\t\t\t<div class=\"elementor-button-wrapper\">\n\t\t\t\t\t<a class=\"elementor-button elementor-button-link elementor-size-sm\" href=\"https:\/\/ohis.be\/de\/kontact\/\">\n\t\t\t\t\t\t<span class=\"elementor-button-content-wrapper\">\n\t\t\t\t\t\t\t\t\t<span class=\"elementor-button-text\">contacteer ons<\/span>\n\t\t\t\t\t<\/span>\n\t\t\t\t\t<\/a>\n\t\t\t\t<\/div>\n\t\t\t\t\t\t\t\t<\/div>\n\t\t\t\t<\/div>\n\t\t\t\t<\/div>\n\t\t\t\t<\/div>\n\t\t","protected":false},"excerpt":{"rendered":"<p>Regelm\u00e4\u00dfige Pr\u00fcfung Die (regelm\u00e4\u00dfige) \u00dcberpr\u00fcfung Ihrer Hebe- und F\u00f6rdersysteme gew\u00e4hrleistet die Sicherheit f\u00fcr Sie und Ihre Mitarbeiter. Deshalb ist es gesetzlich vorgeschrieben, dass Ihre Hebezeuge und F\u00f6rdermittel sowohl bei der Inbetriebnahme als auch bei den regelm\u00e4\u00dfigen Pr\u00fcfungen durch eine zugelassene Stelle gepr\u00fcft werden. Nach der Pr\u00fcfung erhalten Sie eine Pr\u00fcfbescheinigung. Die Arten der regelm\u00e4\u00dfigen Pr\u00fcfung [&hellip;]<\/p>\n","protected":false},"author":5,"featured_media":0,"parent":4617,"menu_order":41,"comment_status":"closed","ping_status":"closed","template":"","meta":{"_acf_changed":false,"inline_featured_image":false,"footnotes":""},"class_list":["post-4643","page","type-page","status-publish","hentry"],"acf":[],"yoast_head":"<!-- This site is optimized with the Yoast SEO plugin v27.5 - https:\/\/yoast.com\/product\/yoast-seo-wordpress\/ -->\n<title>Regelm\u00e4\u00dfige Pr\u00fcfung - Ohis<\/title>\n<meta name=\"robots\" content=\"index, follow, max-snippet:-1, max-image-preview:large, max-video-preview:-1\" \/>\n<link rel=\"canonical\" href=\"https:\/\/www.ohis.be\/de\/dienstleistungen\/regelmaessige-pruefung\/\" \/>\n<meta property=\"og:locale\" content=\"de_DE\" \/>\n<meta property=\"og:type\" content=\"article\" \/>\n<meta property=\"og:title\" content=\"Regelm\u00e4\u00dfige Pr\u00fcfung - Ohis\" \/>\n<meta property=\"og:description\" content=\"Regelm\u00e4\u00dfige Pr\u00fcfung Die (regelm\u00e4\u00dfige) \u00dcberpr\u00fcfung Ihrer Hebe- und F\u00f6rdersysteme gew\u00e4hrleistet die Sicherheit f\u00fcr Sie und Ihre Mitarbeiter. Deshalb ist es gesetzlich vorgeschrieben, dass Ihre Hebezeuge und F\u00f6rdermittel sowohl bei der Inbetriebnahme als auch bei den regelm\u00e4\u00dfigen Pr\u00fcfungen durch eine zugelassene Stelle gepr\u00fcft werden. Nach der Pr\u00fcfung erhalten Sie eine Pr\u00fcfbescheinigung. Die Arten der regelm\u00e4\u00dfigen Pr\u00fcfung [&hellip;]\" \/>\n<meta property=\"og:url\" content=\"https:\/\/www.ohis.be\/de\/dienstleistungen\/regelmaessige-pruefung\/\" \/>\n<meta property=\"og:site_name\" content=\"Ohis\" \/>\n<meta property=\"article:modified_time\" content=\"2024-10-07T13:38:27+00:00\" \/>\n<meta name=\"twitter:card\" content=\"summary_large_image\" \/>\n<meta name=\"twitter:label1\" content=\"Gesch\u00e4tzte Lesezeit\" \/>\n\t<meta name=\"twitter:data1\" content=\"2\u00a0Minuten\" \/>\n<script type=\"application\/ld+json\" class=\"yoast-schema-graph\">{\"@context\":\"https:\\\/\\\/schema.org\",\"@graph\":[{\"@type\":\"WebPage\",\"@id\":\"https:\\\/\\\/www.ohis.be\\\/de\\\/dienstleistungen\\\/regelmaessige-pruefung\\\/\",\"url\":\"https:\\\/\\\/www.ohis.be\\\/de\\\/dienstleistungen\\\/regelmaessige-pruefung\\\/\",\"name\":\"Regelm\u00e4\u00dfige Pr\u00fcfung - Ohis\",\"isPartOf\":{\"@id\":\"https:\\\/\\\/www.ohis.be\\\/de\\\/#website\"},\"datePublished\":\"2021-02-10T20:39:21+00:00\",\"dateModified\":\"2024-10-07T13:38:27+00:00\",\"breadcrumb\":{\"@id\":\"https:\\\/\\\/www.ohis.be\\\/de\\\/dienstleistungen\\\/regelmaessige-pruefung\\\/#breadcrumb\"},\"inLanguage\":\"de\",\"potentialAction\":[{\"@type\":\"ReadAction\",\"target\":[\"https:\\\/\\\/www.ohis.be\\\/de\\\/dienstleistungen\\\/regelmaessige-pruefung\\\/\"]}]},{\"@type\":\"BreadcrumbList\",\"@id\":\"https:\\\/\\\/www.ohis.be\\\/de\\\/dienstleistungen\\\/regelmaessige-pruefung\\\/#breadcrumb\",\"itemListElement\":[{\"@type\":\"ListItem\",\"position\":1,\"name\":\"Accueil\",\"item\":\"https:\\\/\\\/www.ohis.be\\\/de\\\/\"},{\"@type\":\"ListItem\",\"position\":2,\"name\":\"Dienstleistungen\",\"item\":\"https:\\\/\\\/www.ohis.be\\\/de\\\/dienstleistungen\\\/\"},{\"@type\":\"ListItem\",\"position\":3,\"name\":\"Regelm\u00e4\u00dfige Pr\u00fcfung\"}]},{\"@type\":\"WebSite\",\"@id\":\"https:\\\/\\\/www.ohis.be\\\/de\\\/#website\",\"url\":\"https:\\\/\\\/www.ohis.be\\\/de\\\/\",\"name\":\"Ohis\",\"description\":\"Outils de levage\",\"publisher\":{\"@id\":\"https:\\\/\\\/www.ohis.be\\\/de\\\/#organization\"},\"potentialAction\":[{\"@type\":\"SearchAction\",\"target\":{\"@type\":\"EntryPoint\",\"urlTemplate\":\"https:\\\/\\\/www.ohis.be\\\/de\\\/?s={search_term_string}\"},\"query-input\":{\"@type\":\"PropertyValueSpecification\",\"valueRequired\":true,\"valueName\":\"search_term_string\"}}],\"inLanguage\":\"de\"},{\"@type\":\"Organization\",\"@id\":\"https:\\\/\\\/www.ohis.be\\\/de\\\/#organization\",\"name\":\"Ohis\",\"url\":\"https:\\\/\\\/www.ohis.be\\\/de\\\/\",\"logo\":{\"@type\":\"ImageObject\",\"inLanguage\":\"de\",\"@id\":\"https:\\\/\\\/www.ohis.be\\\/de\\\/#\\\/schema\\\/logo\\\/image\\\/\",\"url\":\"https:\\\/\\\/www.ohis.be\\\/wp-content\\\/uploads\\\/2021\\\/02\\\/logo-ohis-wit.svg\",\"contentUrl\":\"https:\\\/\\\/www.ohis.be\\\/wp-content\\\/uploads\\\/2021\\\/02\\\/logo-ohis-wit.svg\",\"caption\":\"Ohis\"},\"image\":{\"@id\":\"https:\\\/\\\/www.ohis.be\\\/de\\\/#\\\/schema\\\/logo\\\/image\\\/\"}}]}<\/script>\n<!-- \/ Yoast SEO plugin. -->","yoast_head_json":{"title":"Regelm\u00e4\u00dfige Pr\u00fcfung - Ohis","robots":{"index":"index","follow":"follow","max-snippet":"max-snippet:-1","max-image-preview":"max-image-preview:large","max-video-preview":"max-video-preview:-1"},"canonical":"https:\/\/www.ohis.be\/de\/dienstleistungen\/regelmaessige-pruefung\/","og_locale":"de_DE","og_type":"article","og_title":"Regelm\u00e4\u00dfige Pr\u00fcfung - Ohis","og_description":"Regelm\u00e4\u00dfige Pr\u00fcfung Die (regelm\u00e4\u00dfige) \u00dcberpr\u00fcfung Ihrer Hebe- und F\u00f6rdersysteme gew\u00e4hrleistet die Sicherheit f\u00fcr Sie und Ihre Mitarbeiter. Deshalb ist es gesetzlich vorgeschrieben, dass Ihre Hebezeuge und F\u00f6rdermittel sowohl bei der Inbetriebnahme als auch bei den regelm\u00e4\u00dfigen Pr\u00fcfungen durch eine zugelassene Stelle gepr\u00fcft werden. Nach der Pr\u00fcfung erhalten Sie eine Pr\u00fcfbescheinigung. Die Arten der regelm\u00e4\u00dfigen Pr\u00fcfung [&hellip;]","og_url":"https:\/\/www.ohis.be\/de\/dienstleistungen\/regelmaessige-pruefung\/","og_site_name":"Ohis","article_modified_time":"2024-10-07T13:38:27+00:00","twitter_card":"summary_large_image","twitter_misc":{"Gesch\u00e4tzte Lesezeit":"2\u00a0Minuten"},"schema":{"@context":"https:\/\/schema.org","@graph":[{"@type":"WebPage","@id":"https:\/\/www.ohis.be\/de\/dienstleistungen\/regelmaessige-pruefung\/","url":"https:\/\/www.ohis.be\/de\/dienstleistungen\/regelmaessige-pruefung\/","name":"Regelm\u00e4\u00dfige Pr\u00fcfung - Ohis","isPartOf":{"@id":"https:\/\/www.ohis.be\/de\/#website"},"datePublished":"2021-02-10T20:39:21+00:00","dateModified":"2024-10-07T13:38:27+00:00","breadcrumb":{"@id":"https:\/\/www.ohis.be\/de\/dienstleistungen\/regelmaessige-pruefung\/#breadcrumb"},"inLanguage":"de","potentialAction":[{"@type":"ReadAction","target":["https:\/\/www.ohis.be\/de\/dienstleistungen\/regelmaessige-pruefung\/"]}]},{"@type":"BreadcrumbList","@id":"https:\/\/www.ohis.be\/de\/dienstleistungen\/regelmaessige-pruefung\/#breadcrumb","itemListElement":[{"@type":"ListItem","position":1,"name":"Accueil","item":"https:\/\/www.ohis.be\/de\/"},{"@type":"ListItem","position":2,"name":"Dienstleistungen","item":"https:\/\/www.ohis.be\/de\/dienstleistungen\/"},{"@type":"ListItem","position":3,"name":"Regelm\u00e4\u00dfige Pr\u00fcfung"}]},{"@type":"WebSite","@id":"https:\/\/www.ohis.be\/de\/#website","url":"https:\/\/www.ohis.be\/de\/","name":"Ohis","description":"Outils de levage","publisher":{"@id":"https:\/\/www.ohis.be\/de\/#organization"},"potentialAction":[{"@type":"SearchAction","target":{"@type":"EntryPoint","urlTemplate":"https:\/\/www.ohis.be\/de\/?s={search_term_string}"},"query-input":{"@type":"PropertyValueSpecification","valueRequired":true,"valueName":"search_term_string"}}],"inLanguage":"de"},{"@type":"Organization","@id":"https:\/\/www.ohis.be\/de\/#organization","name":"Ohis","url":"https:\/\/www.ohis.be\/de\/","logo":{"@type":"ImageObject","inLanguage":"de","@id":"https:\/\/www.ohis.be\/de\/#\/schema\/logo\/image\/","url":"https:\/\/www.ohis.be\/wp-content\/uploads\/2021\/02\/logo-ohis-wit.svg","contentUrl":"https:\/\/www.ohis.be\/wp-content\/uploads\/2021\/02\/logo-ohis-wit.svg","caption":"Ohis"},"image":{"@id":"https:\/\/www.ohis.be\/de\/#\/schema\/logo\/image\/"}}]}},"_links":{"self":[{"href":"https:\/\/www.ohis.be\/de\/wp-json\/wp\/v2\/pages\/4643","targetHints":{"allow":["GET"]}}],"collection":[{"href":"https:\/\/www.ohis.be\/de\/wp-json\/wp\/v2\/pages"}],"about":[{"href":"https:\/\/www.ohis.be\/de\/wp-json\/wp\/v2\/types\/page"}],"author":[{"embeddable":true,"href":"https:\/\/www.ohis.be\/de\/wp-json\/wp\/v2\/users\/5"}],"replies":[{"embeddable":true,"href":"https:\/\/www.ohis.be\/de\/wp-json\/wp\/v2\/comments?post=4643"}],"version-history":[{"count":0,"href":"https:\/\/www.ohis.be\/de\/wp-json\/wp\/v2\/pages\/4643\/revisions"}],"up":[{"embeddable":true,"href":"https:\/\/www.ohis.be\/de\/wp-json\/wp\/v2\/pages\/4617"}],"wp:attachment":[{"href":"https:\/\/www.ohis.be\/de\/wp-json\/wp\/v2\/media?parent=4643"}],"curies":[{"name":"wp","href":"https:\/\/api.w.org\/{rel}","templated":true}]}}