{"id":4636,"date":"2021-02-10T21:38:03","date_gmt":"2021-02-10T20:38:03","guid":{"rendered":"https:\/\/www.ohis.be\/services\/maintenance-preventive\/"},"modified":"2024-10-07T15:43:36","modified_gmt":"2024-10-07T13:43:36","slug":"vorbeugende-wartung","status":"publish","type":"page","link":"https:\/\/www.ohis.be\/de\/dienstleistungen\/vorbeugende-wartung\/","title":{"rendered":"Vorbeugende Wartung"},"content":{"rendered":"\t\t<div data-elementor-type=\"wp-page\" data-elementor-id=\"4636\" class=\"elementor elementor-4636 elementor-180\" data-elementor-post-type=\"page\">\n\t\t\t\t<div class=\"elementor-element elementor-element-25bae30 e-con-full e-flex e-con e-parent\" data-id=\"25bae30\" data-element_type=\"container\" data-e-type=\"container\" data-settings=\"{&quot;background_background&quot;:&quot;classic&quot;}\">\n\t\t\t\t<div class=\"elementor-element elementor-element-47da4d6 elementor-widget elementor-widget-spacer\" data-id=\"47da4d6\" data-element_type=\"widget\" data-e-type=\"widget\" data-widget_type=\"spacer.default\">\n\t\t\t\t<div class=\"elementor-widget-container\">\n\t\t\t\t\t\t\t<div class=\"elementor-spacer\">\n\t\t\t<div class=\"elementor-spacer-inner\"><\/div>\n\t\t<\/div>\n\t\t\t\t\t\t<\/div>\n\t\t\t\t<\/div>\n\t\t\t\t<div class=\"elementor-element elementor-element-3e3478b elementor-widget__width-auto elementor-widget elementor-widget-heading\" data-id=\"3e3478b\" data-element_type=\"widget\" data-e-type=\"widget\" data-widget_type=\"heading.default\">\n\t\t\t\t<div class=\"elementor-widget-container\">\n\t\t\t\t\t<h1 class=\"elementor-heading-title elementor-size-default\">Pr\u00e4ventive <br>Wartung<\/h1>\t\t\t\t<\/div>\n\t\t\t\t<\/div>\n\t\t\t\t<div class=\"elementor-element elementor-element-025138f elementor-widget elementor-widget-spacer\" data-id=\"025138f\" data-element_type=\"widget\" data-e-type=\"widget\" data-widget_type=\"spacer.default\">\n\t\t\t\t<div class=\"elementor-widget-container\">\n\t\t\t\t\t\t\t<div class=\"elementor-spacer\">\n\t\t\t<div class=\"elementor-spacer-inner\"><\/div>\n\t\t<\/div>\n\t\t\t\t\t\t<\/div>\n\t\t\t\t<\/div>\n\t\t\t\t<\/div>\n\t\t<div class=\"elementor-element elementor-element-7beb70b e-con-full e-flex e-con e-parent\" data-id=\"7beb70b\" data-element_type=\"container\" data-e-type=\"container\">\n\t\t<div class=\"elementor-element elementor-element-d27e571 e-con-full e-flex e-con e-child\" data-id=\"d27e571\" data-element_type=\"container\" data-e-type=\"container\">\n\t\t\t\t<div class=\"elementor-element elementor-element-2b187d0 elementor-widget elementor-widget-text-editor\" data-id=\"2b187d0\" data-element_type=\"widget\" data-e-type=\"widget\" data-widget_type=\"text-editor.default\">\n\t\t\t\t<div class=\"elementor-widget-container\">\n\t\t\t\t\t\t\t\t\t<p>Um die Sicherheit und den einwandfreien Betrieb Ihrer Hebe- und F\u00f6rdersysteme zu gew\u00e4hrleisten, ist es wichtig, dass Ihre Anlagen regelm\u00e4\u00dfig gewartet werden. So minimieren Sie auch unerwartete Ausfallzeiten.<\/p>\t\t\t\t\t\t\t\t<\/div>\n\t\t\t\t<\/div>\n\t\t\t\t<\/div>\n\t\t\t\t<\/div>\n\t\t<div class=\"elementor-element elementor-element-0628537 e-con-full e-flex e-con e-parent\" data-id=\"0628537\" data-element_type=\"container\" data-e-type=\"container\">\n\t\t<div class=\"elementor-element elementor-element-ea33faf e-con-full e-flex e-con e-child\" data-id=\"ea33faf\" data-element_type=\"container\" data-e-type=\"container\">\n\t\t\t\t<div class=\"elementor-element elementor-element-9eff1ce elementor-widget elementor-widget-heading\" data-id=\"9eff1ce\" data-element_type=\"widget\" data-e-type=\"widget\" data-widget_type=\"heading.default\">\n\t\t\t\t<div class=\"elementor-widget-container\">\n\t\t\t\t\t<h2 class=\"elementor-heading-title elementor-size-default\">Ein ma\u00dfgeschneiderter Wartungsvertrag<\/h2>\t\t\t\t<\/div>\n\t\t\t\t<\/div>\n\t\t\t\t<div class=\"elementor-element elementor-element-9b82cfd elementor-widget elementor-widget-text-editor\" data-id=\"9b82cfd\" data-element_type=\"widget\" data-e-type=\"widget\" data-widget_type=\"text-editor.default\">\n\t\t\t\t<div class=\"elementor-widget-container\">\n\t\t\t\t\t\t\t\t\t<p>Nach einer Bestandsaufnahme Ihrer Hebe- und F\u00f6rdersysteme und der Berechnung der sicheren Betriebszeit (Safe Working Period, S.W.P.) schlagen wir Ihnen einen ma\u00dfgeschneiderten pr\u00e4ventiven Wartungsvertrag vor, der speziell auf die Verbesserung der Sicherheit und Produktivit\u00e4t Ihrer Anlagen ausgerichtet ist.<\/p><p>Dabei ber\u00fccksichtigt unser Team aus spezialisierten Technikern verschiedene Parameter wie die Nutzungsintensit\u00e4t Ihrer Krane, die Betriebsumgebung oder die Empfehlungen des Herstellers.<\/p><p>Eine vorbeugende Wartung verringert das Unfallrisiko und stellt sicher, dass Sie regelm\u00e4\u00dfig \u00fcber den Zustand Ihrer Anlagen informiert werden, sodass Sie rechtzeitig die notwendigen Korrekturma\u00dfnahmen ergreifen k\u00f6nnen. Dies erh\u00f6ht nicht nur die Sicherheit, sondern spart auch Zeit, Produktivit\u00e4t und Geld. Dar\u00fcber hinaus erm\u00f6glicht Ihnen die vorbeugende Wartung die Einhaltung gesetzlicher Vorschriften und die Verl\u00e4ngerung der Garantiezeit f\u00fcr Ihre Hebe- und F\u00f6rderanlagen.<\/p><p>Neben der vorbeugenden Wartung kann Ohis Industrie auch Sicherheitsleisten (Bluespots) an bestehenden\/neuen Einschienenbahnen, Br\u00fcckenkranen und Schwenkkranen montieren.<\/p>\t\t\t\t\t\t\t\t<\/div>\n\t\t\t\t<\/div>\n\t\t\t\t<\/div>\n\t\t<div class=\"elementor-element elementor-element-2a85305 e-con-full e-flex e-con e-child\" data-id=\"2a85305\" data-element_type=\"container\" data-e-type=\"container\" data-settings=\"{&quot;background_background&quot;:&quot;classic&quot;}\">\n\t\t\t\t<\/div>\n\t\t\t\t<\/div>\n\t\t<div class=\"elementor-element elementor-element-9e60257 e-con-full e-flex e-con e-parent\" data-id=\"9e60257\" data-element_type=\"container\" data-e-type=\"container\">\n\t\t<div class=\"elementor-element elementor-element-aae2987 e-con-full e-flex e-con e-child\" data-id=\"aae2987\" data-element_type=\"container\" data-e-type=\"container\" data-settings=\"{&quot;background_background&quot;:&quot;classic&quot;}\">\n\t\t\t\t<\/div>\n\t\t<div class=\"elementor-element elementor-element-5fc65cd e-con-full e-flex e-con e-child\" data-id=\"5fc65cd\" data-element_type=\"container\" data-e-type=\"container\">\n\t\t\t\t<div class=\"elementor-element elementor-element-056f83e elementor-widget elementor-widget-heading\" data-id=\"056f83e\" data-element_type=\"widget\" data-e-type=\"widget\" data-widget_type=\"heading.default\">\n\t\t\t\t<div class=\"elementor-widget-container\">\n\t\t\t\t\t<h2 class=\"elementor-heading-title elementor-size-default\">Gesetzliche Anforderungen<\/h2>\t\t\t\t<\/div>\n\t\t\t\t<\/div>\n\t\t\t\t<div class=\"elementor-element elementor-element-1c649c8 elementor-widget elementor-widget-text-editor\" data-id=\"1c649c8\" data-element_type=\"widget\" data-e-type=\"widget\" data-widget_type=\"text-editor.default\">\n\t\t\t\t<div class=\"elementor-widget-container\">\n\t\t\t\t\t\t\t\t\t<p>Die belgische Arbeitsinspektion schreibt in ihrem Standard-Sicherheitsvorschriften vor, dass Inspektion und Wartung nach den Anweisungen des Herstellers der Hebe- und F\u00f6rdersysteme erfolgen m\u00fcssen, und zwar in Form eines Wartungsvertrags mit einem qualifizierten Unternehmen wie Ohis Industrie.<\/p><p>Der Hersteller muss daher einen Wartungsplan in die Betriebsanleitung der Anlage(n) aufnehmen, aus dem hervorgeht, wie oft eine Inspektion oder Wartung durchzuf\u00fchren ist und welche Punkte dabei zu \u00fcberpr\u00fcfen sind. In der Regel umfasst dies mindestens eine Wartung pro Jahr, kann aber je nach Nutzungsintensit\u00e4t und Betriebsumgebung der betreffenden Systeme auch h\u00e4ufiger erforderlich sein.<\/p><p>Jede vorbeugende Wartung oder jeder Eingriff ist in einem Bericht festzuhalten, der in das Sicherheitsregister der Anlage(n) aufzunehmen ist.<\/p><p>Zus\u00e4tzlich zur pr\u00e4ventiven Wartung ist eine j\u00e4hrliche Bewertung der tats\u00e4chlichen Systemnutzung durchzuf\u00fchren und die theoretische Restlebensdauer zu ermitteln (S.W.P.-Berechnung). Die Systeme m\u00fcssen au\u00dferdem einer regelm\u00e4\u00dfigen Pr\u00fcfung unterzogen werden. Bei Hebezeugen erfolgt dies viertelj\u00e4hrlich durch eine zugelassene Stelle, bei F\u00f6rderanlagen j\u00e4hrlich durch eine bef\u00e4higte Person.<\/p>\t\t\t\t\t\t\t\t<\/div>\n\t\t\t\t<\/div>\n\t\t\t\t<\/div>\n\t\t\t\t<\/div>\n\t\t<div class=\"elementor-element elementor-element-cd87112 e-con-full e-flex e-con e-parent\" data-id=\"cd87112\" data-element_type=\"container\" data-e-type=\"container\">\n\t\t\t\t<div class=\"elementor-element elementor-element-5f0f29a elementor-widget elementor-widget-heading\" data-id=\"5f0f29a\" data-element_type=\"widget\" data-e-type=\"widget\" data-widget_type=\"heading.default\">\n\t\t\t\t<div class=\"elementor-widget-container\">\n\t\t\t\t\t<h2 class=\"elementor-heading-title elementor-size-default\">Entdecken Sie unsere anderen Dienstleistungen<\/h2>\t\t\t\t<\/div>\n\t\t\t\t<\/div>\n\t\t<div class=\"elementor-element elementor-element-b836fc5 e-flex e-con-boxed e-con e-child\" data-id=\"b836fc5\" data-element_type=\"container\" data-e-type=\"container\">\n\t\t\t\t\t<div class=\"e-con-inner\">\n\t\t\t\t<div class=\"elementor-element elementor-element-f775b22 elementor-align-center elementor-widget elementor-widget-button\" data-id=\"f775b22\" data-element_type=\"widget\" data-e-type=\"widget\" data-widget_type=\"button.default\">\n\t\t\t\t<div class=\"elementor-widget-container\">\n\t\t\t\t\t\t\t\t\t<div class=\"elementor-button-wrapper\">\n\t\t\t\t\t<a class=\"elementor-button elementor-button-link elementor-size-sm\" href=\"https:\/\/ohis.be\/de\/dienstleistungen\/periodieke-keuring\/\">\n\t\t\t\t\t\t<span class=\"elementor-button-content-wrapper\">\n\t\t\t\t\t\t\t\t\t<span class=\"elementor-button-text\">Regelm\u00e4\u00dfige Pr\u00fcfung<\/span>\n\t\t\t\t\t<\/span>\n\t\t\t\t\t<\/a>\n\t\t\t\t<\/div>\n\t\t\t\t\t\t\t\t<\/div>\n\t\t\t\t<\/div>\n\t\t\t\t<div class=\"elementor-element elementor-element-5bc2bc2 elementor-align-center elementor-widget elementor-widget-button\" data-id=\"5bc2bc2\" data-element_type=\"widget\" data-e-type=\"widget\" data-widget_type=\"button.default\">\n\t\t\t\t<div class=\"elementor-widget-container\">\n\t\t\t\t\t\t\t\t\t<div class=\"elementor-button-wrapper\">\n\t\t\t\t\t<a class=\"elementor-button elementor-button-link elementor-size-sm\" href=\"https:\/\/ohis.be\/de\/dienstleistungen\/bepaling-van-de-levensduur-a-d-h-v-de-s-w-p-berekening\/\">\n\t\t\t\t\t\t<span class=\"elementor-button-content-wrapper\">\n\t\t\t\t\t\t\t\t\t<span class=\"elementor-button-text\">Lebensdauer \u00fcber S.W.P.-Berechnung<\/span>\n\t\t\t\t\t<\/span>\n\t\t\t\t\t<\/a>\n\t\t\t\t<\/div>\n\t\t\t\t\t\t\t\t<\/div>\n\t\t\t\t<\/div>\n\t\t\t\t<div class=\"elementor-element elementor-element-07111f5 elementor-align-center elementor-widget elementor-widget-button\" data-id=\"07111f5\" data-element_type=\"widget\" data-e-type=\"widget\" data-widget_type=\"button.default\">\n\t\t\t\t<div class=\"elementor-widget-container\">\n\t\t\t\t\t\t\t\t\t<div class=\"elementor-button-wrapper\">\n\t\t\t\t\t<a class=\"elementor-button elementor-button-link elementor-size-sm\" href=\"https:\/\/ohis.be\/de\/dienstleistungen\/modernisering-en-retrofit\/\">\n\t\t\t\t\t\t<span class=\"elementor-button-content-wrapper\">\n\t\t\t\t\t\t\t\t\t<span class=\"elementor-button-text\">Modernisierung und Retrofit<\/span>\n\t\t\t\t\t<\/span>\n\t\t\t\t\t<\/a>\n\t\t\t\t<\/div>\n\t\t\t\t\t\t\t\t<\/div>\n\t\t\t\t<\/div>\n\t\t\t\t\t<\/div>\n\t\t\t\t<\/div>\n\t\t\t\t<\/div>\n\t\t<div class=\"elementor-element elementor-element-51e34fa e-con-full e-flex e-con e-parent\" data-id=\"51e34fa\" data-element_type=\"container\" data-e-type=\"container\" data-settings=\"{&quot;background_background&quot;:&quot;classic&quot;}\">\n\t\t\t\t<div class=\"elementor-element elementor-element-ab4b82f elementor-widget elementor-widget-heading\" data-id=\"ab4b82f\" data-element_type=\"widget\" data-e-type=\"widget\" data-widget_type=\"heading.default\">\n\t\t\t\t<div class=\"elementor-widget-container\">\n\t\t\t\t\t<h2 class=\"elementor-heading-title elementor-size-default\">Kontakt<\/h2>\t\t\t\t<\/div>\n\t\t\t\t<\/div>\n\t\t\t\t<div class=\"elementor-element elementor-element-74033f1 elementor-widget elementor-widget-text-editor\" data-id=\"74033f1\" data-element_type=\"widget\" data-e-type=\"widget\" data-widget_type=\"text-editor.default\">\n\t\t\t\t<div class=\"elementor-widget-container\">\n\t\t\t\t\t\t\t\t\t<p>Fragen? Oder w\u00fcnschen Sie weitere Informationen?<\/p>\t\t\t\t\t\t\t\t<\/div>\n\t\t\t\t<\/div>\n\t\t\t\t<div class=\"elementor-element elementor-element-b414b2d elementor-align-center elementor-widget elementor-widget-button\" data-id=\"b414b2d\" data-element_type=\"widget\" data-e-type=\"widget\" data-widget_type=\"button.default\">\n\t\t\t\t<div class=\"elementor-widget-container\">\n\t\t\t\t\t\t\t\t\t<div class=\"elementor-button-wrapper\">\n\t\t\t\t\t<a class=\"elementor-button elementor-button-link elementor-size-sm\" href=\"https:\/\/ohis.be\/de\/kontakt\/\">\n\t\t\t\t\t\t<span class=\"elementor-button-content-wrapper\">\n\t\t\t\t\t\t\t\t\t<span class=\"elementor-button-text\">Nehmen Sie Kontakt mit uns auf<\/span>\n\t\t\t\t\t<\/span>\n\t\t\t\t\t<\/a>\n\t\t\t\t<\/div>\n\t\t\t\t\t\t\t\t<\/div>\n\t\t\t\t<\/div>\n\t\t\t\t<\/div>\n\t\t\t\t<\/div>\n\t\t","protected":false},"excerpt":{"rendered":"<p>Pr\u00e4ventive Wartung Um die Sicherheit und den einwandfreien Betrieb Ihrer Hebe- und F\u00f6rdersysteme zu gew\u00e4hrleisten, ist es wichtig, dass Ihre Anlagen regelm\u00e4\u00dfig gewartet werden. So minimieren Sie auch unerwartete Ausfallzeiten. Ein ma\u00dfgeschneiderter Wartungsvertrag Nach einer Bestandsaufnahme Ihrer Hebe- und F\u00f6rdersysteme und der Berechnung der sicheren Betriebszeit (Safe Working Period, S.W.P.) schlagen wir Ihnen einen ma\u00dfgeschneiderten [&hellip;]<\/p>\n","protected":false},"author":5,"featured_media":347,"parent":4617,"menu_order":78,"comment_status":"closed","ping_status":"closed","template":"","meta":{"_acf_changed":false,"inline_featured_image":false,"footnotes":""},"class_list":["post-4636","page","type-page","status-publish","has-post-thumbnail","hentry"],"acf":[],"yoast_head":"<!-- This site is optimized with the Yoast SEO plugin v27.4 - https:\/\/yoast.com\/product\/yoast-seo-wordpress\/ -->\n<title>Vorbeugende Wartung - Ohis<\/title>\n<meta name=\"robots\" content=\"index, follow, max-snippet:-1, max-image-preview:large, max-video-preview:-1\" \/>\n<link rel=\"canonical\" href=\"https:\/\/www.ohis.be\/de\/dienstleistungen\/vorbeugende-wartung\/\" \/>\n<meta property=\"og:locale\" content=\"de_DE\" \/>\n<meta property=\"og:type\" content=\"article\" \/>\n<meta property=\"og:title\" content=\"Vorbeugende Wartung - Ohis\" \/>\n<meta property=\"og:description\" content=\"Pr\u00e4ventive Wartung Um die Sicherheit und den einwandfreien Betrieb Ihrer Hebe- und F\u00f6rdersysteme zu gew\u00e4hrleisten, ist es wichtig, dass Ihre Anlagen regelm\u00e4\u00dfig gewartet werden. So minimieren Sie auch unerwartete Ausfallzeiten. Ein ma\u00dfgeschneiderter Wartungsvertrag Nach einer Bestandsaufnahme Ihrer Hebe- und F\u00f6rdersysteme und der Berechnung der sicheren Betriebszeit (Safe Working Period, S.W.P.) schlagen wir Ihnen einen ma\u00dfgeschneiderten [&hellip;]\" \/>\n<meta property=\"og:url\" content=\"https:\/\/www.ohis.be\/de\/dienstleistungen\/vorbeugende-wartung\/\" \/>\n<meta property=\"og:site_name\" content=\"Ohis\" \/>\n<meta property=\"article:modified_time\" content=\"2024-10-07T13:43:36+00:00\" \/>\n<meta property=\"og:image\" content=\"https:\/\/www.ohis.be\/wp-content\/uploads\/2021\/02\/OHIS-image-fond.png\" \/>\n\t<meta property=\"og:image:width\" content=\"1440\" \/>\n\t<meta property=\"og:image:height\" content=\"320\" \/>\n\t<meta property=\"og:image:type\" content=\"image\/png\" \/>\n<meta name=\"twitter:card\" content=\"summary_large_image\" \/>\n<meta name=\"twitter:label1\" content=\"Gesch\u00e4tzte Lesezeit\" \/>\n\t<meta name=\"twitter:data1\" content=\"2\u00a0Minuten\" \/>\n<script type=\"application\/ld+json\" class=\"yoast-schema-graph\">{\"@context\":\"https:\\\/\\\/schema.org\",\"@graph\":[{\"@type\":\"WebPage\",\"@id\":\"https:\\\/\\\/www.ohis.be\\\/de\\\/dienstleistungen\\\/vorbeugende-wartung\\\/\",\"url\":\"https:\\\/\\\/www.ohis.be\\\/de\\\/dienstleistungen\\\/vorbeugende-wartung\\\/\",\"name\":\"Vorbeugende Wartung - Ohis\",\"isPartOf\":{\"@id\":\"https:\\\/\\\/www.ohis.be\\\/#website\"},\"primaryImageOfPage\":{\"@id\":\"https:\\\/\\\/www.ohis.be\\\/de\\\/dienstleistungen\\\/vorbeugende-wartung\\\/#primaryimage\"},\"image\":{\"@id\":\"https:\\\/\\\/www.ohis.be\\\/de\\\/dienstleistungen\\\/vorbeugende-wartung\\\/#primaryimage\"},\"thumbnailUrl\":\"https:\\\/\\\/www.ohis.be\\\/wp-content\\\/uploads\\\/2021\\\/02\\\/OHIS-image-fond.png\",\"datePublished\":\"2021-02-10T20:38:03+00:00\",\"dateModified\":\"2024-10-07T13:43:36+00:00\",\"breadcrumb\":{\"@id\":\"https:\\\/\\\/www.ohis.be\\\/de\\\/dienstleistungen\\\/vorbeugende-wartung\\\/#breadcrumb\"},\"inLanguage\":\"de\",\"potentialAction\":[{\"@type\":\"ReadAction\",\"target\":[\"https:\\\/\\\/www.ohis.be\\\/de\\\/dienstleistungen\\\/vorbeugende-wartung\\\/\"]}]},{\"@type\":\"ImageObject\",\"inLanguage\":\"de\",\"@id\":\"https:\\\/\\\/www.ohis.be\\\/de\\\/dienstleistungen\\\/vorbeugende-wartung\\\/#primaryimage\",\"url\":\"https:\\\/\\\/www.ohis.be\\\/wp-content\\\/uploads\\\/2021\\\/02\\\/OHIS-image-fond.png\",\"contentUrl\":\"https:\\\/\\\/www.ohis.be\\\/wp-content\\\/uploads\\\/2021\\\/02\\\/OHIS-image-fond.png\",\"width\":1440,\"height\":320},{\"@type\":\"BreadcrumbList\",\"@id\":\"https:\\\/\\\/www.ohis.be\\\/de\\\/dienstleistungen\\\/vorbeugende-wartung\\\/#breadcrumb\",\"itemListElement\":[{\"@type\":\"ListItem\",\"position\":1,\"name\":\"Accueil\",\"item\":\"https:\\\/\\\/www.ohis.be\\\/de\\\/\"},{\"@type\":\"ListItem\",\"position\":2,\"name\":\"Dienstleistungen\",\"item\":\"https:\\\/\\\/www.ohis.be\\\/de\\\/dienstleistungen\\\/\"},{\"@type\":\"ListItem\",\"position\":3,\"name\":\"Vorbeugende Wartung\"}]},{\"@type\":\"WebSite\",\"@id\":\"https:\\\/\\\/www.ohis.be\\\/#website\",\"url\":\"https:\\\/\\\/www.ohis.be\\\/\",\"name\":\"Ohis\",\"description\":\"Outils de levage\",\"publisher\":{\"@id\":\"https:\\\/\\\/www.ohis.be\\\/#organization\"},\"potentialAction\":[{\"@type\":\"SearchAction\",\"target\":{\"@type\":\"EntryPoint\",\"urlTemplate\":\"https:\\\/\\\/www.ohis.be\\\/?s={search_term_string}\"},\"query-input\":{\"@type\":\"PropertyValueSpecification\",\"valueRequired\":true,\"valueName\":\"search_term_string\"}}],\"inLanguage\":\"de\"},{\"@type\":\"Organization\",\"@id\":\"https:\\\/\\\/www.ohis.be\\\/#organization\",\"name\":\"Ohis\",\"url\":\"https:\\\/\\\/www.ohis.be\\\/\",\"logo\":{\"@type\":\"ImageObject\",\"inLanguage\":\"de\",\"@id\":\"https:\\\/\\\/www.ohis.be\\\/#\\\/schema\\\/logo\\\/image\\\/\",\"url\":\"https:\\\/\\\/www.ohis.be\\\/wp-content\\\/uploads\\\/2021\\\/02\\\/logo-ohis-wit.svg\",\"contentUrl\":\"https:\\\/\\\/www.ohis.be\\\/wp-content\\\/uploads\\\/2021\\\/02\\\/logo-ohis-wit.svg\",\"caption\":\"Ohis\"},\"image\":{\"@id\":\"https:\\\/\\\/www.ohis.be\\\/#\\\/schema\\\/logo\\\/image\\\/\"}}]}<\/script>\n<!-- \/ Yoast SEO plugin. -->","yoast_head_json":{"title":"Vorbeugende Wartung - Ohis","robots":{"index":"index","follow":"follow","max-snippet":"max-snippet:-1","max-image-preview":"max-image-preview:large","max-video-preview":"max-video-preview:-1"},"canonical":"https:\/\/www.ohis.be\/de\/dienstleistungen\/vorbeugende-wartung\/","og_locale":"de_DE","og_type":"article","og_title":"Vorbeugende Wartung - Ohis","og_description":"Pr\u00e4ventive Wartung Um die Sicherheit und den einwandfreien Betrieb Ihrer Hebe- und F\u00f6rdersysteme zu gew\u00e4hrleisten, ist es wichtig, dass Ihre Anlagen regelm\u00e4\u00dfig gewartet werden. So minimieren Sie auch unerwartete Ausfallzeiten. Ein ma\u00dfgeschneiderter Wartungsvertrag Nach einer Bestandsaufnahme Ihrer Hebe- und F\u00f6rdersysteme und der Berechnung der sicheren Betriebszeit (Safe Working Period, S.W.P.) schlagen wir Ihnen einen ma\u00dfgeschneiderten [&hellip;]","og_url":"https:\/\/www.ohis.be\/de\/dienstleistungen\/vorbeugende-wartung\/","og_site_name":"Ohis","article_modified_time":"2024-10-07T13:43:36+00:00","og_image":[{"width":1440,"height":320,"url":"https:\/\/www.ohis.be\/wp-content\/uploads\/2021\/02\/OHIS-image-fond.png","type":"image\/png"}],"twitter_card":"summary_large_image","twitter_misc":{"Gesch\u00e4tzte Lesezeit":"2\u00a0Minuten"},"schema":{"@context":"https:\/\/schema.org","@graph":[{"@type":"WebPage","@id":"https:\/\/www.ohis.be\/de\/dienstleistungen\/vorbeugende-wartung\/","url":"https:\/\/www.ohis.be\/de\/dienstleistungen\/vorbeugende-wartung\/","name":"Vorbeugende Wartung - Ohis","isPartOf":{"@id":"https:\/\/www.ohis.be\/#website"},"primaryImageOfPage":{"@id":"https:\/\/www.ohis.be\/de\/dienstleistungen\/vorbeugende-wartung\/#primaryimage"},"image":{"@id":"https:\/\/www.ohis.be\/de\/dienstleistungen\/vorbeugende-wartung\/#primaryimage"},"thumbnailUrl":"https:\/\/www.ohis.be\/wp-content\/uploads\/2021\/02\/OHIS-image-fond.png","datePublished":"2021-02-10T20:38:03+00:00","dateModified":"2024-10-07T13:43:36+00:00","breadcrumb":{"@id":"https:\/\/www.ohis.be\/de\/dienstleistungen\/vorbeugende-wartung\/#breadcrumb"},"inLanguage":"de","potentialAction":[{"@type":"ReadAction","target":["https:\/\/www.ohis.be\/de\/dienstleistungen\/vorbeugende-wartung\/"]}]},{"@type":"ImageObject","inLanguage":"de","@id":"https:\/\/www.ohis.be\/de\/dienstleistungen\/vorbeugende-wartung\/#primaryimage","url":"https:\/\/www.ohis.be\/wp-content\/uploads\/2021\/02\/OHIS-image-fond.png","contentUrl":"https:\/\/www.ohis.be\/wp-content\/uploads\/2021\/02\/OHIS-image-fond.png","width":1440,"height":320},{"@type":"BreadcrumbList","@id":"https:\/\/www.ohis.be\/de\/dienstleistungen\/vorbeugende-wartung\/#breadcrumb","itemListElement":[{"@type":"ListItem","position":1,"name":"Accueil","item":"https:\/\/www.ohis.be\/de\/"},{"@type":"ListItem","position":2,"name":"Dienstleistungen","item":"https:\/\/www.ohis.be\/de\/dienstleistungen\/"},{"@type":"ListItem","position":3,"name":"Vorbeugende Wartung"}]},{"@type":"WebSite","@id":"https:\/\/www.ohis.be\/#website","url":"https:\/\/www.ohis.be\/","name":"Ohis","description":"Outils de levage","publisher":{"@id":"https:\/\/www.ohis.be\/#organization"},"potentialAction":[{"@type":"SearchAction","target":{"@type":"EntryPoint","urlTemplate":"https:\/\/www.ohis.be\/?s={search_term_string}"},"query-input":{"@type":"PropertyValueSpecification","valueRequired":true,"valueName":"search_term_string"}}],"inLanguage":"de"},{"@type":"Organization","@id":"https:\/\/www.ohis.be\/#organization","name":"Ohis","url":"https:\/\/www.ohis.be\/","logo":{"@type":"ImageObject","inLanguage":"de","@id":"https:\/\/www.ohis.be\/#\/schema\/logo\/image\/","url":"https:\/\/www.ohis.be\/wp-content\/uploads\/2021\/02\/logo-ohis-wit.svg","contentUrl":"https:\/\/www.ohis.be\/wp-content\/uploads\/2021\/02\/logo-ohis-wit.svg","caption":"Ohis"},"image":{"@id":"https:\/\/www.ohis.be\/#\/schema\/logo\/image\/"}}]}},"_links":{"self":[{"href":"https:\/\/www.ohis.be\/de\/wp-json\/wp\/v2\/pages\/4636","targetHints":{"allow":["GET"]}}],"collection":[{"href":"https:\/\/www.ohis.be\/de\/wp-json\/wp\/v2\/pages"}],"about":[{"href":"https:\/\/www.ohis.be\/de\/wp-json\/wp\/v2\/types\/page"}],"author":[{"embeddable":true,"href":"https:\/\/www.ohis.be\/de\/wp-json\/wp\/v2\/users\/5"}],"replies":[{"embeddable":true,"href":"https:\/\/www.ohis.be\/de\/wp-json\/wp\/v2\/comments?post=4636"}],"version-history":[{"count":0,"href":"https:\/\/www.ohis.be\/de\/wp-json\/wp\/v2\/pages\/4636\/revisions"}],"up":[{"embeddable":true,"href":"https:\/\/www.ohis.be\/de\/wp-json\/wp\/v2\/pages\/4617"}],"wp:featuredmedia":[{"embeddable":true,"href":"https:\/\/www.ohis.be\/de\/wp-json\/wp\/v2\/media\/347"}],"wp:attachment":[{"href":"https:\/\/www.ohis.be\/de\/wp-json\/wp\/v2\/media?parent=4636"}],"curies":[{"name":"wp","href":"https:\/\/api.w.org\/{rel}","templated":true}]}}