{"id":28917,"date":"2023-03-13T13:43:41","date_gmt":"2023-03-13T12:43:41","guid":{"rendered":"https:\/\/www.ohis.be\/?page_id=28917"},"modified":"2023-03-16T10:38:51","modified_gmt":"2023-03-16T09:38:51","slug":"datenschutzpolitik","status":"publish","type":"page","link":"https:\/\/www.ohis.be\/de\/datenschutzpolitik\/","title":{"rendered":"Datenschutzpolitik"},"content":{"rendered":"\t\t<div data-elementor-type=\"wp-page\" data-elementor-id=\"28917\" class=\"elementor elementor-28917 elementor-3\" data-elementor-post-type=\"page\">\n\t\t\t\t\t\t<section class=\"elementor-section elementor-top-section elementor-element elementor-element-f7a93fe elementor-section-boxed elementor-section-height-default elementor-section-height-default\" data-id=\"f7a93fe\" data-element_type=\"section\" data-e-type=\"section\">\n\t\t\t\t\t\t<div class=\"elementor-container elementor-column-gap-default\">\n\t\t\t\t\t<div class=\"elementor-column elementor-col-100 elementor-top-column elementor-element elementor-element-e508e6d\" data-id=\"e508e6d\" data-element_type=\"column\" data-e-type=\"column\">\n\t\t\t<div class=\"elementor-widget-wrap elementor-element-populated\">\n\t\t\t\t\t\t<div class=\"elementor-element elementor-element-6c66983 elementor-widget elementor-widget-text-editor\" data-id=\"6c66983\" data-element_type=\"widget\" data-e-type=\"widget\" data-widget_type=\"text-editor.default\">\n\t\t\t\t<div class=\"elementor-widget-container\">\n\t\t\t\t\t\t\t\t\t<p><strong>DE &#8211; Datenschutzrichtlinie f\u00fcr OHIS.BE<\/strong><\/p><p>Wir bei OHIS.BE nehmen den Schutz Ihrer Daten sehr ernst. Diese Datenschutzrichtlinie beschreibt, wie wir Ihre pers\u00f6nlichen Daten auf unserer Website erfassen, verwenden und sch\u00fctzen. Durch die Nutzung unserer Website erkl\u00e4ren Sie sich mit den in dieser Datenschutzrichtlinie beschriebenen Praktiken einverstanden.<\/p><p><strong>Informationen, die wir sammeln<br \/><\/strong>Wir sammeln pers\u00f6nliche Daten, die Sie uns bei der Nutzung unserer Website zur Verf\u00fcgung stellen. Dazu k\u00f6nnen Ihr Name, Ihre E-Mail-Adresse und andere Kontaktinformationen geh\u00f6ren. Wir k\u00f6nnen auch Informationen \u00fcber Ihr Ger\u00e4t und Ihr Surfverhalten auf unserer Website erfassen.<\/p><p><strong>Cookies<br \/><\/strong>OHIS.BE verwendet Cookies, um Ihre Erfahrung auf unserer Website zu verbessern. Cookies sind kleine Textdateien, die auf Ihrem Ger\u00e4t gespeichert werden, wenn Sie unsere Website besuchen. Es gibt verschiedene Arten von Cookies, darunter funktionale Cookies, Leistungs-Cookies und Marketing-Cookies.<\/p><p>Funktionale Cookies sind f\u00fcr das ordnungsgem\u00e4\u00dfe Funktionieren der Website erforderlich und k\u00f6nnen nicht ausgeschaltet werden. Diese Cookies erfassen keine personenbezogenen Daten und sind f\u00fcr das ordnungsgem\u00e4\u00dfe Funktionieren der Website unerl\u00e4sslich.<\/p><p>Leistungs-Cookies sammeln Informationen dar\u00fcber, wie Besucher unsere Website nutzen, z. B. welche Seiten am h\u00e4ufigsten besucht werden, wie lange Besucher auf jeder Seite bleiben und auf welche Links sie klicken. Wir verwenden diese Informationen, um unsere Website zu verbessern und den Nutzern ein besseres Erlebnis zu bieten. Diese Cookies sind optional, und Sie k\u00f6nnen sie auf Wunsch abw\u00e4hlen.<\/p><p>Marketing-Cookies werden verwendet, um personalisierte Werbung auf der Grundlage Ihres Surfverhaltens zu liefern. Diese Cookies verfolgen Ihre Online-Aktivit\u00e4ten und k\u00f6nnen diese Informationen an dritte Werbetreibende weitergeben. Wir verwenden Marketing-Cookies nur, wenn Sie uns Ihre Zustimmung geben. Sie k\u00f6nnen die Verwendung von Marketing-Cookies jederzeit ablehnen.<\/p><p>Durch die Nutzung unserer Website stimmen Sie der Verwendung von Cookies in \u00dcbereinstimmung mit dieser Datenschutzrichtlinie zu. Wenn Sie nicht m\u00f6chten, dass Cookies auf Ihrem Ger\u00e4t gespeichert werden, k\u00f6nnen Sie diese in Ihren Browsereinstellungen deaktivieren. Bitte beachten Sie jedoch, dass die Deaktivierung von Cookies die Funktionalit\u00e4t unserer Website beeintr\u00e4chtigen kann.<\/p><p>Bitte beachten Sie, dass f\u00fcr die verschiedenen Arten von Cookies unterschiedliche Anforderungen an die Einhaltung der Datenschutzgrundverordnung gelten. Funktionale Cookies sind von der Zustimmungspflicht ausgenommen, w\u00e4hrend Leistungs- und Marketing-Cookies Ihre ausdr\u00fcckliche Zustimmung erfordern, bevor sie verwendet werden k\u00f6nnen. Wir werden Ihre Zustimmung einholen, bevor wir Leistungs- und Marketing-Cookies auf unserer Website verwenden.<\/p><p><strong>Wie wir Ihre Informationen verwenden<br \/><\/strong>Wir verwenden Ihre pers\u00f6nlichen Daten, um Ihnen die bestm\u00f6gliche Erfahrung auf unserer Website zu bieten. Dazu geh\u00f6ren die Bearbeitung Ihrer Bestellungen, die Beantwortung Ihrer Anfragen und die Personalisierung Ihrer Erfahrungen. Wir k\u00f6nnen Ihre Daten auch f\u00fcr Marketingzwecke verwenden, z. B. f\u00fcr die Zusendung von Newslettern oder Werbe-E-Mails.<\/p><p><strong>Wie wir Ihre Informationen sch\u00fctzen<br \/><\/strong>Wir nehmen die Sicherheit Ihrer pers\u00f6nlichen Daten sehr ernst und verwenden branchen\u00fcbliche Sicherheitsma\u00dfnahmen, um sie zu sch\u00fctzen. Wir verkaufen oder vermieten Ihre pers\u00f6nlichen Daten nicht an Dritte. Wir geben Ihre Daten nur an Drittanbieter weiter, die uns bei der Bereitstellung unserer Dienste unterst\u00fctzen, und diese sind verpflichtet, die Vertraulichkeit Ihrer Daten zu wahren.<\/p><p><strong>Google Analytics\/Anzeigen<br \/><\/strong>OHIS.BE verwendet Google Analytics\/Ads, um die Nutzung unserer Website zu analysieren. Google Analytics sammelt Informationen \u00fcber die Nutzung der Website mit Hilfe von Cookies. Die von Google Analytics gesammelten Informationen werden verwendet, um Berichte \u00fcber die Nutzung unserer Website zu erstellen. Die Datenschutzbestimmungen von Google finden Sie unter https:\/\/policies.google.com\/privacy.<\/p><p>Durch die Nutzung unserer Website erkl\u00e4ren Sie sich mit der Bearbeitung der \u00fcber Sie erhobenen Daten durch Google in der in den Datenschutzbestimmungen von Google beschriebenen Art und Weise einverstanden. Wenn Sie nicht m\u00f6chten, dass Google Daten \u00fcber Sie sammelt, k\u00f6nnen Sie Google Analytics deaktivieren, indem Sie das Browser-Add-on zur Deaktivierung von Google Analytics installieren, das unter https:\/\/tools.google.com\/dlpage\/gaoptout\/ verf\u00fcgbar ist.<\/p><p>Bitte beachten Sie, dass Google, wenn Sie der Verwendung von Google Analytics zustimmen, Ihre Daten in \u00dcbereinstimmung mit seinen eigenen Datenschutzbestimmungen verwenden kann.<\/p><p><strong>Ihre Rechte<br \/><\/strong>Sie haben das Recht, auf Ihre personenbezogenen Daten zuzugreifen und diese zu korrigieren sowie die L\u00f6schung Ihrer personenbezogenen Daten zu verlangen. Sie k\u00f6nnen auch der Verarbeitung Ihrer personenbezogenen Daten widersprechen oder verlangen, dass wir die Verarbeitung Ihrer personenbezogenen Daten einschr\u00e4nken. Wenn Sie eines dieser Rechte aus\u00fcben m\u00f6chten, wenden Sie sich bitte \u00fcber die unten angegebenen Kontaktdaten an uns.<\/p><p><strong>\u00c4nderungen an dieser Datenschutzrichtlinie<br \/><\/strong>Wir k\u00f6nnen diese Datenschutzrichtlinie von Zeit zu Zeit aktualisieren. Alle \u00c4nderungen werden auf unserer Website ver\u00f6ffentlicht, und wir empfehlen Ihnen, diese Datenschutzrichtlinie regelm\u00e4\u00dfig zu lesen.<\/p><p><strong>Kontaktieren Sie uns<br \/><\/strong>Wenn Sie Fragen oder Bedenken bez\u00fcglich dieser Datenschutzrichtlinie oder der Verwendung Ihrer pers\u00f6nlichen Daten haben, kontaktieren Sie uns bitte unter marketing@ohis.be.<\/p><p>\u00a0<\/p><p>Vielen Dank, dass Sie sich f\u00fcr OHIS.BE entschieden haben.<\/p><p>\u00a0<\/p>\t\t\t\t\t\t\t\t<\/div>\n\t\t\t\t<\/div>\n\t\t\t\t\t<\/div>\n\t\t<\/div>\n\t\t\t\t\t<\/div>\n\t\t<\/section>\n\t\t\t\t<\/div>\n\t\t","protected":false},"excerpt":{"rendered":"<p>DE &#8211; Datenschutzrichtlinie f\u00fcr OHIS.BE Wir bei OHIS.BE nehmen den Schutz Ihrer Daten sehr ernst. Diese Datenschutzrichtlinie beschreibt, wie wir Ihre pers\u00f6nlichen Daten auf unserer Website erfassen, verwenden und sch\u00fctzen. Durch die Nutzung unserer Website erkl\u00e4ren Sie sich mit den in dieser Datenschutzrichtlinie beschriebenen Praktiken einverstanden. Informationen, die wir sammelnWir sammeln pers\u00f6nliche Daten, die Sie [&hellip;]<\/p>\n","protected":false},"author":49,"featured_media":0,"parent":0,"menu_order":47,"comment_status":"closed","ping_status":"closed","template":"","meta":{"_acf_changed":false,"inline_featured_image":false,"footnotes":""},"class_list":["post-28917","page","type-page","status-publish","hentry"],"acf":[],"yoast_head":"<!-- This site is optimized with the Yoast SEO plugin v27.4 - https:\/\/yoast.com\/product\/yoast-seo-wordpress\/ -->\n<title>Datenschutzpolitik - Ohis<\/title>\n<meta name=\"robots\" content=\"index, follow, max-snippet:-1, max-image-preview:large, max-video-preview:-1\" \/>\n<link rel=\"canonical\" href=\"https:\/\/www.ohis.be\/de\/datenschutzpolitik\/\" \/>\n<meta property=\"og:locale\" content=\"de_DE\" \/>\n<meta property=\"og:type\" content=\"article\" \/>\n<meta property=\"og:title\" content=\"Datenschutzpolitik - Ohis\" \/>\n<meta property=\"og:description\" content=\"DE &#8211; Datenschutzrichtlinie f\u00fcr OHIS.BE Wir bei OHIS.BE nehmen den Schutz Ihrer Daten sehr ernst. Diese Datenschutzrichtlinie beschreibt, wie wir Ihre pers\u00f6nlichen Daten auf unserer Website erfassen, verwenden und sch\u00fctzen. Durch die Nutzung unserer Website erkl\u00e4ren Sie sich mit den in dieser Datenschutzrichtlinie beschriebenen Praktiken einverstanden. Informationen, die wir sammelnWir sammeln pers\u00f6nliche Daten, die Sie [&hellip;]\" \/>\n<meta property=\"og:url\" content=\"https:\/\/www.ohis.be\/de\/datenschutzpolitik\/\" \/>\n<meta property=\"og:site_name\" content=\"Ohis\" \/>\n<meta property=\"article:modified_time\" content=\"2023-03-16T09:38:51+00:00\" \/>\n<meta name=\"twitter:card\" content=\"summary_large_image\" \/>\n<meta name=\"twitter:label1\" content=\"Gesch\u00e4tzte Lesezeit\" \/>\n\t<meta name=\"twitter:data1\" content=\"5\u00a0Minuten\" \/>\n<script type=\"application\/ld+json\" class=\"yoast-schema-graph\">{\"@context\":\"https:\\\/\\\/schema.org\",\"@graph\":[{\"@type\":\"WebPage\",\"@id\":\"https:\\\/\\\/www.ohis.be\\\/de\\\/datenschutzpolitik\\\/\",\"url\":\"https:\\\/\\\/www.ohis.be\\\/de\\\/datenschutzpolitik\\\/\",\"name\":\"Datenschutzpolitik - Ohis\",\"isPartOf\":{\"@id\":\"https:\\\/\\\/www.ohis.be\\\/#website\"},\"datePublished\":\"2023-03-13T12:43:41+00:00\",\"dateModified\":\"2023-03-16T09:38:51+00:00\",\"breadcrumb\":{\"@id\":\"https:\\\/\\\/www.ohis.be\\\/de\\\/datenschutzpolitik\\\/#breadcrumb\"},\"inLanguage\":\"de\",\"potentialAction\":[{\"@type\":\"ReadAction\",\"target\":[\"https:\\\/\\\/www.ohis.be\\\/de\\\/datenschutzpolitik\\\/\"]}]},{\"@type\":\"BreadcrumbList\",\"@id\":\"https:\\\/\\\/www.ohis.be\\\/de\\\/datenschutzpolitik\\\/#breadcrumb\",\"itemListElement\":[{\"@type\":\"ListItem\",\"position\":1,\"name\":\"Accueil\",\"item\":\"https:\\\/\\\/www.ohis.be\\\/de\\\/\"},{\"@type\":\"ListItem\",\"position\":2,\"name\":\"Datenschutzpolitik\"}]},{\"@type\":\"WebSite\",\"@id\":\"https:\\\/\\\/www.ohis.be\\\/#website\",\"url\":\"https:\\\/\\\/www.ohis.be\\\/\",\"name\":\"Ohis\",\"description\":\"Outils de levage\",\"publisher\":{\"@id\":\"https:\\\/\\\/www.ohis.be\\\/#organization\"},\"potentialAction\":[{\"@type\":\"SearchAction\",\"target\":{\"@type\":\"EntryPoint\",\"urlTemplate\":\"https:\\\/\\\/www.ohis.be\\\/?s={search_term_string}\"},\"query-input\":{\"@type\":\"PropertyValueSpecification\",\"valueRequired\":true,\"valueName\":\"search_term_string\"}}],\"inLanguage\":\"de\"},{\"@type\":\"Organization\",\"@id\":\"https:\\\/\\\/www.ohis.be\\\/#organization\",\"name\":\"Ohis\",\"url\":\"https:\\\/\\\/www.ohis.be\\\/\",\"logo\":{\"@type\":\"ImageObject\",\"inLanguage\":\"de\",\"@id\":\"https:\\\/\\\/www.ohis.be\\\/#\\\/schema\\\/logo\\\/image\\\/\",\"url\":\"https:\\\/\\\/www.ohis.be\\\/wp-content\\\/uploads\\\/2021\\\/02\\\/logo-ohis-wit.svg\",\"contentUrl\":\"https:\\\/\\\/www.ohis.be\\\/wp-content\\\/uploads\\\/2021\\\/02\\\/logo-ohis-wit.svg\",\"caption\":\"Ohis\"},\"image\":{\"@id\":\"https:\\\/\\\/www.ohis.be\\\/#\\\/schema\\\/logo\\\/image\\\/\"}}]}<\/script>\n<!-- \/ Yoast SEO plugin. -->","yoast_head_json":{"title":"Datenschutzpolitik - Ohis","robots":{"index":"index","follow":"follow","max-snippet":"max-snippet:-1","max-image-preview":"max-image-preview:large","max-video-preview":"max-video-preview:-1"},"canonical":"https:\/\/www.ohis.be\/de\/datenschutzpolitik\/","og_locale":"de_DE","og_type":"article","og_title":"Datenschutzpolitik - Ohis","og_description":"DE &#8211; Datenschutzrichtlinie f\u00fcr OHIS.BE Wir bei OHIS.BE nehmen den Schutz Ihrer Daten sehr ernst. Diese Datenschutzrichtlinie beschreibt, wie wir Ihre pers\u00f6nlichen Daten auf unserer Website erfassen, verwenden und sch\u00fctzen. Durch die Nutzung unserer Website erkl\u00e4ren Sie sich mit den in dieser Datenschutzrichtlinie beschriebenen Praktiken einverstanden. Informationen, die wir sammelnWir sammeln pers\u00f6nliche Daten, die Sie [&hellip;]","og_url":"https:\/\/www.ohis.be\/de\/datenschutzpolitik\/","og_site_name":"Ohis","article_modified_time":"2023-03-16T09:38:51+00:00","twitter_card":"summary_large_image","twitter_misc":{"Gesch\u00e4tzte Lesezeit":"5\u00a0Minuten"},"schema":{"@context":"https:\/\/schema.org","@graph":[{"@type":"WebPage","@id":"https:\/\/www.ohis.be\/de\/datenschutzpolitik\/","url":"https:\/\/www.ohis.be\/de\/datenschutzpolitik\/","name":"Datenschutzpolitik - Ohis","isPartOf":{"@id":"https:\/\/www.ohis.be\/#website"},"datePublished":"2023-03-13T12:43:41+00:00","dateModified":"2023-03-16T09:38:51+00:00","breadcrumb":{"@id":"https:\/\/www.ohis.be\/de\/datenschutzpolitik\/#breadcrumb"},"inLanguage":"de","potentialAction":[{"@type":"ReadAction","target":["https:\/\/www.ohis.be\/de\/datenschutzpolitik\/"]}]},{"@type":"BreadcrumbList","@id":"https:\/\/www.ohis.be\/de\/datenschutzpolitik\/#breadcrumb","itemListElement":[{"@type":"ListItem","position":1,"name":"Accueil","item":"https:\/\/www.ohis.be\/de\/"},{"@type":"ListItem","position":2,"name":"Datenschutzpolitik"}]},{"@type":"WebSite","@id":"https:\/\/www.ohis.be\/#website","url":"https:\/\/www.ohis.be\/","name":"Ohis","description":"Outils de levage","publisher":{"@id":"https:\/\/www.ohis.be\/#organization"},"potentialAction":[{"@type":"SearchAction","target":{"@type":"EntryPoint","urlTemplate":"https:\/\/www.ohis.be\/?s={search_term_string}"},"query-input":{"@type":"PropertyValueSpecification","valueRequired":true,"valueName":"search_term_string"}}],"inLanguage":"de"},{"@type":"Organization","@id":"https:\/\/www.ohis.be\/#organization","name":"Ohis","url":"https:\/\/www.ohis.be\/","logo":{"@type":"ImageObject","inLanguage":"de","@id":"https:\/\/www.ohis.be\/#\/schema\/logo\/image\/","url":"https:\/\/www.ohis.be\/wp-content\/uploads\/2021\/02\/logo-ohis-wit.svg","contentUrl":"https:\/\/www.ohis.be\/wp-content\/uploads\/2021\/02\/logo-ohis-wit.svg","caption":"Ohis"},"image":{"@id":"https:\/\/www.ohis.be\/#\/schema\/logo\/image\/"}}]}},"_links":{"self":[{"href":"https:\/\/www.ohis.be\/de\/wp-json\/wp\/v2\/pages\/28917","targetHints":{"allow":["GET"]}}],"collection":[{"href":"https:\/\/www.ohis.be\/de\/wp-json\/wp\/v2\/pages"}],"about":[{"href":"https:\/\/www.ohis.be\/de\/wp-json\/wp\/v2\/types\/page"}],"author":[{"embeddable":true,"href":"https:\/\/www.ohis.be\/de\/wp-json\/wp\/v2\/users\/49"}],"replies":[{"embeddable":true,"href":"https:\/\/www.ohis.be\/de\/wp-json\/wp\/v2\/comments?post=28917"}],"version-history":[{"count":0,"href":"https:\/\/www.ohis.be\/de\/wp-json\/wp\/v2\/pages\/28917\/revisions"}],"wp:attachment":[{"href":"https:\/\/www.ohis.be\/de\/wp-json\/wp\/v2\/media?parent=28917"}],"curies":[{"name":"wp","href":"https:\/\/api.w.org\/{rel}","templated":true}]}}